{"id":13525,"date":"2023-09-26T11:29:53","date_gmt":"2023-09-26T08:29:53","guid":{"rendered":"https:\/\/icdp.ro\/?page_id=13525"},"modified":"2023-09-26T11:29:53","modified_gmt":"2023-09-26T08:29:53","slug":"obiective","status":"publish","type":"page","link":"https:\/\/icdp.ro\/en\/cercetare\/proiecte-nationale\/plan-sectorial-madr\/ader-6-3-3\/obiective\/","title":{"rendered":"Objectives"},"content":{"rendered":"<h5>Objectives<\/h5>\n<p>&#8211; Alc\u0103tuirea unor cartograme tematice la nivelul Rom\u00e2niei privind fenomenele meteorologice extreme (ger, \u00eenghe\u021buri timpurii \u0219i t\u00e2rzii, secet\u0103, excedente de precipita\u021bii, grindin\u0103, vijelii etc.) cu impact nefavorabil asupra produc\u021biei pomicole;<br \/>\n&#8211; Zonarea actualizat\u0103 a speciilor pomicole din Rom\u00e2nia, pe baza resurselor pedoclimatice curente \u0219i a scenariilor previzibile, prin aplicarea metodologiei de bonitare, cu ajutorul unor modele probabilistice \u0219i a unor indicatori climatici \u0219i fiziologici specifici;<br \/>\n&#8211; \u00centocmirea unor metodologii \u00eembun\u0103t\u0103\u021bite pentru proiectarea noilor planta\u021bii;<br \/>\n&#8211; Publicarea unui ghid de bune practici agricole \u0219i de mediu actualizat privind zonele de maxim\u0103 favorabilitate pentru amplasarea speciilor pomicole pe teritoriul Rom\u00e2niei.<\/p>\n<p>&nbsp;<\/p>","protected":false},"excerpt":{"rendered":"<p>Obiective &#8211; Alc\u0103tuirea unor cartograme tematice la nivelul Rom\u00e2niei privind fenomenele meteorologice extreme (ger, \u00eenghe\u021buri timpurii \u0219i t\u00e2rzii, secet\u0103, excedente de precipita\u021bii, grindin\u0103, vijelii etc.) cu impact nefavorabil asupra produc\u021biei pomicole; &#8211; Zonarea actualizat\u0103 a speciilor pomicole din Rom\u00e2nia, pe baza resurselor pedoclimatice curente \u0219i a scenariilor previzibile, prin aplicarea metodologiei de bonitare, cu ajutorul  [&#8230;]<\/p>\n","protected":false},"author":1,"featured_media":0,"parent":13518,"menu_order":3,"comment_status":"closed","ping_status":"closed","template":"","meta":{"ngg_post_thumbnail":0,"footnotes":""},"categories":[],"tags":[],"class_list":["post-13525","page","type-page","status-publish","hentry"],"_links":{"self":[{"href":"https:\/\/icdp.ro\/en\/wp-json\/wp\/v2\/pages\/13525","targetHints":{"allow":["GET"]}}],"collection":[{"href":"https:\/\/icdp.ro\/en\/wp-json\/wp\/v2\/pages"}],"about":[{"href":"https:\/\/icdp.ro\/en\/wp-json\/wp\/v2\/types\/page"}],"author":[{"embeddable":true,"href":"https:\/\/icdp.ro\/en\/wp-json\/wp\/v2\/users\/1"}],"replies":[{"embeddable":true,"href":"https:\/\/icdp.ro\/en\/wp-json\/wp\/v2\/comments?post=13525"}],"version-history":[{"count":1,"href":"https:\/\/icdp.ro\/en\/wp-json\/wp\/v2\/pages\/13525\/revisions"}],"predecessor-version":[{"id":13526,"href":"https:\/\/icdp.ro\/en\/wp-json\/wp\/v2\/pages\/13525\/revisions\/13526"}],"up":[{"embeddable":true,"href":"https:\/\/icdp.ro\/en\/wp-json\/wp\/v2\/pages\/13518"}],"wp:attachment":[{"href":"https:\/\/icdp.ro\/en\/wp-json\/wp\/v2\/media?parent=13525"}],"wp:term":[{"taxonomy":"category","embeddable":true,"href":"https:\/\/icdp.ro\/en\/wp-json\/wp\/v2\/categories?post=13525"},{"taxonomy":"post_tag","embeddable":true,"href":"https:\/\/icdp.ro\/en\/wp-json\/wp\/v2\/tags?post=13525"}],"curies":[{"name":"wp","href":"https:\/\/api.w.org\/{rel}","templated":true}]}}