{"id":13516,"date":"2023-09-26T11:26:04","date_gmt":"2023-09-26T08:26:04","guid":{"rendered":"https:\/\/icdp.ro\/?page_id=13516"},"modified":"2025-11-01T13:57:11","modified_gmt":"2025-11-01T11:57:11","slug":"activitati","status":"publish","type":"page","link":"https:\/\/icdp.ro\/en\/cercetare\/proiecte-nationale\/plan-sectorial-madr\/ader-6-3-22\/activitati\/","title":{"rendered":"Activitati"},"content":{"rendered":"<h5>Activitati<\/h5>\n<p>Faza I: Documentare \u015fi realizarea unei baze de date suport \u00een scopul elabor\u0103rii de noi ipoteze de lucru privind metodele, verigile \u0219i tehnologiile ecologice \u00een pomicultur\u0103<br \/>\nTermen raportare: 31.10.2023<\/p>\n<div class=\"fusion-button-wrapper\"><a class=\"fusion-button button-flat fusion-button-default-size button-default fusion-button-default button-1 fusion-button-default-span fusion-button-default-type\" style=\"--button-border-radius-top-left:0;--button-border-radius-top-right:0;--button-border-radius-bottom-right:0;--button-border-radius-bottom-left:0;\" target=\"_self\" href=\"https:\/\/icdp.ro\/wp-content\/uploads\/2025\/11\/Prezentare-ADER-6.3.22-etapa-I.pdf\"><span class=\"fusion-button-text awb-button__text awb-button__text--default\">Detalii faza 1<\/span><\/a><\/div>\n<p>&nbsp;<\/p>\n<p>Faza II: Realizarea, experimentarea modelelor propuse \u015fi evaluarea impactului aplic\u0103rii variantelor experimentale privind tehnologiile ecologice&nbsp; de exploatare a speciilor pomicole \u00een anul I de studiu<br \/>\nTermen raportare: 30.10.2024<\/p>\n<div class=\"fusion-button-wrapper\"><a class=\"fusion-button button-flat fusion-button-default-size button-default fusion-button-default button-2 fusion-button-default-span fusion-button-default-type\" style=\"--button-border-radius-top-left:0;--button-border-radius-top-right:0;--button-border-radius-bottom-right:0;--button-border-radius-bottom-left:0;\" target=\"_self\" href=\"https:\/\/icdp.ro\/wp-content\/uploads\/2025\/11\/Prezentare-ADER-6.3.22-Etapa-II.pdf\"><span class=\"fusion-button-text awb-button__text awb-button__text--default\">Detalii faza 2<\/span><\/a><\/div>\n<p>&nbsp;<\/p>\n<p>Faza III: Experimentarea \u015fi evaluarea impactului aplic\u0103rii variantelor experimentale privind optimizarea secven\u0163elor tehnologice luate \u00een studiu \u00een anul II de experimentare. Verificarea reproductibilit\u0103\u0163ii parametrilor \u0219i indicatorilor ob\u021binu\u021bi \u00een primul an de experimentare \u015fi definitivarea bazei de date, \u00een vederea elabor\u0103rii \u015fi disemin\u0103rii rezultatelor finale ale proiectului.<br \/>\nTermen raportare: 31.10.2025<\/p>\n<div class=\"fusion-button-wrapper\"><a class=\"fusion-button button-flat fusion-button-default-size button-default fusion-button-default button-3 fusion-button-default-span fusion-button-default-type\" style=\"--button-border-radius-top-left:0;--button-border-radius-top-right:0;--button-border-radius-bottom-right:0;--button-border-radius-bottom-left:0;\" target=\"_self\" href=\"https:\/\/icdp.ro\/wp-content\/uploads\/2025\/11\/Prezentare-ADER-6.3.22-Faza-3-2025.pdf\"><span class=\"fusion-button-text awb-button__text awb-button__text--default\">Detalii faza 3<\/span><\/a><\/div>\n<p>&nbsp;<\/p>\n<p>Faza IV<strong>: <\/strong>Definitivare baz\u0103 de date, ca documenta\u0163ie tehnic\u0103 suport, pentru fundamentarea&nbsp; \u015ftiin\u0163ific\u0103 a tehnologiilor ecologice \u00een pomicultur\u0103. Elaborarea tehnologiilor ecologice. Elaborarea eficien\u021biei tehnico-economice a tehnologiilor ecologice.<br \/>\nTermen raportare: 30.06.2026<\/p>\n<p>&nbsp;<\/p>","protected":false},"excerpt":{"rendered":"<p>Activitati Faza I: Documentare \u015fi realizarea unei baze de date suport \u00een scopul elabor\u0103rii de noi ipoteze de lucru privind metodele, verigile \u0219i tehnologiile ecologice \u00een pomicultur\u0103 Termen raportare: 31.10.2023 &nbsp; Faza II: Realizarea, experimentarea modelelor propuse \u015fi evaluarea impactului aplic\u0103rii variantelor experimentale privind tehnologiile ecologice&nbsp; de exploatare a speciilor pomicole \u00een anul I de  [&#8230;]<\/p>\n","protected":false},"author":1,"featured_media":0,"parent":13505,"menu_order":4,"comment_status":"closed","ping_status":"closed","template":"","meta":{"ngg_post_thumbnail":0,"footnotes":""},"categories":[],"tags":[],"class_list":["post-13516","page","type-page","status-publish","hentry"],"_links":{"self":[{"href":"https:\/\/icdp.ro\/en\/wp-json\/wp\/v2\/pages\/13516","targetHints":{"allow":["GET"]}}],"collection":[{"href":"https:\/\/icdp.ro\/en\/wp-json\/wp\/v2\/pages"}],"about":[{"href":"https:\/\/icdp.ro\/en\/wp-json\/wp\/v2\/types\/page"}],"author":[{"embeddable":true,"href":"https:\/\/icdp.ro\/en\/wp-json\/wp\/v2\/users\/1"}],"replies":[{"embeddable":true,"href":"https:\/\/icdp.ro\/en\/wp-json\/wp\/v2\/comments?post=13516"}],"version-history":[{"count":4,"href":"https:\/\/icdp.ro\/en\/wp-json\/wp\/v2\/pages\/13516\/revisions"}],"predecessor-version":[{"id":14892,"href":"https:\/\/icdp.ro\/en\/wp-json\/wp\/v2\/pages\/13516\/revisions\/14892"}],"up":[{"embeddable":true,"href":"https:\/\/icdp.ro\/en\/wp-json\/wp\/v2\/pages\/13505"}],"wp:attachment":[{"href":"https:\/\/icdp.ro\/en\/wp-json\/wp\/v2\/media?parent=13516"}],"wp:term":[{"taxonomy":"category","embeddable":true,"href":"https:\/\/icdp.ro\/en\/wp-json\/wp\/v2\/categories?post=13516"},{"taxonomy":"post_tag","embeddable":true,"href":"https:\/\/icdp.ro\/en\/wp-json\/wp\/v2\/tags?post=13516"}],"curies":[{"name":"wp","href":"https:\/\/api.w.org\/{rel}","templated":true}]}}