{"id":13511,"date":"2023-09-26T11:23:35","date_gmt":"2023-09-26T08:23:35","guid":{"rendered":"https:\/\/icdp.ro\/?page_id=13511"},"modified":"2023-09-26T11:23:35","modified_gmt":"2023-09-26T08:23:35","slug":"obiective","status":"publish","type":"page","link":"https:\/\/icdp.ro\/en\/cercetare\/proiecte-nationale\/plan-sectorial-madr\/ader-6-3-22\/obiective\/","title":{"rendered":"Objectives"},"content":{"rendered":"<h5>Objectives<\/h5>\n<p>&#8211; Dezvoltarea \u015fi implementarea&nbsp; unor tehnologii inovative de pomicultur\u0103 ecologic\u0103 care s\u0103 valorifice superior poten\u021bialul genetic al unor specii pomicole, condi\u021biile de mediu, experien\u021ba tehnico-\u015ftiin\u0163ific\u0103 acumulat\u0103;<br \/>\n&#8211; Reducerea consumului de inputuri conven\u021bionale \u015fi diminuarea impactului tehnologiilor pomicole asupra mediului;<br \/>\n&#8211; Cre\u0219terea coeziunii grupurilor de pomicultori \u015fi ob\u021binerea avantajului competitiv al fructelor \u015fi&nbsp; produselor ecologice pe pia\u021ba produselor horticole.<\/p>","protected":false},"excerpt":{"rendered":"<p>Obiective &#8211; Dezvoltarea \u015fi implementarea&nbsp; unor tehnologii inovative de pomicultur\u0103 ecologic\u0103 care s\u0103 valorifice superior poten\u021bialul genetic al unor specii pomicole, condi\u021biile de mediu, experien\u021ba tehnico-\u015ftiin\u0163ific\u0103 acumulat\u0103; &#8211; Reducerea consumului de inputuri conven\u021bionale \u015fi diminuarea impactului tehnologiilor pomicole asupra mediului; &#8211; Cre\u0219terea coeziunii grupurilor de pomicultori \u015fi ob\u021binerea avantajului competitiv al fructelor \u015fi&nbsp; produselor ecologice  [&#8230;]<\/p>\n","protected":false},"author":1,"featured_media":0,"parent":13505,"menu_order":2,"comment_status":"closed","ping_status":"closed","template":"","meta":{"ngg_post_thumbnail":0,"footnotes":""},"categories":[],"tags":[],"class_list":["post-13511","page","type-page","status-publish","hentry"],"_links":{"self":[{"href":"https:\/\/icdp.ro\/en\/wp-json\/wp\/v2\/pages\/13511","targetHints":{"allow":["GET"]}}],"collection":[{"href":"https:\/\/icdp.ro\/en\/wp-json\/wp\/v2\/pages"}],"about":[{"href":"https:\/\/icdp.ro\/en\/wp-json\/wp\/v2\/types\/page"}],"author":[{"embeddable":true,"href":"https:\/\/icdp.ro\/en\/wp-json\/wp\/v2\/users\/1"}],"replies":[{"embeddable":true,"href":"https:\/\/icdp.ro\/en\/wp-json\/wp\/v2\/comments?post=13511"}],"version-history":[{"count":1,"href":"https:\/\/icdp.ro\/en\/wp-json\/wp\/v2\/pages\/13511\/revisions"}],"predecessor-version":[{"id":13512,"href":"https:\/\/icdp.ro\/en\/wp-json\/wp\/v2\/pages\/13511\/revisions\/13512"}],"up":[{"embeddable":true,"href":"https:\/\/icdp.ro\/en\/wp-json\/wp\/v2\/pages\/13505"}],"wp:attachment":[{"href":"https:\/\/icdp.ro\/en\/wp-json\/wp\/v2\/media?parent=13511"}],"wp:term":[{"taxonomy":"category","embeddable":true,"href":"https:\/\/icdp.ro\/en\/wp-json\/wp\/v2\/categories?post=13511"},{"taxonomy":"post_tag","embeddable":true,"href":"https:\/\/icdp.ro\/en\/wp-json\/wp\/v2\/tags?post=13511"}],"curies":[{"name":"wp","href":"https:\/\/api.w.org\/{rel}","templated":true}]}}