{"id":13507,"date":"2023-09-26T11:21:30","date_gmt":"2023-09-26T08:21:30","guid":{"rendered":"https:\/\/icdp.ro\/?page_id=13507"},"modified":"2023-09-26T11:21:42","modified_gmt":"2023-09-26T08:21:42","slug":"rezumat","status":"publish","type":"page","link":"https:\/\/icdp.ro\/en\/cercetare\/proiecte-nationale\/plan-sectorial-madr\/ader-6-3-22\/rezumat\/","title":{"rendered":"Rezumat"},"content":{"rendered":"<h5>Rezumat<\/h5>\n<p>\u00cen ultimul deceniu exist\u0103 un interes ridicat al consumatorilor pentru fructele \u015fi derivatele lor, ob\u021binute \u00een sistem de produc\u021bie ecologic.<br \/>\nDrept urmare, \u00een ultimii ani, au ap\u0103rut \u015fi au fost testate diverse sisteme \u015fi mijloace de combatere biologic\u0103, destinate ob\u021binerii de fructe cu valoare nutritiv\u0103 deosebit\u0103.<br \/>\nProiectul urm\u0103re\u0219te elaborarea \u015fi dezvoltarea unor tehnologii inovative de pomicultur\u0103 ecologic\u0103 care s\u0103 valorifice superior condi\u021biile de mediu, experien\u021ba tehnico-\u0219tiin\u021bific\u0103 acumulat\u0103 \u015fi cerin\u021bele pie\u021bei, \u00een continu\u0103 cre\u0219tere.<\/p>","protected":false},"excerpt":{"rendered":"<p>Rezumat \u00cen ultimul deceniu exist\u0103 un interes ridicat al consumatorilor pentru fructele \u015fi derivatele lor, ob\u021binute \u00een sistem de produc\u021bie ecologic. Drept urmare, \u00een ultimii ani, au ap\u0103rut \u015fi au fost testate diverse sisteme \u015fi mijloace de combatere biologic\u0103, destinate ob\u021binerii de fructe cu valoare nutritiv\u0103 deosebit\u0103. Proiectul urm\u0103re\u0219te elaborarea \u015fi dezvoltarea unor tehnologii inovative  [&#8230;]<\/p>\n","protected":false},"author":1,"featured_media":0,"parent":13505,"menu_order":0,"comment_status":"closed","ping_status":"closed","template":"","meta":{"ngg_post_thumbnail":0,"footnotes":""},"categories":[],"tags":[],"class_list":["post-13507","page","type-page","status-publish","hentry"],"_links":{"self":[{"href":"https:\/\/icdp.ro\/en\/wp-json\/wp\/v2\/pages\/13507","targetHints":{"allow":["GET"]}}],"collection":[{"href":"https:\/\/icdp.ro\/en\/wp-json\/wp\/v2\/pages"}],"about":[{"href":"https:\/\/icdp.ro\/en\/wp-json\/wp\/v2\/types\/page"}],"author":[{"embeddable":true,"href":"https:\/\/icdp.ro\/en\/wp-json\/wp\/v2\/users\/1"}],"replies":[{"embeddable":true,"href":"https:\/\/icdp.ro\/en\/wp-json\/wp\/v2\/comments?post=13507"}],"version-history":[{"count":1,"href":"https:\/\/icdp.ro\/en\/wp-json\/wp\/v2\/pages\/13507\/revisions"}],"predecessor-version":[{"id":13508,"href":"https:\/\/icdp.ro\/en\/wp-json\/wp\/v2\/pages\/13507\/revisions\/13508"}],"up":[{"embeddable":true,"href":"https:\/\/icdp.ro\/en\/wp-json\/wp\/v2\/pages\/13505"}],"wp:attachment":[{"href":"https:\/\/icdp.ro\/en\/wp-json\/wp\/v2\/media?parent=13507"}],"wp:term":[{"taxonomy":"category","embeddable":true,"href":"https:\/\/icdp.ro\/en\/wp-json\/wp\/v2\/categories?post=13507"},{"taxonomy":"post_tag","embeddable":true,"href":"https:\/\/icdp.ro\/en\/wp-json\/wp\/v2\/tags?post=13507"}],"curies":[{"name":"wp","href":"https:\/\/api.w.org\/{rel}","templated":true}]}}