{"id":13499,"date":"2023-09-26T11:01:47","date_gmt":"2023-09-26T08:01:47","guid":{"rendered":"https:\/\/icdp.ro\/?page_id=13499"},"modified":"2023-09-26T11:01:47","modified_gmt":"2023-09-26T08:01:47","slug":"obiective","status":"publish","type":"page","link":"https:\/\/icdp.ro\/en\/cercetare\/proiecte-nationale\/plan-sectorial-madr\/ader-6-1-9\/obiective\/","title":{"rendered":"Objectives"},"content":{"rendered":"<h5>Objectives<\/h5>\n<p>&#8211; Conservarea, sporirea \u0219i protec\u021bia diversit\u0103\u021bii speciilor (flor\u0103 \u0219i faun\u0103 util\u0103) \u00een&nbsp; planta\u021biile pomicole;<br \/>\n&#8211; Eficientizarea programelor de combatere a bolilor \u0219i d\u0103un\u0103torilor prin atragerea unor variet\u0103\u021bii de specii benefice culturilor pomicole;<br \/>\n&#8211; Protec\u021bia durabil\u0103 \u0219i eficient\u0103 a mediului \u00eenconjur\u0103tor;<br \/>\n&#8211; Imbun\u0103t\u0103\u021birea structurii solului, prevenirea eroziunii, reducerea pierderilor de ap\u0103 prin evaporare;<br \/>\n&#8211; Identificarea practicilor pomicole durabile cu scopul \u00eembun\u0103t\u0103\u021birii serviciilor ecosistemice.<\/p>","protected":false},"excerpt":{"rendered":"<p>Obiective &#8211; Conservarea, sporirea \u0219i protec\u021bia diversit\u0103\u021bii speciilor (flor\u0103 \u0219i faun\u0103 util\u0103) \u00een&nbsp; planta\u021biile pomicole; &#8211; Eficientizarea programelor de combatere a bolilor \u0219i d\u0103un\u0103torilor prin atragerea unor variet\u0103\u021bii de specii benefice culturilor pomicole; &#8211; Protec\u021bia durabil\u0103 \u0219i eficient\u0103 a mediului \u00eenconjur\u0103tor; &#8211; Imbun\u0103t\u0103\u021birea structurii solului, prevenirea eroziunii, reducerea pierderilor de ap\u0103 prin evaporare; &#8211; Identificarea  [&#8230;]<\/p>\n","protected":false},"author":1,"featured_media":0,"parent":13492,"menu_order":2,"comment_status":"closed","ping_status":"closed","template":"","meta":{"ngg_post_thumbnail":0,"footnotes":""},"categories":[],"tags":[],"class_list":["post-13499","page","type-page","status-publish","hentry"],"_links":{"self":[{"href":"https:\/\/icdp.ro\/en\/wp-json\/wp\/v2\/pages\/13499","targetHints":{"allow":["GET"]}}],"collection":[{"href":"https:\/\/icdp.ro\/en\/wp-json\/wp\/v2\/pages"}],"about":[{"href":"https:\/\/icdp.ro\/en\/wp-json\/wp\/v2\/types\/page"}],"author":[{"embeddable":true,"href":"https:\/\/icdp.ro\/en\/wp-json\/wp\/v2\/users\/1"}],"replies":[{"embeddable":true,"href":"https:\/\/icdp.ro\/en\/wp-json\/wp\/v2\/comments?post=13499"}],"version-history":[{"count":1,"href":"https:\/\/icdp.ro\/en\/wp-json\/wp\/v2\/pages\/13499\/revisions"}],"predecessor-version":[{"id":13500,"href":"https:\/\/icdp.ro\/en\/wp-json\/wp\/v2\/pages\/13499\/revisions\/13500"}],"up":[{"embeddable":true,"href":"https:\/\/icdp.ro\/en\/wp-json\/wp\/v2\/pages\/13492"}],"wp:attachment":[{"href":"https:\/\/icdp.ro\/en\/wp-json\/wp\/v2\/media?parent=13499"}],"wp:term":[{"taxonomy":"category","embeddable":true,"href":"https:\/\/icdp.ro\/en\/wp-json\/wp\/v2\/categories?post=13499"},{"taxonomy":"post_tag","embeddable":true,"href":"https:\/\/icdp.ro\/en\/wp-json\/wp\/v2\/tags?post=13499"}],"curies":[{"name":"wp","href":"https:\/\/api.w.org\/{rel}","templated":true}]}}