{"id":13494,"date":"2023-09-26T10:58:50","date_gmt":"2023-09-26T07:58:50","guid":{"rendered":"https:\/\/icdp.ro\/?page_id=13494"},"modified":"2023-09-26T11:00:55","modified_gmt":"2023-09-26T08:00:55","slug":"rezumat","status":"publish","type":"page","link":"https:\/\/icdp.ro\/en\/cercetare\/proiecte-nationale\/plan-sectorial-madr\/ader-6-1-9\/rezumat\/","title":{"rendered":"Rezumat"},"content":{"rendered":"<h5>Rezumat<\/h5>\n<p>Proiectul vine \u00een sprijinul ecoschemelor privind \u00eenierbarea \u00eentre r\u00e2ndurile din planta\u021biile pomicole, inclusiv din sectorul pepinieristic, oferind solu\u021bii viabile fermierilor activi, care practic\u0103 o pomicultur\u0103 modern\u0103, dar \u00een acela\u0219i timp, prietenoas\u0103 cu mediul.<\/p>\n<p>Obiectivul general al proiectului vizeaz\u0103 realizarea unui ecosistem pomicol sustenabil, prin identificarea \u0219i introducerea \u00een planta\u021biile pomicole a unor specii benefice (benzi florale, plante acoperitoare, plante sanitar \u0219i acompaniatoare), precum \u0219i a elementelor tehnologice care permit crearea acestui ecosistem.<\/p>\n<p>In contextul actual al extinderii planta\u021biilor pomicole pe \u00eentreg teritoriul \u021b\u0103rii, din zona de deal p\u00e2n\u0103 la c\u00e2mpie, utilizarea intensiv\u0103 \u0219i dominat\u0103 de monoculturi cu o durat\u0103 de exploatare de peste 12 ani, utilizarea \u00eengr\u0103\u0219\u0103mintelor chimice \u0219i a produselor de protec\u021bie a plantelor pomicole cu impact nefavorabil asupra mediului \u00eenconjur\u0103tor, se impune \u00eembun\u0103t\u0103\u021birea serviciilor ecosistemice \u0219i protejarea mediului, prin g\u0103sirea de solu\u0163ii alternative de minimizare a factorilor de presiune cu efecte negative asupra biodiversit\u0103\u021bii cum ar fi mecanizarea \u0219i intensivizarea pomiculturii prin cre\u0219terea num\u0103rului de pomi la unitatea de suprafa\u021b\u0103, reducerea distan\u021bei dintre r\u00e2nduri \u0219i pomi pe r\u00e2nd, implementarea sistemelor moderne de cultur\u0103, etc.<\/p>","protected":false},"excerpt":{"rendered":"<p>Rezumat Proiectul vine \u00een sprijinul ecoschemelor privind \u00eenierbarea \u00eentre r\u00e2ndurile din planta\u021biile pomicole, inclusiv din sectorul pepinieristic, oferind solu\u021bii viabile fermierilor activi, care practic\u0103 o pomicultur\u0103 modern\u0103, dar \u00een acela\u0219i timp, prietenoas\u0103 cu mediul. Obiectivul general al proiectului vizeaz\u0103 realizarea unui ecosistem pomicol sustenabil, prin identificarea \u0219i introducerea \u00een planta\u021biile pomicole a unor specii benefice  [&#8230;]<\/p>\n","protected":false},"author":1,"featured_media":0,"parent":13492,"menu_order":0,"comment_status":"closed","ping_status":"closed","template":"","meta":{"ngg_post_thumbnail":0,"footnotes":""},"categories":[],"tags":[],"class_list":["post-13494","page","type-page","status-publish","hentry"],"_links":{"self":[{"href":"https:\/\/icdp.ro\/en\/wp-json\/wp\/v2\/pages\/13494","targetHints":{"allow":["GET"]}}],"collection":[{"href":"https:\/\/icdp.ro\/en\/wp-json\/wp\/v2\/pages"}],"about":[{"href":"https:\/\/icdp.ro\/en\/wp-json\/wp\/v2\/types\/page"}],"author":[{"embeddable":true,"href":"https:\/\/icdp.ro\/en\/wp-json\/wp\/v2\/users\/1"}],"replies":[{"embeddable":true,"href":"https:\/\/icdp.ro\/en\/wp-json\/wp\/v2\/comments?post=13494"}],"version-history":[{"count":2,"href":"https:\/\/icdp.ro\/en\/wp-json\/wp\/v2\/pages\/13494\/revisions"}],"predecessor-version":[{"id":13498,"href":"https:\/\/icdp.ro\/en\/wp-json\/wp\/v2\/pages\/13494\/revisions\/13498"}],"up":[{"embeddable":true,"href":"https:\/\/icdp.ro\/en\/wp-json\/wp\/v2\/pages\/13492"}],"wp:attachment":[{"href":"https:\/\/icdp.ro\/en\/wp-json\/wp\/v2\/media?parent=13494"}],"wp:term":[{"taxonomy":"category","embeddable":true,"href":"https:\/\/icdp.ro\/en\/wp-json\/wp\/v2\/categories?post=13494"},{"taxonomy":"post_tag","embeddable":true,"href":"https:\/\/icdp.ro\/en\/wp-json\/wp\/v2\/tags?post=13494"}],"curies":[{"name":"wp","href":"https:\/\/api.w.org\/{rel}","templated":true}]}}