{"id":13488,"date":"2023-09-26T10:53:23","date_gmt":"2023-09-26T07:53:23","guid":{"rendered":"https:\/\/icdp.ro\/?page_id=13488"},"modified":"2023-09-26T10:53:23","modified_gmt":"2023-09-26T07:53:23","slug":"consortiu","status":"publish","type":"page","link":"https:\/\/icdp.ro\/en\/cercetare\/proiecte-nationale\/plan-sectorial-madr\/ader-6-1-4\/consortiu\/","title":{"rendered":"Consortiu"},"content":{"rendered":"<h5>Consortiu<\/h5>\n<p><strong>Coordonator: <\/strong>Institutul de Cercetare-Dezvoltare pentru Pomicultur\u0103 Pite\u0219ti-M\u0103r\u0103cineni Arge\u0219<\/p>\n<p><strong>Parteneri<\/strong>:<\/p>\n<p>P1 \u2013 Sta\u021biunea de Cercetare-Dezvoltare pentru Pomicultur\u0103 Bistri\u021ba<\/p>\n<p>&nbsp;&nbsp;&nbsp;&nbsp;&nbsp;&nbsp;&nbsp;&nbsp;&nbsp; Responsabil: drd. ing. Guzu Georgeta, cercet\u0103tor \u0219tiin\u021bific gr. III<\/p>\n<p>&nbsp;&nbsp;&nbsp;&nbsp;&nbsp;&nbsp;&nbsp;&nbsp;&nbsp; <a href=\"https:\/\/www.scdp-bistrita.ro\/\">https:\/\/www.scdp-bistrita.ro\/<\/a><\/p>\n<p>P2 \u2013 Universitatea de \u0218tiin\u021be Agricole \u0219i Medicin\u0103 Veterinar\u0103 Cluj<\/p>\n<p>&nbsp;&nbsp;&nbsp;&nbsp;&nbsp;&nbsp;&nbsp;&nbsp;&nbsp; Responsabil: dr. ing. Dan C\u0103t\u0103lina, \u0219ef lucr\u0103ri<\/p>\n<p>&nbsp;&nbsp;&nbsp;&nbsp;&nbsp;&nbsp;&nbsp;&nbsp;&nbsp; <a href=\"https:\/\/www.usamvcluj.ro\/\">https:\/\/www.usamvcluj.ro\/<\/a><\/p>\n<p>P3 &#8211; Universitatea de \u0218tiin\u021be Agricole \u0219i Medicin\u0103 Veterinar\u0103 Bucure\u0219ti<\/p>\n<p>&nbsp;&nbsp;&nbsp;&nbsp;&nbsp;&nbsp;&nbsp;&nbsp;&nbsp; Responsabil: dr. ing. B\u0103dulescu Liliana, profesor universitar<\/p>\n<p>&nbsp;&nbsp;&nbsp;&nbsp;&nbsp;&nbsp;&nbsp;&nbsp;&nbsp; <a href=\"https:\/\/usamv.ro\/index.php\/ro\/\">https:\/\/usamv.ro\/index.php\/ro\/<\/a><\/p>","protected":false},"excerpt":{"rendered":"<p>Consortiu Coordonator: Institutul de Cercetare-Dezvoltare pentru Pomicultur\u0103 Pite\u0219ti-M\u0103r\u0103cineni Arge\u0219 Parteneri: P1 \u2013 Sta\u021biunea de Cercetare-Dezvoltare pentru Pomicultur\u0103 Bistri\u021ba &nbsp;&nbsp;&nbsp;&nbsp;&nbsp;&nbsp;&nbsp;&nbsp;&nbsp; Responsabil: drd. ing. Guzu Georgeta, cercet\u0103tor \u0219tiin\u021bific gr. III &nbsp;&nbsp;&nbsp;&nbsp;&nbsp;&nbsp;&nbsp;&nbsp;&nbsp; https:\/\/www.scdp-bistrita.ro\/ P2 \u2013 Universitatea de \u0218tiin\u021be Agricole \u0219i Medicin\u0103 Veterinar\u0103 Cluj &nbsp;&nbsp;&nbsp;&nbsp;&nbsp;&nbsp;&nbsp;&nbsp;&nbsp; Responsabil: dr. ing. Dan C\u0103t\u0103lina, \u0219ef lucr\u0103ri &nbsp;&nbsp;&nbsp;&nbsp;&nbsp;&nbsp;&nbsp;&nbsp;&nbsp; https:\/\/www.usamvcluj.ro\/ P3 &#8211; Universitatea de \u0218tiin\u021be  [&#8230;]<\/p>\n","protected":false},"author":1,"featured_media":0,"parent":13479,"menu_order":3,"comment_status":"closed","ping_status":"closed","template":"","meta":{"ngg_post_thumbnail":0,"footnotes":""},"categories":[],"tags":[],"class_list":["post-13488","page","type-page","status-publish","hentry"],"_links":{"self":[{"href":"https:\/\/icdp.ro\/en\/wp-json\/wp\/v2\/pages\/13488","targetHints":{"allow":["GET"]}}],"collection":[{"href":"https:\/\/icdp.ro\/en\/wp-json\/wp\/v2\/pages"}],"about":[{"href":"https:\/\/icdp.ro\/en\/wp-json\/wp\/v2\/types\/page"}],"author":[{"embeddable":true,"href":"https:\/\/icdp.ro\/en\/wp-json\/wp\/v2\/users\/1"}],"replies":[{"embeddable":true,"href":"https:\/\/icdp.ro\/en\/wp-json\/wp\/v2\/comments?post=13488"}],"version-history":[{"count":1,"href":"https:\/\/icdp.ro\/en\/wp-json\/wp\/v2\/pages\/13488\/revisions"}],"predecessor-version":[{"id":13489,"href":"https:\/\/icdp.ro\/en\/wp-json\/wp\/v2\/pages\/13488\/revisions\/13489"}],"up":[{"embeddable":true,"href":"https:\/\/icdp.ro\/en\/wp-json\/wp\/v2\/pages\/13479"}],"wp:attachment":[{"href":"https:\/\/icdp.ro\/en\/wp-json\/wp\/v2\/media?parent=13488"}],"wp:term":[{"taxonomy":"category","embeddable":true,"href":"https:\/\/icdp.ro\/en\/wp-json\/wp\/v2\/categories?post=13488"},{"taxonomy":"post_tag","embeddable":true,"href":"https:\/\/icdp.ro\/en\/wp-json\/wp\/v2\/tags?post=13488"}],"curies":[{"name":"wp","href":"https:\/\/api.w.org\/{rel}","templated":true}]}}