{"id":13481,"date":"2023-09-26T10:44:02","date_gmt":"2023-09-26T07:44:02","guid":{"rendered":"https:\/\/icdp.ro\/?page_id=13481"},"modified":"2023-09-26T10:44:36","modified_gmt":"2023-09-26T07:44:36","slug":"rezumat","status":"publish","type":"page","link":"https:\/\/icdp.ro\/en\/cercetare\/proiecte-nationale\/plan-sectorial-madr\/ader-6-1-4\/rezumat\/","title":{"rendered":"Rezumat"},"content":{"rendered":"<h5>Rezumat<\/h5>\n<p>Programul European de Resurse Genetice Vegetale, la care Rom\u00e2nia este membr\u0103 \u00eenc\u0103 din 1994, sprijin\u0103 programele na\u021bionale de conservare a resurselor genetice pomicole, iar Catalogul European de Resurse Genetice Vegetale (EURISCO) ofer\u0103 informa\u021bii despre germoplasma pomicol\u0103 conservat\u0103. De asemenea, conservarea \u0219i utilizarea resurselor genetice pomicole sunt o precondi\u021bie pentru securitatea alimentar\u0103 \u0219i pentru adaptarea pomiculturii la schimb\u0103rile climatice, \u00een paralel cu nevoia de protec\u021bie a mediului \u00eenconjur\u0103tor. Limitarea pierderii surselor de germoplasm\u0103 depinde de o caracterizare complet\u0103 a acestora, at\u00e2t fenotipic\u0103 c\u00e2t \u0219i genotipic\u0103, de o monitorizare a prezen\u021bei lor \u00een colec\u021bii, precum \u0219i de un sistem adecvat de prezentare a informa\u021biilor. Caracterizarea resurselor genetice cu ajutorul markerilor moleculari este un instrument indispensabil \u0219i superior de eviden\u021biere a unicit\u0103\u021bii genotipurilor, care completeaz\u0103 caracterizarea morfologic\u0103 tradi\u021bional\u0103 \u0219i care va permite identificarea duplicatelor, sinonimelor \u0219i omonimelor. Colec\u021biile de\u021binute con\u021bin specii horticole cu o mare diversitate de gene \u0219i combina\u021bii ale acestora pentru anumite caractere \u0219i \u00eensu\u0219iri. Pentru a utiliza \u0219i conserva aceast\u0103 resurs\u0103 genetic\u0103 este necesar\u0103 o evaluare complet\u0103 a caracterelor fenotipice \u0219i genotipice.<\/p>","protected":false},"excerpt":{"rendered":"<p>Rezumat Programul European de Resurse Genetice Vegetale, la care Rom\u00e2nia este membr\u0103 \u00eenc\u0103 din 1994, sprijin\u0103 programele na\u021bionale de conservare a resurselor genetice pomicole, iar Catalogul European de Resurse Genetice Vegetale (EURISCO) ofer\u0103 informa\u021bii despre germoplasma pomicol\u0103 conservat\u0103. De asemenea, conservarea \u0219i utilizarea resurselor genetice pomicole sunt o precondi\u021bie pentru securitatea alimentar\u0103 \u0219i pentru adaptarea  [&#8230;]<\/p>\n","protected":false},"author":1,"featured_media":0,"parent":13479,"menu_order":0,"comment_status":"closed","ping_status":"closed","template":"","meta":{"ngg_post_thumbnail":0,"footnotes":""},"categories":[],"tags":[],"class_list":["post-13481","page","type-page","status-publish","hentry"],"_links":{"self":[{"href":"https:\/\/icdp.ro\/en\/wp-json\/wp\/v2\/pages\/13481","targetHints":{"allow":["GET"]}}],"collection":[{"href":"https:\/\/icdp.ro\/en\/wp-json\/wp\/v2\/pages"}],"about":[{"href":"https:\/\/icdp.ro\/en\/wp-json\/wp\/v2\/types\/page"}],"author":[{"embeddable":true,"href":"https:\/\/icdp.ro\/en\/wp-json\/wp\/v2\/users\/1"}],"replies":[{"embeddable":true,"href":"https:\/\/icdp.ro\/en\/wp-json\/wp\/v2\/comments?post=13481"}],"version-history":[{"count":2,"href":"https:\/\/icdp.ro\/en\/wp-json\/wp\/v2\/pages\/13481\/revisions"}],"predecessor-version":[{"id":13483,"href":"https:\/\/icdp.ro\/en\/wp-json\/wp\/v2\/pages\/13481\/revisions\/13483"}],"up":[{"embeddable":true,"href":"https:\/\/icdp.ro\/en\/wp-json\/wp\/v2\/pages\/13479"}],"wp:attachment":[{"href":"https:\/\/icdp.ro\/en\/wp-json\/wp\/v2\/media?parent=13481"}],"wp:term":[{"taxonomy":"category","embeddable":true,"href":"https:\/\/icdp.ro\/en\/wp-json\/wp\/v2\/categories?post=13481"},{"taxonomy":"post_tag","embeddable":true,"href":"https:\/\/icdp.ro\/en\/wp-json\/wp\/v2\/tags?post=13481"}],"curies":[{"name":"wp","href":"https:\/\/api.w.org\/{rel}","templated":true}]}}