{"id":12858,"date":"2021-12-21T14:43:11","date_gmt":"2021-12-21T12:43:11","guid":{"rendered":"https:\/\/icdp.ro\/?page_id=12858"},"modified":"2023-09-25T23:47:17","modified_gmt":"2023-09-25T20:47:17","slug":"rezumatul-proiectului","status":"publish","type":"page","link":"https:\/\/icdp.ro\/en\/cercetare\/proiecte-nationale\/pndr-submasura-16-1a\/rezumatul-proiectului\/","title":{"rendered":"Rezumatul proiectului"},"content":{"rendered":"<p><strong>Proiectul urm\u0103re\u0219te realizarea unui obiectiv important: Racordarea cercet\u0103rii aplicative \u0219i a progresului tehnologic din Rom\u00e2nia la evolu\u021bia \u0219i cerin\u021bele mediului socio-economic na\u021bional \u0219i global, prin dezvoltarea de produse originale, tehnologii avansate \u0219i servicii, competitive pe plan interna\u021bional \u0219i cu impact socio-economic major.<\/strong><\/p>\n<p><strong>Propunerea de proiect se finalizeaz\u0103 cu ob\u021binerea unor rezultate tehnologice de v\u00e2rf, cu impact la nivelul agentului economic, ceea ce va duce la cre\u0219terea competitivit\u0103\u021bii pomiculturii rom\u00e2ne\u0219ti sub aspectul calit\u0103\u021bii \u0219i al minimaliz\u0103rii costurilor. Beneficiarul va dob\u00e2ndi&nbsp; capacitatea s\u0103 planifice \u0219i s\u0103 produc\u0103&nbsp; \u00een cantit\u0103\u021bi c\u00e2t mai mari material s\u0103ditor de scoru\u0219 negru, prin&nbsp; aplicarea unor tehnologii performante cu secven\u021be ecologice, prin:<\/strong><\/p>\n<p><strong>&#8211; Introducerea unui soi &#8211; Melrom, cu \u00eensu\u0219iri de produc\u021bie calitative \u0219i cantitative \u0219i pretabilitate la condi\u021biile din Rom\u00e2nia;<br \/>\n<\/strong><strong>&#8211; Scurtarea timpului de producere&nbsp; a materialului s\u0103ditor prin aplicarea protocolului de \u00eenmul\u021bire <em>in vitro;<br \/>\n<\/em><\/strong><strong>&#8211;<\/strong><strong> Optimizarea factorilor de influen\u021b\u0103 \u00een \u00eenr\u0103d\u0103cinare-aclimatizare \u0219i fortificare ecologic\u0103 prin monitorizarea&nbsp; \u00een func\u021bie de parametrii afi\u0219a\u021bi de sistemele de senzorizare din sere \u0219i din platformele de fortificare cu transmisie date GPRS\/GSM<\/strong><strong>. <\/strong><\/p>","protected":false},"excerpt":{"rendered":"<p>Proiectul urm\u0103re\u0219te realizarea unui obiectiv important: Racordarea cercet\u0103rii aplicative \u0219i a progresului tehnologic din Rom\u00e2nia la evolu\u021bia \u0219i cerin\u021bele mediului socio-economic na\u021bional \u0219i global, prin dezvoltarea de produse originale, tehnologii avansate \u0219i servicii, competitive pe plan interna\u021bional \u0219i cu impact socio-economic major. Propunerea de proiect se finalizeaz\u0103 cu ob\u021binerea unor rezultate tehnologice de v\u00e2rf, cu  [&#8230;]<\/p>\n","protected":false},"author":1,"featured_media":0,"parent":12853,"menu_order":2,"comment_status":"closed","ping_status":"closed","template":"","meta":{"ngg_post_thumbnail":0,"footnotes":""},"categories":[],"tags":[],"class_list":["post-12858","page","type-page","status-publish","hentry"],"_links":{"self":[{"href":"https:\/\/icdp.ro\/en\/wp-json\/wp\/v2\/pages\/12858","targetHints":{"allow":["GET"]}}],"collection":[{"href":"https:\/\/icdp.ro\/en\/wp-json\/wp\/v2\/pages"}],"about":[{"href":"https:\/\/icdp.ro\/en\/wp-json\/wp\/v2\/types\/page"}],"author":[{"embeddable":true,"href":"https:\/\/icdp.ro\/en\/wp-json\/wp\/v2\/users\/1"}],"replies":[{"embeddable":true,"href":"https:\/\/icdp.ro\/en\/wp-json\/wp\/v2\/comments?post=12858"}],"version-history":[{"count":2,"href":"https:\/\/icdp.ro\/en\/wp-json\/wp\/v2\/pages\/12858\/revisions"}],"predecessor-version":[{"id":12865,"href":"https:\/\/icdp.ro\/en\/wp-json\/wp\/v2\/pages\/12858\/revisions\/12865"}],"up":[{"embeddable":true,"href":"https:\/\/icdp.ro\/en\/wp-json\/wp\/v2\/pages\/12853"}],"wp:attachment":[{"href":"https:\/\/icdp.ro\/en\/wp-json\/wp\/v2\/media?parent=12858"}],"wp:term":[{"taxonomy":"category","embeddable":true,"href":"https:\/\/icdp.ro\/en\/wp-json\/wp\/v2\/categories?post=12858"},{"taxonomy":"post_tag","embeddable":true,"href":"https:\/\/icdp.ro\/en\/wp-json\/wp\/v2\/tags?post=12858"}],"curies":[{"name":"wp","href":"https:\/\/api.w.org\/{rel}","templated":true}]}}