{"id":12313,"date":"2020-06-22T12:15:54","date_gmt":"2020-06-22T09:15:54","guid":{"rendered":"https:\/\/icdp.ro\/?page_id=12313"},"modified":"2023-09-25T23:46:27","modified_gmt":"2023-09-25T20:46:27","slug":"rezumat","status":"publish","type":"page","link":"https:\/\/icdp.ro\/en\/cercetare\/proiecte-nationale\/plan-sectorial-madr\/ader-7-5-4\/rezumat\/","title":{"rendered":"Rezumat"},"content":{"rendered":"<h5>Rezumat<\/h5>\n<p>Plantele mam\u0103 pomicole reprezint\u0103 baza sistemului de producere a materialului s\u0103ditor \u0219i de aceea este necesar\u0103 activitatea de cercetare \u00een direc\u0163ia \u00eembun\u0103t\u0103\u021birii calit\u0103\u021bii materialului de \u00eenmul\u021bire \u0219i plantare pomicol care s\u0103 corespund\u0103 cu noua legisla\u021bie na\u021bional\u0103 \u00een domeniu, Ordinul 784\/2016. Conservarea \u015fi utilizarea materialului de \u00eenmul\u0163ire pomicol \u00een procesul de producere pe scar\u0103 larg\u0103 a pomilor ca material de plantare, dar \u015fi ob\u0163inerea de noi plante certificate din categorii biologice superioare reprezint\u0103 o necesitate obiectiv\u0103 datorit\u0103 importan\u0163ei acordate acestui sector prin politicile agricole comune actuale.<\/p>\n<p>Vor fi desf\u0103\u0219urate activit\u0103\u021bi specifice de ob\u021binere a plantelor mam\u0103, la cele mai importante specii\/soiuri, c\u00e2t \u0219i modernizarea facilit\u0103\u021bilor de men\u021binere a acestora care s\u0103 corespund\u0103 cerin\u021belor impuse de normele noi de aplicare a legisla\u021biei privind producerea, prelucrarea, controlul \u0219i certificarea calit\u0103\u021bii materialului s\u0103ditor. Pentru crearea stocului de plante mam\u0103 \u2013 plante destinate \u00eenmul\u021birii, cercet\u0103rile vor contribui la dezvoltarea unor tehnici de \u00eenmul\u021bire care s\u0103 combine metodele biotehnologice \u015fi tradi\u0163ionale. Un obiectiv foarte important se refer\u0103 la elaborarea, perfec\u021bionarea \u0219i implementarea tehnologiilor de micro\u00eenmul\u021bire la unele specii pomicole, av\u00e2nd \u00een vedere soiurile noi create \u0219i promovate \u00een Rom\u00e2nia. \u00cen cadrul acestui obiectiv, privind regenerarea prin organogenez\u0103 \u00een vederea elabor\u0103rii de verigi \u0219i secven\u021be tehnologice care, al\u0103turi de \u00eenmul\u021birea conven\u021bional\u0103, s\u0103 contribuie la crearea stocului de plante mam\u0103. Ob\u0163inerea unui material s\u0103ditor de calitate constituie o preocupare permanent\u0103 care une\u015fte eforturile speciali\u015ftilor din mai multe domenii de cercetare pomicol\u0103 cum ar fi: virologia, biotehnologiile, protec\u0163ia plantelor, \u00eenmul\u0163ire, genetic\u0103 \u015fi ameliorare.<\/p>\n<p>Rezultatele au aplicabilitate \u00een primul r\u00e2nd pentru pepinierii pepinieri\u0219ti care vor procura material de \u00eenmul\u021bire in categorii certificate, cu care apoi pot realiza material de plantare fructifer, la r\u00e2ndul lui certificat. Prin acest lan\u021b se asigur\u0103 \u0219i fermierilor de livad\u0103 garan\u021bia unor produc\u021bii mari \u0219i autentice. Un alt beneficiar al rezultatelor proiectului va fi sectorul \u0219tiin\u021bific, prin realizarea \u0219i promovarea unor metode de laborator \u00eembun\u0103t\u0103\u021bite.<\/p>\n<p>&nbsp;<\/p>\n<p>&nbsp;<\/p>","protected":false},"excerpt":{"rendered":"<p>Rezumat Plantele mam\u0103 pomicole reprezint\u0103 baza sistemului de producere a materialului s\u0103ditor \u0219i de aceea este necesar\u0103 activitatea de cercetare \u00een direc\u0163ia \u00eembun\u0103t\u0103\u021birii calit\u0103\u021bii materialului de \u00eenmul\u021bire \u0219i plantare pomicol care s\u0103 corespund\u0103 cu noua legisla\u021bie na\u021bional\u0103 \u00een domeniu, Ordinul 784\/2016. Conservarea \u015fi utilizarea materialului de \u00eenmul\u0163ire pomicol \u00een procesul de producere pe scar\u0103 larg\u0103  [&#8230;]<\/p>\n","protected":false},"author":1,"featured_media":0,"parent":12307,"menu_order":1,"comment_status":"closed","ping_status":"closed","template":"","meta":{"ngg_post_thumbnail":0,"footnotes":""},"categories":[],"tags":[],"class_list":["post-12313","page","type-page","status-publish","hentry"],"_links":{"self":[{"href":"https:\/\/icdp.ro\/en\/wp-json\/wp\/v2\/pages\/12313","targetHints":{"allow":["GET"]}}],"collection":[{"href":"https:\/\/icdp.ro\/en\/wp-json\/wp\/v2\/pages"}],"about":[{"href":"https:\/\/icdp.ro\/en\/wp-json\/wp\/v2\/types\/page"}],"author":[{"embeddable":true,"href":"https:\/\/icdp.ro\/en\/wp-json\/wp\/v2\/users\/1"}],"replies":[{"embeddable":true,"href":"https:\/\/icdp.ro\/en\/wp-json\/wp\/v2\/comments?post=12313"}],"version-history":[{"count":1,"href":"https:\/\/icdp.ro\/en\/wp-json\/wp\/v2\/pages\/12313\/revisions"}],"predecessor-version":[{"id":12314,"href":"https:\/\/icdp.ro\/en\/wp-json\/wp\/v2\/pages\/12313\/revisions\/12314"}],"up":[{"embeddable":true,"href":"https:\/\/icdp.ro\/en\/wp-json\/wp\/v2\/pages\/12307"}],"wp:attachment":[{"href":"https:\/\/icdp.ro\/en\/wp-json\/wp\/v2\/media?parent=12313"}],"wp:term":[{"taxonomy":"category","embeddable":true,"href":"https:\/\/icdp.ro\/en\/wp-json\/wp\/v2\/categories?post=12313"},{"taxonomy":"post_tag","embeddable":true,"href":"https:\/\/icdp.ro\/en\/wp-json\/wp\/v2\/tags?post=12313"}],"curies":[{"name":"wp","href":"https:\/\/api.w.org\/{rel}","templated":true}]}}