{"id":12305,"date":"2020-06-22T12:08:10","date_gmt":"2020-06-22T09:08:10","guid":{"rendered":"https:\/\/icdp.ro\/?page_id=12305"},"modified":"2023-09-25T23:45:55","modified_gmt":"2023-09-25T20:45:55","slug":"rezultate","status":"publish","type":"page","link":"https:\/\/icdp.ro\/en\/cercetare\/proiecte-nationale\/plan-sectorial-madr\/ader-7-3-12\/rezultate\/","title":{"rendered":"Achievements:"},"content":{"rendered":"<h5>Achievements:<\/h5>\n<p>&#8211; 2 baze de date de referin\u021b\u0103 privind re\u021betele de fertilizan\u021bi pentru culturile pomicole, dozele, epocile \u0219i modul de administrare al acestora la cire\u0219 \u0219i m\u0103r;<br \/>\n&#8211; 2 secven\u021be tehnologice \u00eembun\u0103t\u0103\u021bite de identificare timpurie a st\u0103rii de stres nutri\u021bional \u0219i de aplicare a fertiliz\u0103rii \u0219i irig\u0103rii \u00een mod echilibrat, \u00een func\u021bie de consumul plantelor, \u00een planta\u021biile pomicole superintensive de m\u0103r \u0219i cire\u0219;<br \/>\n&#8211; Ghid tehnico-economic privind tehnologiile de fertirigare a planta\u021biilor pomicole de cire\u0219 \u0219i m\u0103r, adaptat condi\u021biilor pedo-climatice ale Rom\u00e2niei.<\/p>\n<p><strong>Modul de aplicare al rezultatelor:<\/strong><\/p>\n<p>&#8211; Organizarea de workshop-uri cu participarea speciali\u0219tilor din re\u021beaua na\u021bional\u0103 de extensie, a fermierilor priva\u021bi, \u00een cadrul c\u0103rora se vor prezenta rezultatele cercet\u0103rilor efectuate;<br \/>\n&#8211; Pagin\u0103 web cu informa\u021bii privind rezultatele ob\u021binute \u00een cadrul proiectului;<br \/>\n&#8211; Diseminarea la nivel na\u021bional a ghidului tehnico-economic privind tehnologiile de fertirigare a planta\u021biilor pomicole de cire\u0219 \u0219i m\u0103r prin distribuirea gratuit\u0103 a acestuia personalului din serviciile de extensie, pomicultorilor, proiectan\u021bilor, operatorilor economici \u0219i altor poten\u021biali utilizatori \u0219i beneficiari ai proiectelor din cadrul Subprogramului pomicol din Programul Na\u021bional de Dezvoltare Rural\u0103;<br \/>\n&#8211; Publicarea unei lucr\u0103ri \u0219tiin\u021bifice indexat\u0103 BDI, Baza de Date Interna\u021bional\u0103 \u0219i a unei lucr\u0103ri \u0219tiin\u021bifice cotat\u0103 ISI;<br \/>\n&#8211; Publicarea de articole \u00een reviste de specialitate na\u021bionale \u0219i interna\u021bionale.<\/p>\n<div class=\"fusion-button-wrapper\"><a class=\"fusion-button button-flat fusion-button-default-size button-default fusion-button-default button-1 fusion-button-default-span fusion-button-default-type\" style=\"--button-border-radius-top-left:0;--button-border-radius-top-right:0;--button-border-radius-bottom-right:0;--button-border-radius-bottom-left:0;\" target=\"_self\" href=\"https:\/\/icdp.ro\/wp-content\/uploads\/2021\/08\/ADER-7.3.12.-faza_I.pdf\"><span class=\"fusion-button-text awb-button__text awb-button__text--default\">Rezultate faza I<\/span><\/a><\/div>\n<div class=\"fusion-button-wrapper\"><a class=\"fusion-button button-flat fusion-button-default-size button-default fusion-button-default button-2 fusion-button-default-span fusion-button-default-type\" style=\"--button-border-radius-top-left:0;--button-border-radius-top-right:0;--button-border-radius-bottom-right:0;--button-border-radius-bottom-left:0;\" target=\"_self\" href=\"https:\/\/icdp.ro\/wp-content\/uploads\/2021\/08\/ADER-7.3.12.-faza-II.pdf\"><span class=\"fusion-button-text awb-button__text awb-button__text--default\">Rezultate faza II<\/span><\/a><\/div>\n<p>&nbsp;<\/p>\n<p>&nbsp;<\/p>","protected":false},"excerpt":{"rendered":"<p>Rezultate &#8211; 2 baze de date de referin\u021b\u0103 privind re\u021betele de fertilizan\u021bi pentru culturile pomicole, dozele, epocile \u0219i modul de administrare al acestora la cire\u0219 \u0219i m\u0103r; &#8211; 2 secven\u021be tehnologice \u00eembun\u0103t\u0103\u021bite de identificare timpurie a st\u0103rii de stres nutri\u021bional \u0219i de aplicare a fertiliz\u0103rii \u0219i irig\u0103rii \u00een mod echilibrat, \u00een func\u021bie de consumul plantelor,  [&#8230;]<\/p>\n","protected":false},"author":1,"featured_media":0,"parent":12297,"menu_order":3,"comment_status":"closed","ping_status":"closed","template":"","meta":{"ngg_post_thumbnail":0,"footnotes":""},"categories":[],"tags":[],"class_list":["post-12305","page","type-page","status-publish","hentry"],"_links":{"self":[{"href":"https:\/\/icdp.ro\/en\/wp-json\/wp\/v2\/pages\/12305","targetHints":{"allow":["GET"]}}],"collection":[{"href":"https:\/\/icdp.ro\/en\/wp-json\/wp\/v2\/pages"}],"about":[{"href":"https:\/\/icdp.ro\/en\/wp-json\/wp\/v2\/types\/page"}],"author":[{"embeddable":true,"href":"https:\/\/icdp.ro\/en\/wp-json\/wp\/v2\/users\/1"}],"replies":[{"embeddable":true,"href":"https:\/\/icdp.ro\/en\/wp-json\/wp\/v2\/comments?post=12305"}],"version-history":[{"count":3,"href":"https:\/\/icdp.ro\/en\/wp-json\/wp\/v2\/pages\/12305\/revisions"}],"predecessor-version":[{"id":12803,"href":"https:\/\/icdp.ro\/en\/wp-json\/wp\/v2\/pages\/12305\/revisions\/12803"}],"up":[{"embeddable":true,"href":"https:\/\/icdp.ro\/en\/wp-json\/wp\/v2\/pages\/12297"}],"wp:attachment":[{"href":"https:\/\/icdp.ro\/en\/wp-json\/wp\/v2\/media?parent=12305"}],"wp:term":[{"taxonomy":"category","embeddable":true,"href":"https:\/\/icdp.ro\/en\/wp-json\/wp\/v2\/categories?post=12305"},{"taxonomy":"post_tag","embeddable":true,"href":"https:\/\/icdp.ro\/en\/wp-json\/wp\/v2\/tags?post=12305"}],"curies":[{"name":"wp","href":"https:\/\/api.w.org\/{rel}","templated":true}]}}