{"id":12303,"date":"2020-06-22T12:07:30","date_gmt":"2020-06-22T09:07:30","guid":{"rendered":"https:\/\/icdp.ro\/?page_id=12303"},"modified":"2023-09-25T23:45:49","modified_gmt":"2023-09-25T20:45:49","slug":"obiective","status":"publish","type":"page","link":"https:\/\/icdp.ro\/en\/cercetare\/proiecte-nationale\/plan-sectorial-madr\/ader-7-3-12\/obiective\/","title":{"rendered":"Objectives"},"content":{"rendered":"<h5>Objectives<\/h5>\n<p><strong>Obiectiv general<\/strong>: Dezvoltarea de noi produse, practici, procese \u0219i tehnologii integrate produc\u021biei horticole<\/p>\n<p>Modernizarea tehnologiilor de \u00eenmul\u021bire \u0219i de cultur\u0103 a plantelor horticole pentru utilizarea cu maxim\u0103 eficien\u021b\u0103 a resurselor naturale \u0219i antropice, diminuarea impactului negativ al schimb\u0103rilor climatice \u0219i \u00eembun\u0103t\u0103\u021birea protec\u021biei mediului \u00eenconjur\u0103tor<\/p>\n<p>&nbsp;<\/p>\n<p><strong>Obiective specifice:<\/strong><\/p>\n<p>&#8211; Monitorizarea multisenzorial\u0103 a unor parametri sintetici ai st\u0103rii nutri\u021bionale a pomilor \u0219i adaptarea unor indicatori noi, pentru optimizarea proceselor de cre\u0219tere \u0219i fructificare, fundamentarea unor secven\u021be specifice tehnologiilor de precizie;<\/p>\n<p>&#8211; Adaptarea celor mai moderne tehnologii de fertirigare aplicate \u00een Rom\u00e2nia \u0219i \u00een \u021b\u0103rile cu agricultur\u0103 avansat\u0103, \u00een vederea asigur\u0103rii unei nutri\u021bii echilibrate \u00een livezi, \u00een condi\u021biile limit\u0103rii efectelor negative ale schimb\u0103rilor climatice actuale \u0219i a celor prognozate pentru urm\u0103torii 50 de ani;<\/p>\n<p>&#8211; Integrarea \u00een tehnologiile de optimizare nutri\u021bional\u0103 a soiurilor \u0219i portaltoilor autohtoni \u0219i str\u0103ini valoro\u0219i, adapta\u021bi condi\u021biilor pedo-climatice din Rom\u00e2nia;<\/p>\n<p>&#8211; Gestionarea irig\u0103rii \u00een func\u021bie de dinamica parametrilor sintetici ai st\u0103rii nutri\u021bionale a pomilor, prin programarea ud\u0103rilor cu ajutorul sistemelor computerizate de irigare localizat\u0103 asociat\u0103 cu fertirigarea.<\/p>\n<p>&nbsp;<\/p>","protected":false},"excerpt":{"rendered":"<p>Obiective Obiectiv general: Dezvoltarea de noi produse, practici, procese \u0219i tehnologii integrate produc\u021biei horticole Modernizarea tehnologiilor de \u00eenmul\u021bire \u0219i de cultur\u0103 a plantelor horticole pentru utilizarea cu maxim\u0103 eficien\u021b\u0103 a resurselor naturale \u0219i antropice, diminuarea impactului negativ al schimb\u0103rilor climatice \u0219i \u00eembun\u0103t\u0103\u021birea protec\u021biei mediului \u00eenconjur\u0103tor &nbsp; Obiective specifice: &#8211; Monitorizarea multisenzorial\u0103 a unor parametri sintetici  [&#8230;]<\/p>\n","protected":false},"author":1,"featured_media":0,"parent":12297,"menu_order":2,"comment_status":"closed","ping_status":"closed","template":"","meta":{"ngg_post_thumbnail":0,"footnotes":""},"categories":[],"tags":[],"class_list":["post-12303","page","type-page","status-publish","hentry"],"_links":{"self":[{"href":"https:\/\/icdp.ro\/en\/wp-json\/wp\/v2\/pages\/12303","targetHints":{"allow":["GET"]}}],"collection":[{"href":"https:\/\/icdp.ro\/en\/wp-json\/wp\/v2\/pages"}],"about":[{"href":"https:\/\/icdp.ro\/en\/wp-json\/wp\/v2\/types\/page"}],"author":[{"embeddable":true,"href":"https:\/\/icdp.ro\/en\/wp-json\/wp\/v2\/users\/1"}],"replies":[{"embeddable":true,"href":"https:\/\/icdp.ro\/en\/wp-json\/wp\/v2\/comments?post=12303"}],"version-history":[{"count":1,"href":"https:\/\/icdp.ro\/en\/wp-json\/wp\/v2\/pages\/12303\/revisions"}],"predecessor-version":[{"id":12304,"href":"https:\/\/icdp.ro\/en\/wp-json\/wp\/v2\/pages\/12303\/revisions\/12304"}],"up":[{"embeddable":true,"href":"https:\/\/icdp.ro\/en\/wp-json\/wp\/v2\/pages\/12297"}],"wp:attachment":[{"href":"https:\/\/icdp.ro\/en\/wp-json\/wp\/v2\/media?parent=12303"}],"wp:term":[{"taxonomy":"category","embeddable":true,"href":"https:\/\/icdp.ro\/en\/wp-json\/wp\/v2\/categories?post=12303"},{"taxonomy":"post_tag","embeddable":true,"href":"https:\/\/icdp.ro\/en\/wp-json\/wp\/v2\/tags?post=12303"}],"curies":[{"name":"wp","href":"https:\/\/api.w.org\/{rel}","templated":true}]}}