{"id":12301,"date":"2020-06-22T12:07:02","date_gmt":"2020-06-22T09:07:02","guid":{"rendered":"https:\/\/icdp.ro\/?page_id=12301"},"modified":"2023-09-25T23:45:44","modified_gmt":"2023-09-25T20:45:44","slug":"rezumat","status":"publish","type":"page","link":"https:\/\/icdp.ro\/en\/cercetare\/proiecte-nationale\/plan-sectorial-madr\/ader-7-3-12\/rezumat\/","title":{"rendered":"Rezumat"},"content":{"rendered":"<h5>Rezumat<\/h5>\n<p>Tehnologiile pomicole intensive, asigur\u0103 controlul riguros al factorilor \u0219i condi\u021biilor de vegeta\u021bie, reduc la minim poluarea mediului \u0219i a fructelor, prin administrarea localizat\u0103 a \u00eengr\u0103\u0219\u0103mintelor \u00een func\u021bie de consumul plantelor, \u00een doze reduse, aplicate frecvent, at\u00e2t foliar c\u00e2t \u0219i prin apa de irigare, fertirigare, asigur\u00e2nd astfel coeficien\u021bi mari de utilizare a substan\u021belor active, utilizeaz\u0103 practici fitosanitare integrate cu aplicarea unui volum redus de ap\u0103 pe unitatea de suprafa\u021b\u0103 \u0219i aplic\u0103 erbicid\u0103ri cu substan\u021be biodegradabile distribuite pe r\u00e2ndul de pomi. \u00cen acela\u0219i timp, tehnologiile intensive fac posibil\u0103 ob\u021binerea unor cantit\u0103\u021bi mari de fructe pe suprafe\u021be de teren restr\u00e2nse, red\u00e2nd astfel mari suprafe\u021be altor culturi sau florei spontane armonizate biocenotic.<\/p>\n<p>\u00cen ultimii ani, \u00een special \u00een \u021b\u0103rile vest-europene, tendin\u021ba de a extinde tehnologiile intensive de cultur\u0103 care protejeaz\u0103 mediul, a c\u0103p\u0103tat conota\u021bii majore.<\/p>\n<p>Proiectul \u00ee\u0219i propune s\u0103 realizeze urm\u0103toarele activit\u0103\u021bi:<\/p>\n<p>&#8211; monitorizarea multisenzorial\u0103 a unor parametri sintetici ai st\u0103rii nutri\u021bionale a pomilor \u0219i adaptarea unor indicatori noi, pentru optimizarea continu\u0103 a proceselor de cre\u0219tere \u0219i fructificare, fundamentarea unor secven\u021be specifice tehnologiilor de precizie;<\/p>\n<p>&#8211; adaptarea celor mai moderne tehnologii de fertirigare aplicate \u00een Rom\u00e2nia \u0219i \u00een \u021b\u0103rile cu agricultur\u0103 avansat\u0103, \u00een vederea asigur\u0103rii unei nutri\u021bii echilibrate \u00een livezi, \u00een condi\u021biile limit\u0103rii efectelor negative ale schimb\u0103rilor climatice actuale, dar \u0219i a celor prognozate pentru urm\u0103torii ani;<\/p>\n<p>&#8211; integrarea \u00een tehnologiile de optimizare nutri\u021bional\u0103 a soiurilor \u0219i portaltoilor autohtoni \u0219i str\u0103ini valoro\u0219i, adapta\u021bi condi\u021biilor pedo-climatice din Rom\u00e2nia;<\/p>\n<p>&#8211; gestionarea irig\u0103rii \u00een func\u021bie de dinamica parametrilor sintetici ai st\u0103rii nutri\u021bionale a pomilor, prin programarea ud\u0103rilor cu ajutorul sistemelor computerizate de irigare localizat\u0103, asociat\u0103 cu fertirigarea. Toate acestea vor avea ca rezultat, realizarea secven\u021belor tehnologice de fertilizare adaptate condi\u021biilor pedo-climatice din Rom\u00e2nia, experimentate \u0219i verificate \u00een condi\u021bii concrete de livad\u0103 la speciile pomicole cire\u0219 \u0219i m\u0103r, integrate \u00een ghidul tehnico-economic diseminat la sf\u00e2r\u0219itul proiectului.<\/p>\n<p>&nbsp;<\/p>","protected":false},"excerpt":{"rendered":"<p>Rezumat Tehnologiile pomicole intensive, asigur\u0103 controlul riguros al factorilor \u0219i condi\u021biilor de vegeta\u021bie, reduc la minim poluarea mediului \u0219i a fructelor, prin administrarea localizat\u0103 a \u00eengr\u0103\u0219\u0103mintelor \u00een func\u021bie de consumul plantelor, \u00een doze reduse, aplicate frecvent, at\u00e2t foliar c\u00e2t \u0219i prin apa de irigare, fertirigare, asigur\u00e2nd astfel coeficien\u021bi mari de utilizare a substan\u021belor active, utilizeaz\u0103  [&#8230;]<\/p>\n","protected":false},"author":1,"featured_media":0,"parent":12297,"menu_order":1,"comment_status":"closed","ping_status":"closed","template":"","meta":{"ngg_post_thumbnail":0,"footnotes":""},"categories":[],"tags":[],"class_list":["post-12301","page","type-page","status-publish","hentry"],"_links":{"self":[{"href":"https:\/\/icdp.ro\/en\/wp-json\/wp\/v2\/pages\/12301","targetHints":{"allow":["GET"]}}],"collection":[{"href":"https:\/\/icdp.ro\/en\/wp-json\/wp\/v2\/pages"}],"about":[{"href":"https:\/\/icdp.ro\/en\/wp-json\/wp\/v2\/types\/page"}],"author":[{"embeddable":true,"href":"https:\/\/icdp.ro\/en\/wp-json\/wp\/v2\/users\/1"}],"replies":[{"embeddable":true,"href":"https:\/\/icdp.ro\/en\/wp-json\/wp\/v2\/comments?post=12301"}],"version-history":[{"count":1,"href":"https:\/\/icdp.ro\/en\/wp-json\/wp\/v2\/pages\/12301\/revisions"}],"predecessor-version":[{"id":12302,"href":"https:\/\/icdp.ro\/en\/wp-json\/wp\/v2\/pages\/12301\/revisions\/12302"}],"up":[{"embeddable":true,"href":"https:\/\/icdp.ro\/en\/wp-json\/wp\/v2\/pages\/12297"}],"wp:attachment":[{"href":"https:\/\/icdp.ro\/en\/wp-json\/wp\/v2\/media?parent=12301"}],"wp:term":[{"taxonomy":"category","embeddable":true,"href":"https:\/\/icdp.ro\/en\/wp-json\/wp\/v2\/categories?post=12301"},{"taxonomy":"post_tag","embeddable":true,"href":"https:\/\/icdp.ro\/en\/wp-json\/wp\/v2\/tags?post=12301"}],"curies":[{"name":"wp","href":"https:\/\/api.w.org\/{rel}","templated":true}]}}