{"id":12295,"date":"2020-06-22T12:02:59","date_gmt":"2020-06-22T09:02:59","guid":{"rendered":"https:\/\/icdp.ro\/?page_id=12295"},"modified":"2023-09-25T23:45:12","modified_gmt":"2023-09-25T20:45:12","slug":"rezultate","status":"publish","type":"page","link":"https:\/\/icdp.ro\/en\/cercetare\/proiecte-nationale\/plan-sectorial-madr\/ader-7-3-10\/rezultate\/","title":{"rendered":"Achievements:"},"content":{"rendered":"<h5>Achievements:<\/h5>\n<p>&#8211;&nbsp; Realizarea unei baze de date suport (inclusiv legisla\u021bie, standarde) \u00een scopul elabor\u0103rii de noi ipoteze de lucru privind metode \u0219i solu\u021bii pentru utilizarea&nbsp; composturilor ob\u021binute din n\u0103moluri de epurare a apelor uzate menajere \u00een pomicultur\u0103;<br \/>\n&#8211;&nbsp;&nbsp; Stabilirea indicatorilor plantei \u0219i ai solului care pot fi \u00eembun\u0103t\u0103\u021bi\u021bi din punct de vedere chimic, fizic, biologic;<br \/>\n&#8211;&nbsp; Stabilirea impactului aplic\u0103rii compostului ob\u021binut din n\u0103molul de epurare a apelor uzate menajere, \u00een remedierea indicatorilor agrofizici, agrochimici, agrobiologici ai solului, precum \u0219i asupra cre\u0219terii \u0219i dezvolt\u0103rii materialului s\u0103ditor pomicol din vasele de vegeta\u021bie, \u00een vederea elabor\u0103rii tehnologiilor de aplicarea a compostului \u00een pomicultur\u0103;<br \/>\n&#8211; Organizarea re\u021belei tehnologice integrate privind managementul utiliz\u0103rii composturilor ob\u021binute din n\u0103moluri rezultate din prelucrarea apelor uzate ca fertilizant \u00een pomicultur\u0103, \u00een scopul sprijinirii implement\u0103rii \u0219i r\u0103sp\u00e2ndirii modelului ob\u021binut la nivel na\u021bional;<br \/>\n&#8211;&nbsp; Elaborarea Ghidului de bune practici, care include tehnologia privind utilizarea compostului provenit din n\u0103molul de epurare a apelor uzate menajere ca fertilizant \u00een pomicultur\u0103.<\/p>\n<p><strong>Modul de aplicare a rezultatelor:<\/strong><\/p>\n<p>&#8211; &nbsp;Organizarea unui workshop privind utilizarea compostului provenit din n\u0103molul de epurare a apelor uzate menajere, ca fertilizant \u00een pomicultur\u0103;<br \/>\n&#8211; &nbsp;4 lucr\u0103ri \u015ftiin\u0163ifice indexate BDI, Baza de Date Interna\u021bional\u0103 \u0219i a unei lucr\u0103ri \u0219tiin\u021bifice cotat\u0103 ISI;<br \/>\n&#8211; &nbsp;Pagin\u0103 web cu informa\u021bii privind rezultatele proiectului;<br \/>\n&#8211; Diseminarea informa\u021biilor cuprinse \u00een Ghidul de bune practici, inclusiv a tehnologiei elaborate, la nivel na\u0163ional prin distribuirea c\u0103tre institu\u0163iile interesate, fermieri, pepinieri\u0219ti, unit\u0103\u021bi de cercetare \u0219i de \u00eenv\u0103\u021b\u0103m\u00e2nt superior horticol.<\/p>\n<div class=\"fusion-button-wrapper\"><a class=\"fusion-button button-flat fusion-button-default-size button-default fusion-button-default button-1 fusion-button-default-span fusion-button-default-type\" style=\"--button-border-radius-top-left:0;--button-border-radius-top-right:0;--button-border-radius-bottom-right:0;--button-border-radius-bottom-left:0;\" target=\"_self\" href=\"https:\/\/icdp.ro\/wp-content\/uploads\/2021\/08\/ADER-7.3.10-faza1.pdf\"><span class=\"fusion-button-text awb-button__text awb-button__text--default\">Rezultate faza I<\/span><\/a><\/div>\n<div class=\"fusion-button-wrapper\"><a class=\"fusion-button button-flat fusion-button-default-size button-default fusion-button-default button-2 fusion-button-default-span fusion-button-default-type\" style=\"--button-border-radius-top-left:0;--button-border-radius-top-right:0;--button-border-radius-bottom-right:0;--button-border-radius-bottom-left:0;\" target=\"_self\" href=\"https:\/\/icdp.ro\/wp-content\/uploads\/2021\/08\/ADER-7.3.10-faza-2.pdf\"><span class=\"fusion-button-text awb-button__text awb-button__text--default\">Rezultate faza II<\/span><\/a><\/div>\n<p>&nbsp;<\/p>\n<p>&nbsp;<\/p>","protected":false},"excerpt":{"rendered":"<p>Rezultate &#8211;&nbsp; Realizarea unei baze de date suport (inclusiv legisla\u021bie, standarde) \u00een scopul elabor\u0103rii de noi ipoteze de lucru privind metode \u0219i solu\u021bii pentru utilizarea&nbsp; composturilor ob\u021binute din n\u0103moluri de epurare a apelor uzate menajere \u00een pomicultur\u0103; &#8211;&nbsp;&nbsp; Stabilirea indicatorilor plantei \u0219i ai solului care pot fi \u00eembun\u0103t\u0103\u021bi\u021bi din punct de vedere chimic, fizic, biologic;  [&#8230;]<\/p>\n","protected":false},"author":1,"featured_media":0,"parent":12287,"menu_order":3,"comment_status":"closed","ping_status":"closed","template":"","meta":{"ngg_post_thumbnail":0,"footnotes":""},"categories":[],"tags":[],"class_list":["post-12295","page","type-page","status-publish","hentry"],"_links":{"self":[{"href":"https:\/\/icdp.ro\/en\/wp-json\/wp\/v2\/pages\/12295","targetHints":{"allow":["GET"]}}],"collection":[{"href":"https:\/\/icdp.ro\/en\/wp-json\/wp\/v2\/pages"}],"about":[{"href":"https:\/\/icdp.ro\/en\/wp-json\/wp\/v2\/types\/page"}],"author":[{"embeddable":true,"href":"https:\/\/icdp.ro\/en\/wp-json\/wp\/v2\/users\/1"}],"replies":[{"embeddable":true,"href":"https:\/\/icdp.ro\/en\/wp-json\/wp\/v2\/comments?post=12295"}],"version-history":[{"count":4,"href":"https:\/\/icdp.ro\/en\/wp-json\/wp\/v2\/pages\/12295\/revisions"}],"predecessor-version":[{"id":12800,"href":"https:\/\/icdp.ro\/en\/wp-json\/wp\/v2\/pages\/12295\/revisions\/12800"}],"up":[{"embeddable":true,"href":"https:\/\/icdp.ro\/en\/wp-json\/wp\/v2\/pages\/12287"}],"wp:attachment":[{"href":"https:\/\/icdp.ro\/en\/wp-json\/wp\/v2\/media?parent=12295"}],"wp:term":[{"taxonomy":"category","embeddable":true,"href":"https:\/\/icdp.ro\/en\/wp-json\/wp\/v2\/categories?post=12295"},{"taxonomy":"post_tag","embeddable":true,"href":"https:\/\/icdp.ro\/en\/wp-json\/wp\/v2\/tags?post=12295"}],"curies":[{"name":"wp","href":"https:\/\/api.w.org\/{rel}","templated":true}]}}