{"id":12293,"date":"2020-06-22T12:02:28","date_gmt":"2020-06-22T09:02:28","guid":{"rendered":"https:\/\/icdp.ro\/?page_id=12293"},"modified":"2023-09-25T23:45:06","modified_gmt":"2023-09-25T20:45:06","slug":"obiective","status":"publish","type":"page","link":"https:\/\/icdp.ro\/en\/cercetare\/proiecte-nationale\/plan-sectorial-madr\/ader-7-3-10\/obiective\/","title":{"rendered":"Objectives"},"content":{"rendered":"<h5>Objectives<\/h5>\n<p><strong>Obiectiv general<\/strong>:Dezvoltarea de noi produse, practici, procese \u015fi tehnologii integrate produc\u021biei horticole<\/p>\n<p>&#8211; Re\u0163ea tehnologic\u0103 integrat\u0103 privind managementul utiliz\u0103rii composturilor ob\u021binute din n\u0103moluri rezultate din prelucrarea apelor uzate ca fertilizant \u00een pomicultur\u0103, \u00een scopul sprijinirii, implement\u0103rii \u015fi r\u0103sp\u00e2ndirii modelului ob\u021binut la nivel na\u021bional;<\/p>\n<p>&nbsp;&#8211; Ghid de bune practici, care include tehnologia privind utilizarea compostului provenit din n\u0103molul de epurare a apelor uzate menajere ca fertilizant \u00een pomicultur\u0103<\/p>\n<p>&nbsp;<\/p>\n<p><strong>Obiective specifice: <\/strong>Inovarea \u0219i transferul de cuno\u0219tin\u021be \u00een horticultur\u0103<\/p>\n<p>&#8211; Evaluarea posibilit\u0103\u021bilor de utilizare a compostului ob\u021binut din n\u0103moluri rezultate din prelucrarea&nbsp; apelor uzate menajere ca fertilizant \u00een pomicultur\u0103 printr-o metodologie foarte complex\u0103 \u0219i precis\u0103, \u00een condi\u021biile asigur\u0103rii protec\u021biei mediului ambiant \u0219i a integrit\u0103\u021bii s\u0103n\u0103t\u0103\u021bii umane;<\/p>\n<p>&#8211; Intensificarea procesului de cunoa\u0219tere \u0219i valorificare superioar\u0103 a poten\u021bialului \u0219tiin\u021bific \u0219i tehnologic de \u00eenalt nivel prin abordarea multidisciplinar\u0103 a tematicii proiectului;<\/p>\n<p>&#8211; &nbsp;Elaborarea unei tehnologii inovative utiliz\u00e2nd compostul ca fertilizant \u00een pomicultur\u0103;<\/p>\n<p>&#8211; Crearea premiselor ob\u021binerii unui cadru legal pentru includerea compostului provenit din n\u0103molul provenit din n\u0103moluri rezultate din prelucrarea&nbsp; apelor uzate menajere ca fertilizant \u00een pomicultur\u0103.<\/p>\n<p>&#8211; Realizarea unei baze de date suport (inclusiv legisla\u021bie, standarde) \u00een scopul elabor\u0103rii de noi ipoteze de lucru privind metode \u0219i solu\u021bii pentru punerea \u00een valoare a&nbsp; composturilor ob\u021binute din n\u0103moluri rezultate din prelucrarea apelor uzate menajere ca fertilizant \u00een pomicultur\u0103,<\/p>\n<p>&#8211; Caracterizarea componentelor (compost, sol) ce vor fi utilizate \u00een realizarea amestecului nutritiv prin analize chimice \u0219i microbiologice;<\/p>\n<p>&#8211; Evaluarea impactului aplic\u0103rii compostului ca fertilizant organic asupra solului, apelor de scurgere \u0219i pomilor;<\/p>\n<p>&#8211; Studiul impactului aplic\u0103rii compostului ca fertilizant organic asupra propriet\u0103\u021bilor chimice&nbsp; ale solului \u0219i ale apelor de scurgere din vase;<\/p>\n<p>&#8211; Studiul influen\u021bei utiliz\u0103rii compostului ca fertilizant asupra pomilor prin analize la frunze;<\/p>\n<p>&#8211; Diseminarea rezultatelor prin comunic\u0103ri \u015ftiin\u0163ifice pe plan na\u0163ional \u015fi\/sau interna\u0163ional \u015fi actualizarea paginii web<\/p>\n<p>&nbsp;<\/p>","protected":false},"excerpt":{"rendered":"<p>Obiective Obiectiv general:Dezvoltarea de noi produse, practici, procese \u015fi tehnologii integrate produc\u021biei horticole &#8211; Re\u0163ea tehnologic\u0103 integrat\u0103 privind managementul utiliz\u0103rii composturilor ob\u021binute din n\u0103moluri rezultate din prelucrarea apelor uzate ca fertilizant \u00een pomicultur\u0103, \u00een scopul sprijinirii, implement\u0103rii \u015fi r\u0103sp\u00e2ndirii modelului ob\u021binut la nivel na\u021bional; &nbsp;&#8211; Ghid de bune practici, care include tehnologia privind utilizarea compostului  [&#8230;]<\/p>\n","protected":false},"author":1,"featured_media":0,"parent":12287,"menu_order":2,"comment_status":"closed","ping_status":"closed","template":"","meta":{"ngg_post_thumbnail":0,"footnotes":""},"categories":[],"tags":[],"class_list":["post-12293","page","type-page","status-publish","hentry"],"_links":{"self":[{"href":"https:\/\/icdp.ro\/en\/wp-json\/wp\/v2\/pages\/12293","targetHints":{"allow":["GET"]}}],"collection":[{"href":"https:\/\/icdp.ro\/en\/wp-json\/wp\/v2\/pages"}],"about":[{"href":"https:\/\/icdp.ro\/en\/wp-json\/wp\/v2\/types\/page"}],"author":[{"embeddable":true,"href":"https:\/\/icdp.ro\/en\/wp-json\/wp\/v2\/users\/1"}],"replies":[{"embeddable":true,"href":"https:\/\/icdp.ro\/en\/wp-json\/wp\/v2\/comments?post=12293"}],"version-history":[{"count":1,"href":"https:\/\/icdp.ro\/en\/wp-json\/wp\/v2\/pages\/12293\/revisions"}],"predecessor-version":[{"id":12294,"href":"https:\/\/icdp.ro\/en\/wp-json\/wp\/v2\/pages\/12293\/revisions\/12294"}],"up":[{"embeddable":true,"href":"https:\/\/icdp.ro\/en\/wp-json\/wp\/v2\/pages\/12287"}],"wp:attachment":[{"href":"https:\/\/icdp.ro\/en\/wp-json\/wp\/v2\/media?parent=12293"}],"wp:term":[{"taxonomy":"category","embeddable":true,"href":"https:\/\/icdp.ro\/en\/wp-json\/wp\/v2\/categories?post=12293"},{"taxonomy":"post_tag","embeddable":true,"href":"https:\/\/icdp.ro\/en\/wp-json\/wp\/v2\/tags?post=12293"}],"curies":[{"name":"wp","href":"https:\/\/api.w.org\/{rel}","templated":true}]}}