{"id":12285,"date":"2020-06-22T11:54:22","date_gmt":"2020-06-22T08:54:22","guid":{"rendered":"https:\/\/icdp.ro\/?page_id=12285"},"modified":"2023-09-25T23:44:25","modified_gmt":"2023-09-25T20:44:25","slug":"rezultate","status":"publish","type":"page","link":"https:\/\/icdp.ro\/en\/cercetare\/proiecte-nationale\/plan-sectorial-madr\/proiect-ader-7-2-2\/rezultate\/","title":{"rendered":"Achievements:"},"content":{"rendered":"<h5>Achievements:<\/h5>\n<p>&#8211;&nbsp; Baze de date privind caracterizarea fenotipic\u0103 a surselor de variabilitate pentru rezisten\u021ba la bolile specifice plantelor pomicole, productivitatea \u0219i calitatea fructelor la 6 specii: m\u0103r, p\u0103r, prun, cire\u015f, c\u0103p\u015fun, afin;<br \/>\n&#8211; Screening-ul unor gene de rezisten\u021b\u0103 la bolile specifice \u00een popula\u021bii hibride cu grad diferit de polimorfism la&nbsp; 2 specii (m\u0103r \u015fi c\u0103p\u015fun);<br \/>\n&#8211; Selec\u021bie \u00een flora spontan\u0103 &#8211; c\u0103tin\u0103 \u0219i cire\u0219 (2 genotipuri);<br \/>\n&#8211;&nbsp; Metode de ameliorare pentru scurtarea timpului de ob\u021binere a noilor soiuri (2).<\/p>\n<p><strong>Modul de aplicare al rezultatelor:<\/strong><\/p>\n<p>&#8211; Diseminarea rezultatelor sub form\u0103 de articole, lucr\u0103ri \/ comunic\u0103ri \u015ftiin\u0163ifice la sesiuni de referate, conferin\u0163e, working &#8211; grupuri interna\u0163ionale;<br \/>\n&#8211; Pagin\u0103 web cu informa\u021bii privind rezultatele proiectului.<\/p>\n<div class=\"fusion-button-wrapper\"><a class=\"fusion-button button-flat fusion-button-default-size button-default fusion-button-default button-1 fusion-button-default-span fusion-button-default-type\" style=\"--button-border-radius-top-left:0;--button-border-radius-top-right:0;--button-border-radius-bottom-right:0;--button-border-radius-bottom-left:0;\" target=\"_self\" href=\"https:\/\/icdp.ro\/wp-content\/uploads\/2021\/08\/ADER-7.2.2-faza-I.pdf\"><span class=\"fusion-button-text awb-button__text awb-button__text--default\">Rezultate faza I<\/span><\/a><\/div>\n<div class=\"fusion-button-wrapper\"><a class=\"fusion-button button-flat fusion-button-default-size button-default fusion-button-default button-2 fusion-button-default-span fusion-button-default-type\" style=\"--button-border-radius-top-left:0;--button-border-radius-top-right:0;--button-border-radius-bottom-right:0;--button-border-radius-bottom-left:0;\" target=\"_self\" href=\"https:\/\/icdp.ro\/wp-content\/uploads\/2021\/08\/ADER-7.2.2.-faza-II-1.pdf\"><span class=\"fusion-button-text awb-button__text awb-button__text--default\">Rezultate faza II<\/span><\/a><\/div>","protected":false},"excerpt":{"rendered":"<p>Rezultate &#8211;&nbsp; Baze de date privind caracterizarea fenotipic\u0103 a surselor de variabilitate pentru rezisten\u021ba la bolile specifice plantelor pomicole, productivitatea \u0219i calitatea fructelor la 6 specii: m\u0103r, p\u0103r, prun, cire\u015f, c\u0103p\u015fun, afin; &#8211; Screening-ul unor gene de rezisten\u021b\u0103 la bolile specifice \u00een popula\u021bii hibride cu grad diferit de polimorfism la&nbsp; 2 specii (m\u0103r \u015fi c\u0103p\u015fun);  [&#8230;]<\/p>\n","protected":false},"author":1,"featured_media":0,"parent":12272,"menu_order":3,"comment_status":"closed","ping_status":"closed","template":"","meta":{"ngg_post_thumbnail":0,"footnotes":""},"categories":[],"tags":[],"class_list":["post-12285","page","type-page","status-publish","hentry"],"_links":{"self":[{"href":"https:\/\/icdp.ro\/en\/wp-json\/wp\/v2\/pages\/12285","targetHints":{"allow":["GET"]}}],"collection":[{"href":"https:\/\/icdp.ro\/en\/wp-json\/wp\/v2\/pages"}],"about":[{"href":"https:\/\/icdp.ro\/en\/wp-json\/wp\/v2\/types\/page"}],"author":[{"embeddable":true,"href":"https:\/\/icdp.ro\/en\/wp-json\/wp\/v2\/users\/1"}],"replies":[{"embeddable":true,"href":"https:\/\/icdp.ro\/en\/wp-json\/wp\/v2\/comments?post=12285"}],"version-history":[{"count":3,"href":"https:\/\/icdp.ro\/en\/wp-json\/wp\/v2\/pages\/12285\/revisions"}],"predecessor-version":[{"id":12795,"href":"https:\/\/icdp.ro\/en\/wp-json\/wp\/v2\/pages\/12285\/revisions\/12795"}],"up":[{"embeddable":true,"href":"https:\/\/icdp.ro\/en\/wp-json\/wp\/v2\/pages\/12272"}],"wp:attachment":[{"href":"https:\/\/icdp.ro\/en\/wp-json\/wp\/v2\/media?parent=12285"}],"wp:term":[{"taxonomy":"category","embeddable":true,"href":"https:\/\/icdp.ro\/en\/wp-json\/wp\/v2\/categories?post=12285"},{"taxonomy":"post_tag","embeddable":true,"href":"https:\/\/icdp.ro\/en\/wp-json\/wp\/v2\/tags?post=12285"}],"curies":[{"name":"wp","href":"https:\/\/api.w.org\/{rel}","templated":true}]}}