{"id":12281,"date":"2020-06-22T11:52:47","date_gmt":"2020-06-22T08:52:47","guid":{"rendered":"https:\/\/icdp.ro\/?page_id=12281"},"modified":"2023-09-25T23:44:13","modified_gmt":"2023-09-25T20:44:13","slug":"rezumat","status":"publish","type":"page","link":"https:\/\/icdp.ro\/en\/cercetare\/proiecte-nationale\/plan-sectorial-madr\/proiect-ader-7-2-2\/rezumat\/","title":{"rendered":"Rezumat"},"content":{"rendered":"<h5>Rezumat<\/h5>\n<p>Prin procesul de ameliorare a soiurile noi de pomi, arbu\u0219ti fructiferi \u0219i c\u0103p\u0219un este necesar s\u0103 se introduc\u0103 \u00eentr-un genotip un complex de gene de provenien\u021b\u0103 diferit\u0103 pentru a produce modific\u0103rile fenotipice, conform rela\u021biei: genotip nou + mediul de cultur\u0103 + tehnologia \u00bb\u00bb\u00bb expresia comercial\u0103 a produsului (soi, clon\u0103, hibrid comercial). \u00cen ameliorarea conven\u021bional\u0103, amelioratorul alege genitorii (p\u0103rin\u021bii), realizeaz\u0103 hibridarea (\u00eencruci\u0219area), dar rezultatele sunt imprevizibile. ADN-ul genitorilor se recombin\u0103 \u00een mod aleatoriu, iar caracterele utile (exemplu: rezisten\u021ba la boli) pot fi asociate cu tr\u0103s\u0103turi nedorite (exemplu: produc\u021bie mic\u0103, calitate sc\u0103zut\u0103 a fructelor). Ameliorarea conven\u0163ional\u0103 este o activitate consumatoare de timp \u0219i bani (de cele mai multe ori, rezultatele apar dup\u0103 zeci de ani) \u015fi depinde de condi\u0163iile mediului ambiant. De aceea, proiectul propune identificarea \u0219i verificarea unor metode de \u00eembun\u0103t\u0103\u0163ire a strategiei de selec\u0163ie, bazate pe progresele din biotehnologii \u0219i genomic\u0103, oferind posibilit\u0103\u021bi reale de accelerare a procesului de ameliorare.<\/p>\n<p>&nbsp;&nbsp;&nbsp;&nbsp;&nbsp;&nbsp;&nbsp;&nbsp;&nbsp; Pornind de la sursele de gene din colec\u021biile pomologice \u0219i c\u00e2mpurile de selec\u021bie, de\u021binute de unit\u0103\u021bile participante la realizarea prezentului proiect, dup\u0103 selec\u021bia primar\u0103 privind rezisten\u021ba la boli specifice, productivitate \u0219i calitate fruct, se vor \u00eentocmi profile morfologice (conform descriptorilor UPOV \u0219i ECPGR) pentru noile surse de variabilitate identificate. \u00cen etapa urm\u0103toare, sursele identificate vor fi utilizate ca donori de gene \u00een vederea ob\u021binerii materialului ini\u021bial de ameliorare. Folosind tehnicile moleculare, popula\u021biile hibride rezultate vor fi supuse screening-ului genelor de rezisten\u021b\u0103 la boli specifice pentru identificarea rapid\u0103 a genotipurilor de interes \u00een ameliorare. \u00cen paralel, se va desf\u0103\u0219ura un proces de selec\u021bie \u00een flora spontan\u0103 pentru identificarea, colectarea \u0219i introducerea \u00een materialul ini\u021bial de ameliorare a unor selec\u021bii locale (de cire\u0219 \u0219i c\u0103tin\u0103), necesare l\u0103rgirii bazei genetice. Av\u00e2nd \u00een vedere reac\u021bia plantelor la atacul agen\u021bilor patogeni (rezisten\u021b\u0103, toleran\u021b\u0103, imunitate, sensibilitate), pentru selec\u021bia timpurie la rap\u0103nul m\u0103rului (<em>Venturia inaequalis<\/em>) se vor realiza infec\u021bii artificiale \u00een condi\u021bii controlate de laborator pentru tot materialul hibrid ob\u021binut \u00een cadrul proiectului.<\/p>\n<p>&nbsp;<\/p>\n<p>&nbsp;<\/p>","protected":false},"excerpt":{"rendered":"<p>Rezumat Prin procesul de ameliorare a soiurile noi de pomi, arbu\u0219ti fructiferi \u0219i c\u0103p\u0219un este necesar s\u0103 se introduc\u0103 \u00eentr-un genotip un complex de gene de provenien\u021b\u0103 diferit\u0103 pentru a produce modific\u0103rile fenotipice, conform rela\u021biei: genotip nou + mediul de cultur\u0103 + tehnologia \u00bb\u00bb\u00bb expresia comercial\u0103 a produsului (soi, clon\u0103, hibrid comercial). \u00cen ameliorarea conven\u021bional\u0103,  [&#8230;]<\/p>\n","protected":false},"author":1,"featured_media":0,"parent":12272,"menu_order":1,"comment_status":"closed","ping_status":"closed","template":"","meta":{"ngg_post_thumbnail":0,"footnotes":""},"categories":[],"tags":[],"class_list":["post-12281","page","type-page","status-publish","hentry"],"_links":{"self":[{"href":"https:\/\/icdp.ro\/en\/wp-json\/wp\/v2\/pages\/12281","targetHints":{"allow":["GET"]}}],"collection":[{"href":"https:\/\/icdp.ro\/en\/wp-json\/wp\/v2\/pages"}],"about":[{"href":"https:\/\/icdp.ro\/en\/wp-json\/wp\/v2\/types\/page"}],"author":[{"embeddable":true,"href":"https:\/\/icdp.ro\/en\/wp-json\/wp\/v2\/users\/1"}],"replies":[{"embeddable":true,"href":"https:\/\/icdp.ro\/en\/wp-json\/wp\/v2\/comments?post=12281"}],"version-history":[{"count":1,"href":"https:\/\/icdp.ro\/en\/wp-json\/wp\/v2\/pages\/12281\/revisions"}],"predecessor-version":[{"id":12282,"href":"https:\/\/icdp.ro\/en\/wp-json\/wp\/v2\/pages\/12281\/revisions\/12282"}],"up":[{"embeddable":true,"href":"https:\/\/icdp.ro\/en\/wp-json\/wp\/v2\/pages\/12272"}],"wp:attachment":[{"href":"https:\/\/icdp.ro\/en\/wp-json\/wp\/v2\/media?parent=12281"}],"wp:term":[{"taxonomy":"category","embeddable":true,"href":"https:\/\/icdp.ro\/en\/wp-json\/wp\/v2\/categories?post=12281"},{"taxonomy":"post_tag","embeddable":true,"href":"https:\/\/icdp.ro\/en\/wp-json\/wp\/v2\/tags?post=12281"}],"curies":[{"name":"wp","href":"https:\/\/api.w.org\/{rel}","templated":true}]}}