{"id":12263,"date":"2020-06-22T11:41:18","date_gmt":"2020-06-22T08:41:18","guid":{"rendered":"https:\/\/icdp.ro\/?page_id=12263"},"modified":"2023-09-25T23:43:19","modified_gmt":"2023-09-25T20:43:19","slug":"scop-si-obiective","status":"publish","type":"page","link":"https:\/\/icdp.ro\/en\/cercetare\/proiecte-nationale\/plan-tematic-asas\/asas-6\/scop-si-obiective\/","title":{"rendered":"Scop \u0219i obiective"},"content":{"rendered":"<h5>Scop \u0219i obiective<\/h5>\n<p><strong>Scopul proiectului<\/strong>: Eficientizarea terenurilor degradate prin cultivarea de specii de arbu\u0219ti fructiferi \u00een sistem ecologic.<\/p>\n<p><strong>Obiectivele proiectului<\/strong>:<\/p>\n<ol>\n<li>Punerea \u00een valoare a terenurilor degradate;<\/li>\n<li>Identificarea unor specii de arbu\u0219ti fructiferi pretabile pentru agricultura ecologic\u0103;<\/li>\n<li>Reducerea fenomenelor de degradare prin g\u0103sirea unor solu\u021bii tehnologice ecologice;<\/li>\n<li>Realizarea unor tehnologii\/secven\u021be tehnologice inovative \u0219i eficiente de cultur\u0103 a arbu\u0219tilor fructiferi \u00een sistem ecologic, pentru cele mai r\u0103sp\u00e2ndite terenuri agricole degradate din Rom\u00e2nia.<\/li>\n<\/ol>\n<p>&nbsp;<\/p>","protected":false},"excerpt":{"rendered":"<p>Scop \u0219i obiective Scopul proiectului: Eficientizarea terenurilor degradate prin cultivarea de specii de arbu\u0219ti fructiferi \u00een sistem ecologic. Obiectivele proiectului: Punerea \u00een valoare a terenurilor degradate; Identificarea unor specii de arbu\u0219ti fructiferi pretabile pentru agricultura ecologic\u0103; Reducerea fenomenelor de degradare prin g\u0103sirea unor solu\u021bii tehnologice ecologice; Realizarea unor tehnologii\/secven\u021be tehnologice inovative \u0219i eficiente de cultur\u0103  [&#8230;]<\/p>\n","protected":false},"author":1,"featured_media":0,"parent":12257,"menu_order":2,"comment_status":"closed","ping_status":"closed","template":"","meta":{"ngg_post_thumbnail":0,"footnotes":""},"categories":[],"tags":[],"class_list":["post-12263","page","type-page","status-publish","hentry"],"_links":{"self":[{"href":"https:\/\/icdp.ro\/en\/wp-json\/wp\/v2\/pages\/12263","targetHints":{"allow":["GET"]}}],"collection":[{"href":"https:\/\/icdp.ro\/en\/wp-json\/wp\/v2\/pages"}],"about":[{"href":"https:\/\/icdp.ro\/en\/wp-json\/wp\/v2\/types\/page"}],"author":[{"embeddable":true,"href":"https:\/\/icdp.ro\/en\/wp-json\/wp\/v2\/users\/1"}],"replies":[{"embeddable":true,"href":"https:\/\/icdp.ro\/en\/wp-json\/wp\/v2\/comments?post=12263"}],"version-history":[{"count":1,"href":"https:\/\/icdp.ro\/en\/wp-json\/wp\/v2\/pages\/12263\/revisions"}],"predecessor-version":[{"id":12264,"href":"https:\/\/icdp.ro\/en\/wp-json\/wp\/v2\/pages\/12263\/revisions\/12264"}],"up":[{"embeddable":true,"href":"https:\/\/icdp.ro\/en\/wp-json\/wp\/v2\/pages\/12257"}],"wp:attachment":[{"href":"https:\/\/icdp.ro\/en\/wp-json\/wp\/v2\/media?parent=12263"}],"wp:term":[{"taxonomy":"category","embeddable":true,"href":"https:\/\/icdp.ro\/en\/wp-json\/wp\/v2\/categories?post=12263"},{"taxonomy":"post_tag","embeddable":true,"href":"https:\/\/icdp.ro\/en\/wp-json\/wp\/v2\/tags?post=12263"}],"curies":[{"name":"wp","href":"https:\/\/api.w.org\/{rel}","templated":true}]}}