{"id":12152,"date":"2019-04-08T12:28:41","date_gmt":"2019-04-08T09:28:41","guid":{"rendered":"http:\/\/icdp.ro\/?page_id=12152"},"modified":"2023-09-25T23:29:47","modified_gmt":"2023-09-25T20:29:47","slug":"raport-impact","status":"publish","type":"page","link":"https:\/\/icdp.ro\/en\/cercetare\/proiecte-nationale\/proiect-ci-139\/raport-impact\/","title":{"rendered":"Raport impact"},"content":{"rendered":"<p>Rezultatele ob\u021binute \u00een urma derul\u0103rii proiectului constau \u00een realizarea unei tehnologii de nutri\u021bie \u0219i fitoprotec\u021bie, cu produse agreeate de agricultura ecologic\u0103 \u0219i se adreseaz\u0103 cultivatorilor de afin \u00een sistem ecologic.<\/p>\n<p>Aspectul inovativ al proiectului const\u0103 \u00een \u00eembinarea \u00eentr-o tehnologie unitar\u0103 a unor produse care declan\u0219eaz\u0103 \u0219i sporesc capacitatea de autoap\u0103rare a plantelor de afin. Aceste produse, au o ac\u021biune combinat\u0103, de fertilizant, stimulant natural \u0219i biopesticid care asigur\u0103 deopotriv\u0103 necesarul plantelor pentru elemente nutritive, o stare fiziologic\u0103 corespunz\u0103toare, protec\u021bia \u0219i imunizarea plantelor \u00eempotriva agen\u021bilor de d\u0103unare specifici culturii afinului.&nbsp;<\/p>\n<p>Tehnologia privind nutri\u021bia \u0219i starea de s\u0103n\u0103tate a planta\u021biilor de afin implementat\u0103 \u00een prezentul proiect reprezint\u0103 o alternativ\u0103 la tehnologia conven\u021bional\u0103, care permite&nbsp; realizarea unei st\u0103ri fiziologice \u0219i fitosanitare optime, concomitent cu protejarea mediului ambiant \u0219i a biodiversit\u0103\u021bii ecosistemului pomicol, a entomofaunei utile \u0219i a habitatului uman, reduc\u00e2nd riscurile tehnologice \u0219i comerciale.<\/p>\n<p>Tehnologia de nutri\u021bie \u0219i fitoprotec\u021bie a planta\u021biilor de afin cu produse permise de<\/p>\n<p>agricultura ecologic\u0103, propus\u0103 \u0219i implementat\u0103 \u00een cadrul proiectului, prezint\u0103 numeroase avantaje:<\/p>\n<p>&#8211; \u00eembun\u0103t\u0103\u021birea st\u0103rii de nutri\u021bie \u0219i fiziologice a planta\u021biilor de afin;<\/p>\n<p>&#8211; ob\u021binerea unor recolte de fructe de calitate superioar\u0103, f\u0103r\u0103 reziduuri;<\/p>\n<p>&#8211; pre\u021bul fructelor produse \u00een sistem ecologic este stimulativ, fiind mai mare dec\u00e2t al celor produse \u00een sistem conven\u021bional;<\/p>\n<p>&#8211; \u00een ultimii ani, cererea de produse ecologice este din ce \u00een ce mai mare;<\/p>\n<p>&#8211; prin aplicarea tehnologiilor de nutri\u021bie \u0219i fitoprotec\u021bie cu produse permise de agricultura ecologic\u0103, impactul asupra mediului \u00eenconjur\u0103tor este redus sau nul;<\/p>\n<p>&#8211; cre\u0219terea competitivit\u0103\u021bii pe plan na\u021bional \u0219i chiar interna\u021bional a produc\u0103torilor de afin.<\/p>\n<p>Prin implementarea tehnologiei de nutri\u021bie \u0219i fitoprotec\u021bie cu produse permise de agricultura ecologic\u0103 destinate utiliz\u0103rii \u00een planta\u021biile de afin, la beneficiar a fost \u00eembun\u0103t\u0103\u021bit\u0103 starea fiziologic\u0103 \u0219i de nutri\u021bie a plantelor, s-a ob\u021binut o recolt\u0103 de fructe de calitate superioar\u0103, f\u0103r\u0103 reziduuri \u0219i contaminan\u021bi, ceea ce a determinat o valorificare mai bun\u0103 \u0219i o cre\u0219tere a cifrei de afaceri cu aproximativ 10%.&nbsp;<\/p>\n<p><a href=\"http:\/\/icdp.ro\/wp-content\/uploads\/2019\/04\/image001.jpg\"><img decoding=\"async\" class=\"alignleft wp-image-12155 size-200\" src=\"http:\/\/icdp.ro\/wp-content\/uploads\/2019\/04\/image001-200x133.jpg\" alt=\"\" width=\"200\" height=\"133\" srcset=\"https:\/\/icdp.ro\/wp-content\/uploads\/2019\/04\/image001-200x133.jpg 200w, https:\/\/icdp.ro\/wp-content\/uploads\/2019\/04\/image001-300x199.jpg 300w, https:\/\/icdp.ro\/wp-content\/uploads\/2019\/04\/image001-400x265.jpg 400w, https:\/\/icdp.ro\/wp-content\/uploads\/2019\/04\/image001.jpg 535w\" sizes=\"(max-width: 200px) 100vw, 200px\" \/><\/a> <a href=\"http:\/\/icdp.ro\/wp-content\/uploads\/2019\/04\/image002.jpg\"><img decoding=\"async\" class=\"alignleft wp-image-12156 size-200\" src=\"http:\/\/icdp.ro\/wp-content\/uploads\/2019\/04\/image002-200x188.jpg\" alt=\"\" width=\"200\" height=\"188\" srcset=\"https:\/\/icdp.ro\/wp-content\/uploads\/2019\/04\/image002-200x188.jpg 200w, https:\/\/icdp.ro\/wp-content\/uploads\/2019\/04\/image002-300x281.jpg 300w, https:\/\/icdp.ro\/wp-content\/uploads\/2019\/04\/image002.jpg 385w\" sizes=\"(max-width: 200px) 100vw, 200px\" \/><\/a> <a href=\"http:\/\/icdp.ro\/wp-content\/uploads\/2019\/04\/image003.jpg\"><img decoding=\"async\" class=\"alignleft wp-image-12157 size-200\" src=\"http:\/\/icdp.ro\/wp-content\/uploads\/2019\/04\/image003-200x150.jpg\" alt=\"\" width=\"200\" height=\"150\" srcset=\"https:\/\/icdp.ro\/wp-content\/uploads\/2019\/04\/image003-200x150.jpg 200w, https:\/\/icdp.ro\/wp-content\/uploads\/2019\/04\/image003-300x225.jpg 300w, https:\/\/icdp.ro\/wp-content\/uploads\/2019\/04\/image003-400x300.jpg 400w, https:\/\/icdp.ro\/wp-content\/uploads\/2019\/04\/image003.jpg 459w\" sizes=\"(max-width: 200px) 100vw, 200px\" \/><\/a><\/p>\n<p>&nbsp;<\/p>\n<p>&nbsp;<\/p>\n<p>&nbsp;<\/p>\n<p>&nbsp;<\/p>\n<p>&nbsp;<\/p>\n<p>&nbsp;<\/p>","protected":false},"excerpt":{"rendered":"<p>Rezultatele ob\u021binute \u00een urma derul\u0103rii proiectului constau \u00een realizarea unei tehnologii de nutri\u021bie \u0219i fitoprotec\u021bie, cu produse agreeate de agricultura ecologic\u0103 \u0219i se adreseaz\u0103 cultivatorilor de afin \u00een sistem ecologic. Aspectul inovativ al proiectului const\u0103 \u00een \u00eembinarea \u00eentr-o tehnologie unitar\u0103 a unor produse care declan\u0219eaz\u0103 \u0219i sporesc capacitatea de autoap\u0103rare a plantelor de afin. Aceste  [&#8230;]<\/p>\n","protected":false},"author":1,"featured_media":0,"parent":11609,"menu_order":5,"comment_status":"closed","ping_status":"closed","template":"","meta":{"ngg_post_thumbnail":0,"footnotes":""},"categories":[],"tags":[],"class_list":["post-12152","page","type-page","status-publish","hentry"],"_links":{"self":[{"href":"https:\/\/icdp.ro\/en\/wp-json\/wp\/v2\/pages\/12152","targetHints":{"allow":["GET"]}}],"collection":[{"href":"https:\/\/icdp.ro\/en\/wp-json\/wp\/v2\/pages"}],"about":[{"href":"https:\/\/icdp.ro\/en\/wp-json\/wp\/v2\/types\/page"}],"author":[{"embeddable":true,"href":"https:\/\/icdp.ro\/en\/wp-json\/wp\/v2\/users\/1"}],"replies":[{"embeddable":true,"href":"https:\/\/icdp.ro\/en\/wp-json\/wp\/v2\/comments?post=12152"}],"version-history":[{"count":5,"href":"https:\/\/icdp.ro\/en\/wp-json\/wp\/v2\/pages\/12152\/revisions"}],"predecessor-version":[{"id":12160,"href":"https:\/\/icdp.ro\/en\/wp-json\/wp\/v2\/pages\/12152\/revisions\/12160"}],"up":[{"embeddable":true,"href":"https:\/\/icdp.ro\/en\/wp-json\/wp\/v2\/pages\/11609"}],"wp:attachment":[{"href":"https:\/\/icdp.ro\/en\/wp-json\/wp\/v2\/media?parent=12152"}],"wp:term":[{"taxonomy":"category","embeddable":true,"href":"https:\/\/icdp.ro\/en\/wp-json\/wp\/v2\/categories?post=12152"},{"taxonomy":"post_tag","embeddable":true,"href":"https:\/\/icdp.ro\/en\/wp-json\/wp\/v2\/tags?post=12152"}],"curies":[{"name":"wp","href":"https:\/\/api.w.org\/{rel}","templated":true}]}}