{"id":12032,"date":"2019-02-26T17:07:05","date_gmt":"2019-02-26T15:07:05","guid":{"rendered":"http:\/\/icdp.ro\/?page_id=12032"},"modified":"2019-02-26T17:07:05","modified_gmt":"2019-02-26T15:07:05","slug":"stelar","status":"publish","type":"page","link":"https:\/\/icdp.ro\/en\/cercetare\/genetica-si-ameliorare\/genetica\/stelar\/","title":{"rendered":"STELAR"},"content":{"rendered":"<p><strong><a href=\"http:\/\/icdp.ro\/wp-content\/uploads\/2019\/02\/Stelar.jpg\"><img decoding=\"async\" class=\"alignright size-400 wp-image-11856\" src=\"http:\/\/icdp.ro\/wp-content\/uploads\/2019\/02\/Stelar-400x378.jpg\" alt=\"\" width=\"400\" height=\"378\" srcset=\"https:\/\/icdp.ro\/wp-content\/uploads\/2019\/02\/Stelar-200x189.jpg 200w, https:\/\/icdp.ro\/wp-content\/uploads\/2019\/02\/Stelar-300x283.jpg 300w, https:\/\/icdp.ro\/wp-content\/uploads\/2019\/02\/Stelar-400x378.jpg 400w, https:\/\/icdp.ro\/wp-content\/uploads\/2019\/02\/Stelar-600x566.jpg 600w, https:\/\/icdp.ro\/wp-content\/uploads\/2019\/02\/Stelar.jpg 626w\" sizes=\"(max-width: 400px) 100vw, 400px\" \/><\/a>Year of registration:<\/strong> 2008.<br \/>\n<strong>Author:<\/strong> S. Budan.<br \/>\n<strong>Parents:<\/strong> Mocanesti 16 x Anglaise Hative.<br \/>\n\u25cf Tree: medium-strong vigor, upright spreading canopy, spur, partial self-fertile, intermediate yield efficiency, tolerant to <em>Blumeriella<\/em><em> jaapii<\/em> (Rehm) Arx.). <em>Monilia <\/em>sp.<br \/>\n\u25cf Fruit: large size (6,2 g), round-elongate shape, long stalk, dark red skin color, soft flash firmness, juicy, pink juice, intermediate stone size, sweet\/acid taste, excellent for fresh fruit market  and for processing.<br \/>\n\u25cf Ripening time: at the end of first decade of June.<\/p>","protected":false},"excerpt":{"rendered":"<p>Anul omolog\u0103rii: 2008. Autori: S. Budan. Genitori: Moc\u0103ne\u015fti 16 x Anglaise Hative. \u25cf Pom de vigoare medie spre mare, coroan\u0103 rar\u0103, larg piramidal\u0103, rodire pe buchete de mai \u015fi ramuri plete, par\u0163ial autofertil, moderat productiv, toleran\u0163\u0103 la Blumeriella jaapii (Rehm) Arx.)\u015fi Monilia sp. \u25cf Fructul de m\u0103rime mare (6,2g), sferic alungit, peduncul lung, epiderma ro\u015fu  [&#8230;]<\/p>\n","protected":false},"author":1,"featured_media":11856,"parent":11780,"menu_order":67,"comment_status":"closed","ping_status":"closed","template":"","meta":{"ngg_post_thumbnail":0,"footnotes":""},"categories":[38],"tags":[],"class_list":["post-12032","page","type-page","status-publish","has-post-thumbnail","hentry","category-visine"],"_links":{"self":[{"href":"https:\/\/icdp.ro\/en\/wp-json\/wp\/v2\/pages\/12032","targetHints":{"allow":["GET"]}}],"collection":[{"href":"https:\/\/icdp.ro\/en\/wp-json\/wp\/v2\/pages"}],"about":[{"href":"https:\/\/icdp.ro\/en\/wp-json\/wp\/v2\/types\/page"}],"author":[{"embeddable":true,"href":"https:\/\/icdp.ro\/en\/wp-json\/wp\/v2\/users\/1"}],"replies":[{"embeddable":true,"href":"https:\/\/icdp.ro\/en\/wp-json\/wp\/v2\/comments?post=12032"}],"version-history":[{"count":1,"href":"https:\/\/icdp.ro\/en\/wp-json\/wp\/v2\/pages\/12032\/revisions"}],"predecessor-version":[{"id":12033,"href":"https:\/\/icdp.ro\/en\/wp-json\/wp\/v2\/pages\/12032\/revisions\/12033"}],"up":[{"embeddable":true,"href":"https:\/\/icdp.ro\/en\/wp-json\/wp\/v2\/pages\/11780"}],"wp:featuredmedia":[{"embeddable":true,"href":"https:\/\/icdp.ro\/en\/wp-json\/wp\/v2\/media\/11856"}],"wp:attachment":[{"href":"https:\/\/icdp.ro\/en\/wp-json\/wp\/v2\/media?parent=12032"}],"wp:term":[{"taxonomy":"category","embeddable":true,"href":"https:\/\/icdp.ro\/en\/wp-json\/wp\/v2\/categories?post=12032"},{"taxonomy":"post_tag","embeddable":true,"href":"https:\/\/icdp.ro\/en\/wp-json\/wp\/v2\/tags?post=12032"}],"curies":[{"name":"wp","href":"https:\/\/api.w.org\/{rel}","templated":true}]}}