{"id":12030,"date":"2019-02-26T17:06:28","date_gmt":"2019-02-26T15:06:28","guid":{"rendered":"http:\/\/icdp.ro\/?page_id=12030"},"modified":"2019-02-26T17:06:28","modified_gmt":"2019-02-26T15:06:28","slug":"rival","status":"publish","type":"page","link":"https:\/\/icdp.ro\/en\/cercetare\/genetica-si-ameliorare\/genetica\/rival\/","title":{"rendered":"RIVAL"},"content":{"rendered":"<p><strong><a href=\"http:\/\/icdp.ro\/wp-content\/uploads\/2019\/02\/Rival1.jpg\"><img decoding=\"async\" class=\"alignright size-400 wp-image-11836\" src=\"http:\/\/icdp.ro\/wp-content\/uploads\/2019\/02\/Rival1-400x378.jpg\" alt=\"\" width=\"400\" height=\"378\" srcset=\"https:\/\/icdp.ro\/wp-content\/uploads\/2019\/02\/Rival1-200x189.jpg 200w, https:\/\/icdp.ro\/wp-content\/uploads\/2019\/02\/Rival1-300x283.jpg 300w, https:\/\/icdp.ro\/wp-content\/uploads\/2019\/02\/Rival1-400x378.jpg 400w, https:\/\/icdp.ro\/wp-content\/uploads\/2019\/02\/Rival1-600x566.jpg 600w, https:\/\/icdp.ro\/wp-content\/uploads\/2019\/02\/Rival1.jpg 626w\" sizes=\"(max-width: 400px) 100vw, 400px\" \/><\/a>Year of registration:<\/strong> 2004.<br \/>\n<strong>Author:<\/strong> S. Budan.<br \/>\n<strong>Parents: <\/strong>Griot Moscovski x Nana.<br \/>\n\u25cf Tree: intermediate vigor, spreading canopy, partial self-fertile, good yield efficiency, sensitive to <em>Monilia<\/em>and tolerant to <em>Blumeriella<\/em><em> jaapii<\/em> (Rehm) Arx.)<br \/>\n\u25cf Fruit: medium-large size (5 g), elongate shape, long stalk, red skin color, soft flash firmness, juicy, red juice, large stone size, acid taste, excellent for processing.<br \/>\n\u25cf Ripening time: at the end of June.<\/p>","protected":false},"excerpt":{"rendered":"<p>Anul omolog\u0103rii: 2004. Autori: S. Budan Genitori: Griot Moscovski x Nana. \u25cf Pom de vigoare medie, coron\u0103 etalat\u0103, fructificare pe buchete de mai, par\u0163ial autofertil, productiv, sensibil la Monilia, tolerant la Blumeriella jaapii (Rehm) Arx.). \u25cf Fructul de m\u0103rime medie-mare (5g), oblong, peduncul lung, epiderma ro\u015fie, pulpa moale, suculent\u0103, sucul ro\u015fu, s\u00e2mbure mare, gust acid,  [&#8230;]<\/p>\n","protected":false},"author":1,"featured_media":11836,"parent":11780,"menu_order":66,"comment_status":"closed","ping_status":"closed","template":"","meta":{"ngg_post_thumbnail":0,"footnotes":""},"categories":[38],"tags":[],"class_list":["post-12030","page","type-page","status-publish","has-post-thumbnail","hentry","category-visine"],"_links":{"self":[{"href":"https:\/\/icdp.ro\/en\/wp-json\/wp\/v2\/pages\/12030","targetHints":{"allow":["GET"]}}],"collection":[{"href":"https:\/\/icdp.ro\/en\/wp-json\/wp\/v2\/pages"}],"about":[{"href":"https:\/\/icdp.ro\/en\/wp-json\/wp\/v2\/types\/page"}],"author":[{"embeddable":true,"href":"https:\/\/icdp.ro\/en\/wp-json\/wp\/v2\/users\/1"}],"replies":[{"embeddable":true,"href":"https:\/\/icdp.ro\/en\/wp-json\/wp\/v2\/comments?post=12030"}],"version-history":[{"count":1,"href":"https:\/\/icdp.ro\/en\/wp-json\/wp\/v2\/pages\/12030\/revisions"}],"predecessor-version":[{"id":12031,"href":"https:\/\/icdp.ro\/en\/wp-json\/wp\/v2\/pages\/12030\/revisions\/12031"}],"up":[{"embeddable":true,"href":"https:\/\/icdp.ro\/en\/wp-json\/wp\/v2\/pages\/11780"}],"wp:featuredmedia":[{"embeddable":true,"href":"https:\/\/icdp.ro\/en\/wp-json\/wp\/v2\/media\/11836"}],"wp:attachment":[{"href":"https:\/\/icdp.ro\/en\/wp-json\/wp\/v2\/media?parent=12030"}],"wp:term":[{"taxonomy":"category","embeddable":true,"href":"https:\/\/icdp.ro\/en\/wp-json\/wp\/v2\/categories?post=12030"},{"taxonomy":"post_tag","embeddable":true,"href":"https:\/\/icdp.ro\/en\/wp-json\/wp\/v2\/tags?post=12030"}],"curies":[{"name":"wp","href":"https:\/\/api.w.org\/{rel}","templated":true}]}}