{"id":12028,"date":"2019-02-26T17:04:30","date_gmt":"2019-02-26T15:04:30","guid":{"rendered":"http:\/\/icdp.ro\/?page_id=12028"},"modified":"2019-02-26T17:04:30","modified_gmt":"2019-02-26T15:04:30","slug":"tarina","status":"publish","type":"page","link":"https:\/\/icdp.ro\/en\/cercetare\/genetica-si-ameliorare\/genetica\/tarina\/","title":{"rendered":"TARINA"},"content":{"rendered":"<p><strong><a href=\"http:\/\/icdp.ro\/wp-content\/uploads\/2019\/02\/Tarina.jpg\"><img decoding=\"async\" class=\"alignright size-400 wp-image-11859\" src=\"http:\/\/icdp.ro\/wp-content\/uploads\/2019\/02\/Tarina-400x378.jpg\" alt=\"\" width=\"400\" height=\"378\" srcset=\"https:\/\/icdp.ro\/wp-content\/uploads\/2019\/02\/Tarina-200x189.jpg 200w, https:\/\/icdp.ro\/wp-content\/uploads\/2019\/02\/Tarina-300x283.jpg 300w, https:\/\/icdp.ro\/wp-content\/uploads\/2019\/02\/Tarina-400x378.jpg 400w, https:\/\/icdp.ro\/wp-content\/uploads\/2019\/02\/Tarina-600x566.jpg 600w, https:\/\/icdp.ro\/wp-content\/uploads\/2019\/02\/Tarina.jpg 626w\" sizes=\"(max-width: 400px) 100vw, 400px\" \/><\/a>Year of registration:<\/strong> 1984.<br \/>\n<strong>Author:<\/strong> V. Cociu, T. Gozob.<br \/>\n<strong>Parents:<\/strong> Anglaise Hative x Vi\u015fin tuf\u0103.<br \/>\n\u25cf Tree: low vigor, upright canopy, spur, self-sterile, intermediate yield efficiency, tolerant to <em>Blumeriella<\/em><em> jaapii<\/em> (Rehm) Arx.).<em> Monilia <\/em>sp.<em>.<\/em><br \/>\n\u25cf Fruit: medium size (4,2 g), round-elongate shape, long stalk, dark red skin color, intermediate firm flash, juicy, pink juice, intermediate stone size, sweet\/acid taste, excellent for fresh fruit market.<br \/>\n\u25cf Ripening time: in the first decade of June.<\/p>","protected":false},"excerpt":{"rendered":"<p>Anul omolog\u0103rii: 1984. Autori: V. Cociu, T. Gozob. Genitori: Anglaise Hative x Vi\u015fin tuf\u0103. \u25cf Pom de vigoare mic\u0103, coroan\u0103 invers piramidal\u0103, fructificare pe buchete de mai, autosteril, moderat productiv, toleran\u0163\u0103 la Blumeriella jaapii (Rehm) Arx.)\u015fi Monilia sp. \u25cf Fructul de m\u0103rime medie (4,2g), sferic u\u015for alungit, peduncul lung, epiderma ro\u015fu \u00eenchis, pulpa de consisten\u0163\u0103  [&#8230;]<\/p>\n","protected":false},"author":1,"featured_media":11859,"parent":11780,"menu_order":65,"comment_status":"closed","ping_status":"closed","template":"","meta":{"ngg_post_thumbnail":0,"footnotes":""},"categories":[38],"tags":[],"class_list":["post-12028","page","type-page","status-publish","has-post-thumbnail","hentry","category-visine"],"_links":{"self":[{"href":"https:\/\/icdp.ro\/en\/wp-json\/wp\/v2\/pages\/12028","targetHints":{"allow":["GET"]}}],"collection":[{"href":"https:\/\/icdp.ro\/en\/wp-json\/wp\/v2\/pages"}],"about":[{"href":"https:\/\/icdp.ro\/en\/wp-json\/wp\/v2\/types\/page"}],"author":[{"embeddable":true,"href":"https:\/\/icdp.ro\/en\/wp-json\/wp\/v2\/users\/1"}],"replies":[{"embeddable":true,"href":"https:\/\/icdp.ro\/en\/wp-json\/wp\/v2\/comments?post=12028"}],"version-history":[{"count":1,"href":"https:\/\/icdp.ro\/en\/wp-json\/wp\/v2\/pages\/12028\/revisions"}],"predecessor-version":[{"id":12029,"href":"https:\/\/icdp.ro\/en\/wp-json\/wp\/v2\/pages\/12028\/revisions\/12029"}],"up":[{"embeddable":true,"href":"https:\/\/icdp.ro\/en\/wp-json\/wp\/v2\/pages\/11780"}],"wp:featuredmedia":[{"embeddable":true,"href":"https:\/\/icdp.ro\/en\/wp-json\/wp\/v2\/media\/11859"}],"wp:attachment":[{"href":"https:\/\/icdp.ro\/en\/wp-json\/wp\/v2\/media?parent=12028"}],"wp:term":[{"taxonomy":"category","embeddable":true,"href":"https:\/\/icdp.ro\/en\/wp-json\/wp\/v2\/categories?post=12028"},{"taxonomy":"post_tag","embeddable":true,"href":"https:\/\/icdp.ro\/en\/wp-json\/wp\/v2\/tags?post=12028"}],"curies":[{"name":"wp","href":"https:\/\/api.w.org\/{rel}","templated":true}]}}