{"id":12026,"date":"2019-02-26T17:03:52","date_gmt":"2019-02-26T15:03:52","guid":{"rendered":"http:\/\/icdp.ro\/?page_id=12026"},"modified":"2019-02-26T17:03:52","modified_gmt":"2019-02-26T15:03:52","slug":"dropia","status":"publish","type":"page","link":"https:\/\/icdp.ro\/en\/cercetare\/genetica-si-ameliorare\/genetica\/dropia\/","title":{"rendered":"DROPIA"},"content":{"rendered":"<p><strong><a href=\"http:\/\/icdp.ro\/wp-content\/uploads\/2019\/02\/Dropia-visin.jpg\"><img decoding=\"async\" class=\"alignright size-400 wp-image-11809\" src=\"http:\/\/icdp.ro\/wp-content\/uploads\/2019\/02\/Dropia-visin-400x378.jpg\" alt=\"\" width=\"400\" height=\"378\" srcset=\"https:\/\/icdp.ro\/wp-content\/uploads\/2019\/02\/Dropia-visin-200x189.jpg 200w, https:\/\/icdp.ro\/wp-content\/uploads\/2019\/02\/Dropia-visin-300x283.jpg 300w, https:\/\/icdp.ro\/wp-content\/uploads\/2019\/02\/Dropia-visin-400x378.jpg 400w, https:\/\/icdp.ro\/wp-content\/uploads\/2019\/02\/Dropia-visin-600x566.jpg 600w, https:\/\/icdp.ro\/wp-content\/uploads\/2019\/02\/Dropia-visin.jpg 626w\" sizes=\"(max-width: 400px) 100vw, 400px\" \/><\/a>Year of registration:<\/strong> 1982.<br \/>\n<strong>Author:<\/strong> V. Cociu, T. Gozob.<br \/>\n<strong>Parents:<\/strong> Vladimirskaia 33\/23 open pollination.<br \/>\n\u25cf Tree: low vigor, wiping canopy, partial self-fertile, good yield efficiency, tolerant to <em>Monilia<\/em> sp. and susceptible to <em>Blumeriella<\/em><em> jaapii<\/em> (Rehm) Arx.)<br \/>\n\u25cf Fruit: small-medium size (4 g), round-flat shape, long stalk, dark red skin color, intermediate firm flash, dry flash juiciness, red juice, intermediate stone size, acid taste, excellent for processing<br \/>\n\u25cf Ripening time: in the second decade of June<\/p>","protected":false},"excerpt":{"rendered":"<p>Anul omolog\u0103rii: 1982. Autori: V. Cociu, T. Gozob. Genitori: Vladimirskaia 33\/23 &#8211; polenizare liber\u0103. \u25cf Pom de vigoare mic\u0103, arbustoid, coroan\u0103 globuloas\u0103, fructificare pe ramuri mijlocii \u015fi lungi, par\u0163ial autofertil, productiv, toleran\u0163\u0103 bun\u0103 la Monilia sp. \u015fi sensibil la Blumeriella jaapii (Rehm) Arx.). \u25cf Fructul de m\u0103rime mic\u0103 (4g), sferic turtit\u0103, peduncul lung, epiderma ro\u015fu  [&#8230;]<\/p>\n","protected":false},"author":1,"featured_media":11809,"parent":11780,"menu_order":64,"comment_status":"closed","ping_status":"closed","template":"","meta":{"ngg_post_thumbnail":0,"footnotes":""},"categories":[38],"tags":[],"class_list":["post-12026","page","type-page","status-publish","has-post-thumbnail","hentry","category-visine"],"_links":{"self":[{"href":"https:\/\/icdp.ro\/en\/wp-json\/wp\/v2\/pages\/12026","targetHints":{"allow":["GET"]}}],"collection":[{"href":"https:\/\/icdp.ro\/en\/wp-json\/wp\/v2\/pages"}],"about":[{"href":"https:\/\/icdp.ro\/en\/wp-json\/wp\/v2\/types\/page"}],"author":[{"embeddable":true,"href":"https:\/\/icdp.ro\/en\/wp-json\/wp\/v2\/users\/1"}],"replies":[{"embeddable":true,"href":"https:\/\/icdp.ro\/en\/wp-json\/wp\/v2\/comments?post=12026"}],"version-history":[{"count":1,"href":"https:\/\/icdp.ro\/en\/wp-json\/wp\/v2\/pages\/12026\/revisions"}],"predecessor-version":[{"id":12027,"href":"https:\/\/icdp.ro\/en\/wp-json\/wp\/v2\/pages\/12026\/revisions\/12027"}],"up":[{"embeddable":true,"href":"https:\/\/icdp.ro\/en\/wp-json\/wp\/v2\/pages\/11780"}],"wp:featuredmedia":[{"embeddable":true,"href":"https:\/\/icdp.ro\/en\/wp-json\/wp\/v2\/media\/11809"}],"wp:attachment":[{"href":"https:\/\/icdp.ro\/en\/wp-json\/wp\/v2\/media?parent=12026"}],"wp:term":[{"taxonomy":"category","embeddable":true,"href":"https:\/\/icdp.ro\/en\/wp-json\/wp\/v2\/categories?post=12026"},{"taxonomy":"post_tag","embeddable":true,"href":"https:\/\/icdp.ro\/en\/wp-json\/wp\/v2\/tags?post=12026"}],"curies":[{"name":"wp","href":"https:\/\/api.w.org\/{rel}","templated":true}]}}