{"id":12022,"date":"2019-02-26T17:02:04","date_gmt":"2019-02-26T15:02:04","guid":{"rendered":"http:\/\/icdp.ro\/?page_id=12022"},"modified":"2019-02-26T17:02:04","modified_gmt":"2019-02-26T15:02:04","slug":"crisana-2","status":"publish","type":"page","link":"https:\/\/icdp.ro\/en\/cercetare\/genetica-si-ameliorare\/genetica\/crisana-2\/","title":{"rendered":"CRISANA 2"},"content":{"rendered":"<p><strong><a href=\"http:\/\/icdp.ro\/wp-content\/uploads\/2019\/02\/Crisana2.jpg\"><img decoding=\"async\" class=\"alignright size-400 wp-image-11802\" src=\"http:\/\/icdp.ro\/wp-content\/uploads\/2019\/02\/Crisana2-400x378.jpg\" alt=\"\" width=\"400\" height=\"378\" srcset=\"https:\/\/icdp.ro\/wp-content\/uploads\/2019\/02\/Crisana2-200x189.jpg 200w, https:\/\/icdp.ro\/wp-content\/uploads\/2019\/02\/Crisana2-300x283.jpg 300w, https:\/\/icdp.ro\/wp-content\/uploads\/2019\/02\/Crisana2-400x378.jpg 400w, https:\/\/icdp.ro\/wp-content\/uploads\/2019\/02\/Crisana2-600x566.jpg 600w, https:\/\/icdp.ro\/wp-content\/uploads\/2019\/02\/Crisana2.jpg 626w\" sizes=\"(max-width: 400px) 100vw, 400px\" \/><\/a>Year of registration: <\/strong>1975.<br \/>\n<strong>Author:<\/strong> V. Cociu.<br \/>\n<strong>Parents:<\/strong> Selection collected from a local population.<br \/>\n\u25cf Tree: strong vigor, globosely canopy, self-sterile, intermediate yield efficiency.<br \/>\n\u25cf Fruit: large size (7 g), round shape, long stalk, red skin color, intermediate firm flash, juicy, light red juice, large stone size, intermediate sweet\/acid taste, excellent for fresh fruit market and for processing.<br \/>\n\u25cf Ripening time: in the mid of June.<\/p>","protected":false},"excerpt":{"rendered":"<p>Anul omolog\u0103rii: 1975. Autori: V. Cociu. Genitori: Selec\u0163ie dintr-o popula\u0163ie local\u0103. \u25cf Pom viguros, coron\u0103 globuloas\u0103, fructificare pe ramuri mijlocii \u015fi lungi, autosteril, moderat productiv. \u25cf Fruct mare (7g), sferic, peduncul lung, epiderma ro\u015fie, pulpa consistent\u0103, suculent\u0103, sucul ro\u015fu deschis, s\u00e2mbure mare, gust bun, pretabil pentru consum \u00een stare proasp\u0103t\u0103 \u015fi prelucrare. \u25cf Epoca de  [&#8230;]<\/p>\n","protected":false},"author":1,"featured_media":11821,"parent":11780,"menu_order":62,"comment_status":"closed","ping_status":"closed","template":"","meta":{"ngg_post_thumbnail":0,"footnotes":""},"categories":[38],"tags":[],"class_list":["post-12022","page","type-page","status-publish","has-post-thumbnail","hentry","category-visine"],"_links":{"self":[{"href":"https:\/\/icdp.ro\/en\/wp-json\/wp\/v2\/pages\/12022","targetHints":{"allow":["GET"]}}],"collection":[{"href":"https:\/\/icdp.ro\/en\/wp-json\/wp\/v2\/pages"}],"about":[{"href":"https:\/\/icdp.ro\/en\/wp-json\/wp\/v2\/types\/page"}],"author":[{"embeddable":true,"href":"https:\/\/icdp.ro\/en\/wp-json\/wp\/v2\/users\/1"}],"replies":[{"embeddable":true,"href":"https:\/\/icdp.ro\/en\/wp-json\/wp\/v2\/comments?post=12022"}],"version-history":[{"count":1,"href":"https:\/\/icdp.ro\/en\/wp-json\/wp\/v2\/pages\/12022\/revisions"}],"predecessor-version":[{"id":12023,"href":"https:\/\/icdp.ro\/en\/wp-json\/wp\/v2\/pages\/12022\/revisions\/12023"}],"up":[{"embeddable":true,"href":"https:\/\/icdp.ro\/en\/wp-json\/wp\/v2\/pages\/11780"}],"wp:featuredmedia":[{"embeddable":true,"href":"https:\/\/icdp.ro\/en\/wp-json\/wp\/v2\/media\/11821"}],"wp:attachment":[{"href":"https:\/\/icdp.ro\/en\/wp-json\/wp\/v2\/media?parent=12022"}],"wp:term":[{"taxonomy":"category","embeddable":true,"href":"https:\/\/icdp.ro\/en\/wp-json\/wp\/v2\/categories?post=12022"},{"taxonomy":"post_tag","embeddable":true,"href":"https:\/\/icdp.ro\/en\/wp-json\/wp\/v2\/tags?post=12022"}],"curies":[{"name":"wp","href":"https:\/\/api.w.org\/{rel}","templated":true}]}}