{"id":12016,"date":"2019-02-26T16:59:57","date_gmt":"2019-02-26T14:59:57","guid":{"rendered":"http:\/\/icdp.ro\/?page_id=12016"},"modified":"2019-02-26T16:59:57","modified_gmt":"2019-02-26T14:59:57","slug":"sublim","status":"publish","type":"page","link":"https:\/\/icdp.ro\/en\/cercetare\/genetica-si-ameliorare\/genetica\/sublim\/","title":{"rendered":"SUBLIM"},"content":{"rendered":"<p><strong><a href=\"http:\/\/icdp.ro\/wp-content\/uploads\/2019\/02\/Sublim.jpg\"><img decoding=\"async\" class=\"alignright size-400 wp-image-11857\" src=\"http:\/\/icdp.ro\/wp-content\/uploads\/2019\/02\/Sublim-400x378.jpg\" alt=\"\" width=\"400\" height=\"378\" srcset=\"https:\/\/icdp.ro\/wp-content\/uploads\/2019\/02\/Sublim-200x189.jpg 200w, https:\/\/icdp.ro\/wp-content\/uploads\/2019\/02\/Sublim-300x283.jpg 300w, https:\/\/icdp.ro\/wp-content\/uploads\/2019\/02\/Sublim-400x378.jpg 400w, https:\/\/icdp.ro\/wp-content\/uploads\/2019\/02\/Sublim-600x566.jpg 600w, https:\/\/icdp.ro\/wp-content\/uploads\/2019\/02\/Sublim.jpg 626w\" sizes=\"(max-width: 400px) 100vw, 400px\" \/><\/a>Year of registration:<\/strong> 2006.<br \/>\n<strong>Author:<\/strong> S. Budan.<br \/>\n<strong>Parents:<\/strong> Muncheberger fruhe x Bigarreau Moreau.<br \/>\n\u25cf Tree: intermediate vigor, spreading canopy, early blooming, intermediate yield efficiency, sensitive to fruit cracking, tolerant to Monilia sp. and Blumeriella jaapii (Rehm) Arx.). <em>Monilia<\/em> sp. \u015fi <em>Blumeriella jaapii<\/em> (Rehm) Arx.)<br \/>\n\u25cf Fruit: large size (7 g), kidney-flat shape, red skin, firm red flash, red fruit juice, intermediate stone size, sweet taste, excellent for fresh fruit market.<br \/>\n\u25cf Ripening time: in the first decade of June.<\/p>","protected":false},"excerpt":{"rendered":"<p>Anul omolog\u0103rii: 2006. Autori: S. Budan. Genitori: Muncheberger fruhe x Bigarreau Moreau. \u25cf Pom de vigoare mare, port etalat, coroan\u0103 globuloas\u0103, rodire pe buchete de mai \u015fi ramuri mijlocii, cu \u00eenflorire timpurie, productivitate medie, sensibil la cr\u0103parea fructelor, tolerant la Monilia sp. \u015fi Blumeriella jaapii (Rehm) Arx.). \u25cf Fructul de m\u0103rime mare (7g), sferic aplatizat,  [&#8230;]<\/p>\n","protected":false},"author":1,"featured_media":11857,"parent":11780,"menu_order":59,"comment_status":"closed","ping_status":"closed","template":"","meta":{"ngg_post_thumbnail":0,"footnotes":""},"categories":[36],"tags":[],"class_list":["post-12016","page","type-page","status-publish","has-post-thumbnail","hentry","category-cirese"],"_links":{"self":[{"href":"https:\/\/icdp.ro\/en\/wp-json\/wp\/v2\/pages\/12016","targetHints":{"allow":["GET"]}}],"collection":[{"href":"https:\/\/icdp.ro\/en\/wp-json\/wp\/v2\/pages"}],"about":[{"href":"https:\/\/icdp.ro\/en\/wp-json\/wp\/v2\/types\/page"}],"author":[{"embeddable":true,"href":"https:\/\/icdp.ro\/en\/wp-json\/wp\/v2\/users\/1"}],"replies":[{"embeddable":true,"href":"https:\/\/icdp.ro\/en\/wp-json\/wp\/v2\/comments?post=12016"}],"version-history":[{"count":1,"href":"https:\/\/icdp.ro\/en\/wp-json\/wp\/v2\/pages\/12016\/revisions"}],"predecessor-version":[{"id":12017,"href":"https:\/\/icdp.ro\/en\/wp-json\/wp\/v2\/pages\/12016\/revisions\/12017"}],"up":[{"embeddable":true,"href":"https:\/\/icdp.ro\/en\/wp-json\/wp\/v2\/pages\/11780"}],"wp:featuredmedia":[{"embeddable":true,"href":"https:\/\/icdp.ro\/en\/wp-json\/wp\/v2\/media\/11857"}],"wp:attachment":[{"href":"https:\/\/icdp.ro\/en\/wp-json\/wp\/v2\/media?parent=12016"}],"wp:term":[{"taxonomy":"category","embeddable":true,"href":"https:\/\/icdp.ro\/en\/wp-json\/wp\/v2\/categories?post=12016"},{"taxonomy":"post_tag","embeddable":true,"href":"https:\/\/icdp.ro\/en\/wp-json\/wp\/v2\/tags?post=12016"}],"curies":[{"name":"wp","href":"https:\/\/api.w.org\/{rel}","templated":true}]}}