{"id":12013,"date":"2019-02-26T16:58:44","date_gmt":"2019-02-26T14:58:44","guid":{"rendered":"http:\/\/icdp.ro\/?page_id=12013"},"modified":"2019-02-26T16:58:44","modified_gmt":"2019-02-26T14:58:44","slug":"superb-2","status":"publish","type":"page","link":"https:\/\/icdp.ro\/en\/cercetare\/genetica-si-ameliorare\/genetica\/superb-2\/","title":{"rendered":"SUPERB"},"content":{"rendered":"<p><a href=\"http:\/\/icdp.ro\/wp-content\/uploads\/2019\/02\/cires-Superb.jpg\"><img decoding=\"async\" class=\"alignright size-400 wp-image-11795\" src=\"http:\/\/icdp.ro\/wp-content\/uploads\/2019\/02\/cires-Superb-400x378.jpg\" alt=\"\" width=\"400\" height=\"378\" srcset=\"https:\/\/icdp.ro\/wp-content\/uploads\/2019\/02\/cires-Superb-200x189.jpg 200w, https:\/\/icdp.ro\/wp-content\/uploads\/2019\/02\/cires-Superb-300x283.jpg 300w, https:\/\/icdp.ro\/wp-content\/uploads\/2019\/02\/cires-Superb-400x378.jpg 400w, https:\/\/icdp.ro\/wp-content\/uploads\/2019\/02\/cires-Superb-600x566.jpg 600w, https:\/\/icdp.ro\/wp-content\/uploads\/2019\/02\/cires-Superb.jpg 626w\" sizes=\"(max-width: 400px) 100vw, 400px\" \/><\/a>Year of registration: 2003.<br \/>\nAuthors: T. Gozob, S. Budan, M. Isac.<br \/>\nParents: Boambe de Cotnari x Thurn und Taxis.<br \/>\n\u25cf Tree: intermediate vigor, spreading canopy, early blooming, good yield efficiency, tolerant to Monilia sp. and Blumeriella jaapii (Rehm) Arx.).<br \/>\n\u25cf Fruit: large size (7 g), flat-cordate shape, red skin, firm red flash, red fruit juice, intermediate stone size, sweet taste, excellent for fresh fruit market.<br \/>\n\u25cf Ripening time: in the second decade of June<\/p>","protected":false},"excerpt":{"rendered":"<p>Anul omolog\u0103rii: 2002. Autori: T. Gozob, S. Budan, M. Isac. Genitori: Boambe de Cotnari x Thurn und Taxis. \u25cf Pom de vigoare medie, coroan\u0103 globuloas\u0103, rodire pe buchete de mai \u015fi ramuri mijlocii, cu \u00eenflorire timpurie, productivitate mare, tolerant la Monilia sp. \u015fi Blumeriella jaapii (Rehm) Arx.). \u25cf Fructul de m\u0103rime mare (7g), tronconic, epiderma  [&#8230;]<\/p>\n","protected":false},"author":1,"featured_media":11795,"parent":11780,"menu_order":57,"comment_status":"closed","ping_status":"closed","template":"","meta":{"ngg_post_thumbnail":0,"footnotes":""},"categories":[36],"tags":[],"class_list":["post-12013","page","type-page","status-publish","has-post-thumbnail","hentry","category-cirese"],"_links":{"self":[{"href":"https:\/\/icdp.ro\/en\/wp-json\/wp\/v2\/pages\/12013","targetHints":{"allow":["GET"]}}],"collection":[{"href":"https:\/\/icdp.ro\/en\/wp-json\/wp\/v2\/pages"}],"about":[{"href":"https:\/\/icdp.ro\/en\/wp-json\/wp\/v2\/types\/page"}],"author":[{"embeddable":true,"href":"https:\/\/icdp.ro\/en\/wp-json\/wp\/v2\/users\/1"}],"replies":[{"embeddable":true,"href":"https:\/\/icdp.ro\/en\/wp-json\/wp\/v2\/comments?post=12013"}],"version-history":[{"count":1,"href":"https:\/\/icdp.ro\/en\/wp-json\/wp\/v2\/pages\/12013\/revisions"}],"predecessor-version":[{"id":12014,"href":"https:\/\/icdp.ro\/en\/wp-json\/wp\/v2\/pages\/12013\/revisions\/12014"}],"up":[{"embeddable":true,"href":"https:\/\/icdp.ro\/en\/wp-json\/wp\/v2\/pages\/11780"}],"wp:featuredmedia":[{"embeddable":true,"href":"https:\/\/icdp.ro\/en\/wp-json\/wp\/v2\/media\/11795"}],"wp:attachment":[{"href":"https:\/\/icdp.ro\/en\/wp-json\/wp\/v2\/media?parent=12013"}],"wp:term":[{"taxonomy":"category","embeddable":true,"href":"https:\/\/icdp.ro\/en\/wp-json\/wp\/v2\/categories?post=12013"},{"taxonomy":"post_tag","embeddable":true,"href":"https:\/\/icdp.ro\/en\/wp-json\/wp\/v2\/tags?post=12013"}],"curies":[{"name":"wp","href":"https:\/\/api.w.org\/{rel}","templated":true}]}}