{"id":12011,"date":"2019-02-26T16:58:10","date_gmt":"2019-02-26T14:58:10","guid":{"rendered":"http:\/\/icdp.ro\/?page_id=12011"},"modified":"2019-02-26T16:58:10","modified_gmt":"2019-02-26T14:58:10","slug":"clasic","status":"publish","type":"page","link":"https:\/\/icdp.ro\/en\/cercetare\/genetica-si-ameliorare\/genetica\/clasic\/","title":{"rendered":"CLASIC"},"content":{"rendered":"<p><a href=\"http:\/\/icdp.ro\/wp-content\/uploads\/2019\/02\/Clasic.jpg\"><img decoding=\"async\" class=\"alignright size-400 wp-image-11796\" src=\"http:\/\/icdp.ro\/wp-content\/uploads\/2019\/02\/Clasic-400x378.jpg\" alt=\"\" width=\"400\" height=\"378\" srcset=\"https:\/\/icdp.ro\/wp-content\/uploads\/2019\/02\/Clasic-200x189.jpg 200w, https:\/\/icdp.ro\/wp-content\/uploads\/2019\/02\/Clasic-300x283.jpg 300w, https:\/\/icdp.ro\/wp-content\/uploads\/2019\/02\/Clasic-400x378.jpg 400w, https:\/\/icdp.ro\/wp-content\/uploads\/2019\/02\/Clasic-600x566.jpg 600w, https:\/\/icdp.ro\/wp-content\/uploads\/2019\/02\/Clasic.jpg 626w\" sizes=\"(max-width: 400px) 100vw, 400px\" \/><\/a>Year of registration: 1996.<br \/>\nAuthors: T. Gozob, S. Budan.<br \/>\nGenitori: Bigarreau Donissen x Hedelfinger.<br \/>\n\u25cf Tree: intermediate vigour, globosely canopy, late blooming, good yield efficiency, tolerant to Monilia sp. and Blumeriella jaapii (Rehm) Arx.).<br \/>\n\u25cf Fruit: medium size (5,5 g), cordate shape, yellow skin, firm cream-yellow flash, colorless fruit juice, intermediate stone size, sweet taste, excellent for processing.<br \/>\n\u25cf Ripening time: in the second decade of June<\/p>","protected":false},"excerpt":{"rendered":"<p>Anul omolog\u0103rii: 1996. Autori: T. Gozob, S. Budan. Genitori: Bigarreau Donissen x Hedelfinger. \u25cf Pom de vigoare medie, coroan\u0103 globuloas\u0103, rodire pe buchete de mai \u015fi ramuri mijlocii, cu \u00eenflorire t\u00e2rzie, productivitate mare, tolerant la Monilia sp. \u015fi Blumeriella jaapii (Rehm) Arx.). \u25cf Fructul de m\u0103rime medie (5,5g), cordiform aplatizat, epiderma galben\u0103, pulpa pietroas\u0103, alb  [&#8230;]<\/p>\n","protected":false},"author":1,"featured_media":11796,"parent":11780,"menu_order":56,"comment_status":"closed","ping_status":"closed","template":"","meta":{"ngg_post_thumbnail":0,"footnotes":""},"categories":[36],"tags":[],"class_list":["post-12011","page","type-page","status-publish","has-post-thumbnail","hentry","category-cirese"],"_links":{"self":[{"href":"https:\/\/icdp.ro\/en\/wp-json\/wp\/v2\/pages\/12011","targetHints":{"allow":["GET"]}}],"collection":[{"href":"https:\/\/icdp.ro\/en\/wp-json\/wp\/v2\/pages"}],"about":[{"href":"https:\/\/icdp.ro\/en\/wp-json\/wp\/v2\/types\/page"}],"author":[{"embeddable":true,"href":"https:\/\/icdp.ro\/en\/wp-json\/wp\/v2\/users\/1"}],"replies":[{"embeddable":true,"href":"https:\/\/icdp.ro\/en\/wp-json\/wp\/v2\/comments?post=12011"}],"version-history":[{"count":1,"href":"https:\/\/icdp.ro\/en\/wp-json\/wp\/v2\/pages\/12011\/revisions"}],"predecessor-version":[{"id":12012,"href":"https:\/\/icdp.ro\/en\/wp-json\/wp\/v2\/pages\/12011\/revisions\/12012"}],"up":[{"embeddable":true,"href":"https:\/\/icdp.ro\/en\/wp-json\/wp\/v2\/pages\/11780"}],"wp:featuredmedia":[{"embeddable":true,"href":"https:\/\/icdp.ro\/en\/wp-json\/wp\/v2\/media\/11796"}],"wp:attachment":[{"href":"https:\/\/icdp.ro\/en\/wp-json\/wp\/v2\/media?parent=12011"}],"wp:term":[{"taxonomy":"category","embeddable":true,"href":"https:\/\/icdp.ro\/en\/wp-json\/wp\/v2\/categories?post=12011"},{"taxonomy":"post_tag","embeddable":true,"href":"https:\/\/icdp.ro\/en\/wp-json\/wp\/v2\/tags?post=12011"}],"curies":[{"name":"wp","href":"https:\/\/api.w.org\/{rel}","templated":true}]}}