{"id":12009,"date":"2019-02-26T16:56:56","date_gmt":"2019-02-26T14:56:56","guid":{"rendered":"http:\/\/icdp.ro\/?page_id=12009"},"modified":"2019-02-26T16:56:56","modified_gmt":"2019-02-26T14:56:56","slug":"simbol","status":"publish","type":"page","link":"https:\/\/icdp.ro\/en\/cercetare\/genetica-si-ameliorare\/genetica\/simbol\/","title":{"rendered":"SIMBOL"},"content":{"rendered":"<p><a href=\"http:\/\/icdp.ro\/wp-content\/uploads\/2019\/02\/Simbol.jpg\"><img decoding=\"async\" class=\"alignright size-400 wp-image-11853\" src=\"http:\/\/icdp.ro\/wp-content\/uploads\/2019\/02\/Simbol-400x378.jpg\" alt=\"\" width=\"400\" height=\"378\" srcset=\"https:\/\/icdp.ro\/wp-content\/uploads\/2019\/02\/Simbol-200x189.jpg 200w, https:\/\/icdp.ro\/wp-content\/uploads\/2019\/02\/Simbol-300x283.jpg 300w, https:\/\/icdp.ro\/wp-content\/uploads\/2019\/02\/Simbol-400x378.jpg 400w, https:\/\/icdp.ro\/wp-content\/uploads\/2019\/02\/Simbol-600x566.jpg 600w, https:\/\/icdp.ro\/wp-content\/uploads\/2019\/02\/Simbol.jpg 626w\" sizes=\"(max-width: 400px) 100vw, 400px\" \/><\/a>Year of registration: 1996.<br \/>\nAuthors: T. Gozob, S. Budan.<br \/>\nParents: Bigarreau Donissen x Germersdorf.<br \/>\n\u25cf Tree: intermediate vigor, upright canopy, late blooming, good yield efficiency, tolerant to Monilia sp. and Blumeriella jaapii (Rehm) Arx.).<br \/>\n\u25cf Fruit: medium to large size (6,7 g), cordate shape, yellow  skin, firm cream-yellow flash, colorless fruit juice, intermediate stone size, sweet taste, excellent for processing.<br \/>\n\u25cf Ripening time: in third decade of June.<\/p>","protected":false},"excerpt":{"rendered":"<p>Anul omolog\u0103rii: 1996. Autori: T. Gozob, S. Budan. Genitori: Bigarreau Donissen x Germersdorf. \u25cf Pom de vigoare medie, coroan\u0103 piramidal\u0103, rodire pe buchete de mai \u015fi ramuri mijlocii, cu \u00eenflorire t\u00e2rzie, productivitate mare, tolerant la Monilia sp. \u015fi Blumeriella jaapii (Rehm) Arx.). \u25cf Fructul de m\u0103rime medie-mare (6,7g), cordiform aplatizat, epiderma galben\u0103, pulpa pietroas\u0103, g\u0103lbuie,  [&#8230;]<\/p>\n","protected":false},"author":1,"featured_media":11853,"parent":11780,"menu_order":55,"comment_status":"closed","ping_status":"closed","template":"","meta":{"ngg_post_thumbnail":0,"footnotes":""},"categories":[36],"tags":[],"class_list":["post-12009","page","type-page","status-publish","has-post-thumbnail","hentry","category-cirese"],"_links":{"self":[{"href":"https:\/\/icdp.ro\/en\/wp-json\/wp\/v2\/pages\/12009","targetHints":{"allow":["GET"]}}],"collection":[{"href":"https:\/\/icdp.ro\/en\/wp-json\/wp\/v2\/pages"}],"about":[{"href":"https:\/\/icdp.ro\/en\/wp-json\/wp\/v2\/types\/page"}],"author":[{"embeddable":true,"href":"https:\/\/icdp.ro\/en\/wp-json\/wp\/v2\/users\/1"}],"replies":[{"embeddable":true,"href":"https:\/\/icdp.ro\/en\/wp-json\/wp\/v2\/comments?post=12009"}],"version-history":[{"count":1,"href":"https:\/\/icdp.ro\/en\/wp-json\/wp\/v2\/pages\/12009\/revisions"}],"predecessor-version":[{"id":12010,"href":"https:\/\/icdp.ro\/en\/wp-json\/wp\/v2\/pages\/12009\/revisions\/12010"}],"up":[{"embeddable":true,"href":"https:\/\/icdp.ro\/en\/wp-json\/wp\/v2\/pages\/11780"}],"wp:featuredmedia":[{"embeddable":true,"href":"https:\/\/icdp.ro\/en\/wp-json\/wp\/v2\/media\/11853"}],"wp:attachment":[{"href":"https:\/\/icdp.ro\/en\/wp-json\/wp\/v2\/media?parent=12009"}],"wp:term":[{"taxonomy":"category","embeddable":true,"href":"https:\/\/icdp.ro\/en\/wp-json\/wp\/v2\/categories?post=12009"},{"taxonomy":"post_tag","embeddable":true,"href":"https:\/\/icdp.ro\/en\/wp-json\/wp\/v2\/tags?post=12009"}],"curies":[{"name":"wp","href":"https:\/\/api.w.org\/{rel}","templated":true}]}}