{"id":12003,"date":"2019-02-26T16:54:00","date_gmt":"2019-02-26T14:54:00","guid":{"rendered":"http:\/\/icdp.ro\/?page_id=12003"},"modified":"2019-02-26T16:54:00","modified_gmt":"2019-02-26T14:54:00","slug":"severin","status":"publish","type":"page","link":"https:\/\/icdp.ro\/en\/cercetare\/genetica-si-ameliorare\/genetica\/severin\/","title":{"rendered":"SEVERIN"},"content":{"rendered":"<p><a href=\"http:\/\/icdp.ro\/wp-content\/uploads\/2019\/02\/Severin.jpg\"><img decoding=\"async\" class=\"alignright size-400 wp-image-11850\" src=\"http:\/\/icdp.ro\/wp-content\/uploads\/2019\/02\/Severin-400x378.jpg\" alt=\"\" width=\"400\" height=\"378\" srcset=\"https:\/\/icdp.ro\/wp-content\/uploads\/2019\/02\/Severin-200x189.jpg 200w, https:\/\/icdp.ro\/wp-content\/uploads\/2019\/02\/Severin-300x283.jpg 300w, https:\/\/icdp.ro\/wp-content\/uploads\/2019\/02\/Severin-400x378.jpg 400w, https:\/\/icdp.ro\/wp-content\/uploads\/2019\/02\/Severin-600x566.jpg 600w, https:\/\/icdp.ro\/wp-content\/uploads\/2019\/02\/Severin.jpg 626w\" sizes=\"(max-width: 400px) 100vw, 400px\" \/><\/a>Year of registration: 1993.<br \/>\nAuthors: T. Gozob, Ch. Micu,  Ev. Rudi, M. Isac, S. Budan.<br \/>\nParents: Thurn und Taxis x Germersdorf.<br \/>\n\u25cf Tree: intermediate to strong vigor, pyramidal canopy, mid season blooming, intermediate yield efficiency, tolerant to Monilia sp. \u015fi Blumeriella jaapii (Rehm) Arx.).<br \/>\n\u25cf Fruit: large size (9 g), kidney shape, black-red skin, firm flash, red fruit flesh and juice, intermediate stone size, sweet taste, excellent for fresh fruit market.<br \/>\n\u25cf Ripening time: in the second decade of June<\/p>","protected":false},"excerpt":{"rendered":"<p>Anul omolog\u0103rii: 1993. Autori: T. Gozob, Ch. Micu,\u00a0 Ev. Rudi, M. Isac, S. Budan. Genitori: Thurn und Taxis x Germersdorf. \u25cf Pom de vigoare medie-mare, coroan\u0103 piramidal\u0103, rodire pe buchete de mai \u015fi ramuri mijlocii, productivitate medie, tolerant la Monilia sp. \u015fi Blumeriella jaapii (Rehm) Arx.). \u25cf Fructul de m\u0103rime mare (9g), tronconic, epiderma ro\u015fu  [&#8230;]<\/p>\n","protected":false},"author":1,"featured_media":11850,"parent":11780,"menu_order":52,"comment_status":"closed","ping_status":"closed","template":"","meta":{"ngg_post_thumbnail":0,"footnotes":""},"categories":[36],"tags":[],"class_list":["post-12003","page","type-page","status-publish","has-post-thumbnail","hentry","category-cirese"],"_links":{"self":[{"href":"https:\/\/icdp.ro\/en\/wp-json\/wp\/v2\/pages\/12003","targetHints":{"allow":["GET"]}}],"collection":[{"href":"https:\/\/icdp.ro\/en\/wp-json\/wp\/v2\/pages"}],"about":[{"href":"https:\/\/icdp.ro\/en\/wp-json\/wp\/v2\/types\/page"}],"author":[{"embeddable":true,"href":"https:\/\/icdp.ro\/en\/wp-json\/wp\/v2\/users\/1"}],"replies":[{"embeddable":true,"href":"https:\/\/icdp.ro\/en\/wp-json\/wp\/v2\/comments?post=12003"}],"version-history":[{"count":1,"href":"https:\/\/icdp.ro\/en\/wp-json\/wp\/v2\/pages\/12003\/revisions"}],"predecessor-version":[{"id":12004,"href":"https:\/\/icdp.ro\/en\/wp-json\/wp\/v2\/pages\/12003\/revisions\/12004"}],"up":[{"embeddable":true,"href":"https:\/\/icdp.ro\/en\/wp-json\/wp\/v2\/pages\/11780"}],"wp:featuredmedia":[{"embeddable":true,"href":"https:\/\/icdp.ro\/en\/wp-json\/wp\/v2\/media\/11850"}],"wp:attachment":[{"href":"https:\/\/icdp.ro\/en\/wp-json\/wp\/v2\/media?parent=12003"}],"wp:term":[{"taxonomy":"category","embeddable":true,"href":"https:\/\/icdp.ro\/en\/wp-json\/wp\/v2\/categories?post=12003"},{"taxonomy":"post_tag","embeddable":true,"href":"https:\/\/icdp.ro\/en\/wp-json\/wp\/v2\/tags?post=12003"}],"curies":[{"name":"wp","href":"https:\/\/api.w.org\/{rel}","templated":true}]}}