{"id":12001,"date":"2019-02-26T16:53:27","date_gmt":"2019-02-26T14:53:27","guid":{"rendered":"http:\/\/icdp.ro\/?page_id=12001"},"modified":"2019-02-26T16:53:27","modified_gmt":"2019-02-26T14:53:27","slug":"colina","status":"publish","type":"page","link":"https:\/\/icdp.ro\/en\/cercetare\/genetica-si-ameliorare\/genetica\/colina\/","title":{"rendered":"COLINA"},"content":{"rendered":"<p><a href=\"http:\/\/icdp.ro\/wp-content\/uploads\/2019\/02\/Colina.jpg\"><img decoding=\"async\" class=\"alignright size-400 wp-image-11798\" src=\"http:\/\/icdp.ro\/wp-content\/uploads\/2019\/02\/Colina-400x378.jpg\" alt=\"\" width=\"400\" height=\"378\" srcset=\"https:\/\/icdp.ro\/wp-content\/uploads\/2019\/02\/Colina-200x189.jpg 200w, https:\/\/icdp.ro\/wp-content\/uploads\/2019\/02\/Colina-300x283.jpg 300w, https:\/\/icdp.ro\/wp-content\/uploads\/2019\/02\/Colina-400x378.jpg 400w, https:\/\/icdp.ro\/wp-content\/uploads\/2019\/02\/Colina-600x566.jpg 600w, https:\/\/icdp.ro\/wp-content\/uploads\/2019\/02\/Colina.jpg 626w\" sizes=\"(max-width: 400px) 100vw, 400px\" \/><\/a>Year of registration: 1989.<br \/>\nAuthors: T. Gozob, Ch. Micu, S. Budan, Ev. Rudi, V. Amz\u0103r, M. Isac, St. Chiriac.<br \/>\nParents: Pietrose Negre de Odessa x Germersdorf.<br \/>\n\u25cf Tree: intermediate vigor, spreading canopy, mid season blooming, good yield efficiency, tolerant to Monilia sp. and Blumeriella jaapii (Rehm) Arx.).<br \/>\n\u25cf Fruit: large size (6,5 g), round-flat shape, red skin, firm red flash, red fruit juice, intermediate stone size, sweet taste, excellent for fresh fruit market.<br \/>\n\u25cf Ripening time: in the second decade of June<\/p>","protected":false},"excerpt":{"rendered":"<p>Anul omolog\u0103rii: 1989. Autori: T. Gozob, Ch. Micu,\u00a0 S. Budan, Ev. Rudi, V. Amz\u0103r, M. Isac, St. Chiriac. Genitori: Pietrose Negre de Odessa x Germersdorf. \u25cf Pom de vigoare medie, port etalat, coroan\u0103 piramidal\u0103, rodire pe buchete de mai \u015fi ramuri mijlocii, productivitate mare, tolerant la Monilia sp. \u015fi Blumeriella jaapii (Rehm) Arx.). \u25cf Fructul  [&#8230;]<\/p>\n","protected":false},"author":1,"featured_media":11798,"parent":11780,"menu_order":51,"comment_status":"closed","ping_status":"closed","template":"","meta":{"ngg_post_thumbnail":0,"footnotes":""},"categories":[36],"tags":[],"class_list":["post-12001","page","type-page","status-publish","has-post-thumbnail","hentry","category-cirese"],"_links":{"self":[{"href":"https:\/\/icdp.ro\/en\/wp-json\/wp\/v2\/pages\/12001","targetHints":{"allow":["GET"]}}],"collection":[{"href":"https:\/\/icdp.ro\/en\/wp-json\/wp\/v2\/pages"}],"about":[{"href":"https:\/\/icdp.ro\/en\/wp-json\/wp\/v2\/types\/page"}],"author":[{"embeddable":true,"href":"https:\/\/icdp.ro\/en\/wp-json\/wp\/v2\/users\/1"}],"replies":[{"embeddable":true,"href":"https:\/\/icdp.ro\/en\/wp-json\/wp\/v2\/comments?post=12001"}],"version-history":[{"count":1,"href":"https:\/\/icdp.ro\/en\/wp-json\/wp\/v2\/pages\/12001\/revisions"}],"predecessor-version":[{"id":12002,"href":"https:\/\/icdp.ro\/en\/wp-json\/wp\/v2\/pages\/12001\/revisions\/12002"}],"up":[{"embeddable":true,"href":"https:\/\/icdp.ro\/en\/wp-json\/wp\/v2\/pages\/11780"}],"wp:featuredmedia":[{"embeddable":true,"href":"https:\/\/icdp.ro\/en\/wp-json\/wp\/v2\/media\/11798"}],"wp:attachment":[{"href":"https:\/\/icdp.ro\/en\/wp-json\/wp\/v2\/media?parent=12001"}],"wp:term":[{"taxonomy":"category","embeddable":true,"href":"https:\/\/icdp.ro\/en\/wp-json\/wp\/v2\/categories?post=12001"},{"taxonomy":"post_tag","embeddable":true,"href":"https:\/\/icdp.ro\/en\/wp-json\/wp\/v2\/tags?post=12001"}],"curies":[{"name":"wp","href":"https:\/\/api.w.org\/{rel}","templated":true}]}}