{"id":11997,"date":"2019-02-26T16:52:16","date_gmt":"2019-02-26T14:52:16","guid":{"rendered":"http:\/\/icdp.ro\/?page_id=11997"},"modified":"2019-02-26T16:52:16","modified_gmt":"2019-02-26T14:52:16","slug":"ponoare","status":"publish","type":"page","link":"https:\/\/icdp.ro\/en\/cercetare\/genetica-si-ameliorare\/genetica\/ponoare\/","title":{"rendered":"PONOARE"},"content":{"rendered":"<p><a href=\"http:\/\/icdp.ro\/wp-content\/uploads\/2019\/02\/Ponoare.jpg\"><img decoding=\"async\" class=\"alignright size-400 wp-image-11830\" src=\"http:\/\/icdp.ro\/wp-content\/uploads\/2019\/02\/Ponoare-400x378.jpg\" alt=\"\" width=\"400\" height=\"378\" srcset=\"https:\/\/icdp.ro\/wp-content\/uploads\/2019\/02\/Ponoare-200x189.jpg 200w, https:\/\/icdp.ro\/wp-content\/uploads\/2019\/02\/Ponoare-300x283.jpg 300w, https:\/\/icdp.ro\/wp-content\/uploads\/2019\/02\/Ponoare-400x378.jpg 400w, https:\/\/icdp.ro\/wp-content\/uploads\/2019\/02\/Ponoare-600x566.jpg 600w, https:\/\/icdp.ro\/wp-content\/uploads\/2019\/02\/Ponoare.jpg 626w\" sizes=\"(max-width: 400px) 100vw, 400px\" \/><\/a>Year of registration: 1989.<br \/>\nAuthors: T. Gozob, Ch. Micu, Ev. Rudi, St. Chiriac, M. Isac, E. Stoiculescu.<br \/>\nParents: Pietrose Negre de Odessa x Ramon Oliva.<br \/>\n\u25cf Tree: intermediate vigor, pyramidal canopy, mid season blooming, good yield efficiency, tolerant to Monilia sp. and Blumeriella jaapii (Rehm) Arx.).<br \/>\n\u25cf Fruit: large size (6,4 g), round-flat shape, red skin, intermediate flash firmness, red fruit flesh and juice, intermediate stone size, sweet taste, excellent for fresh fruit market.<br \/>\n\u25cf Ripening time: in the first decade of June.<\/p>","protected":false},"excerpt":{"rendered":"<p>Anul omolog\u0103rii: 1989. Autori: T. Gozob, Ch. Micu,\u00a0 Ev. Rudi, St. Chiriac, M. Isac, E. Stoiculescu. Genitori: Pietrose Negre de Odessa x Ramon Oliva. \u25cf Pom de vigoare medie, coroan\u0103 larg piramidal\u0103, rodire pe buchete de mai \u015fi ramuri mijlocii, productivitate mare, tolerant la Monilia sp. \u015fi Blumeriella jaapii (Rehm) Arx.). \u25cf Fructul de m\u0103rime  [&#8230;]<\/p>\n","protected":false},"author":1,"featured_media":11830,"parent":11780,"menu_order":49,"comment_status":"closed","ping_status":"closed","template":"","meta":{"ngg_post_thumbnail":0,"footnotes":""},"categories":[36],"tags":[],"class_list":["post-11997","page","type-page","status-publish","has-post-thumbnail","hentry","category-cirese"],"_links":{"self":[{"href":"https:\/\/icdp.ro\/en\/wp-json\/wp\/v2\/pages\/11997","targetHints":{"allow":["GET"]}}],"collection":[{"href":"https:\/\/icdp.ro\/en\/wp-json\/wp\/v2\/pages"}],"about":[{"href":"https:\/\/icdp.ro\/en\/wp-json\/wp\/v2\/types\/page"}],"author":[{"embeddable":true,"href":"https:\/\/icdp.ro\/en\/wp-json\/wp\/v2\/users\/1"}],"replies":[{"embeddable":true,"href":"https:\/\/icdp.ro\/en\/wp-json\/wp\/v2\/comments?post=11997"}],"version-history":[{"count":1,"href":"https:\/\/icdp.ro\/en\/wp-json\/wp\/v2\/pages\/11997\/revisions"}],"predecessor-version":[{"id":11998,"href":"https:\/\/icdp.ro\/en\/wp-json\/wp\/v2\/pages\/11997\/revisions\/11998"}],"up":[{"embeddable":true,"href":"https:\/\/icdp.ro\/en\/wp-json\/wp\/v2\/pages\/11780"}],"wp:featuredmedia":[{"embeddable":true,"href":"https:\/\/icdp.ro\/en\/wp-json\/wp\/v2\/media\/11830"}],"wp:attachment":[{"href":"https:\/\/icdp.ro\/en\/wp-json\/wp\/v2\/media?parent=11997"}],"wp:term":[{"taxonomy":"category","embeddable":true,"href":"https:\/\/icdp.ro\/en\/wp-json\/wp\/v2\/categories?post=11997"},{"taxonomy":"post_tag","embeddable":true,"href":"https:\/\/icdp.ro\/en\/wp-json\/wp\/v2\/tags?post=11997"}],"curies":[{"name":"wp","href":"https:\/\/api.w.org\/{rel}","templated":true}]}}