{"id":11995,"date":"2019-02-26T16:50:43","date_gmt":"2019-02-26T14:50:43","guid":{"rendered":"http:\/\/icdp.ro\/?page_id=11995"},"modified":"2019-02-26T16:50:43","modified_gmt":"2019-02-26T14:50:43","slug":"cerna","status":"publish","type":"page","link":"https:\/\/icdp.ro\/en\/cercetare\/genetica-si-ameliorare\/genetica\/cerna\/","title":{"rendered":"CERNA"},"content":{"rendered":"<p><a href=\"http:\/\/icdp.ro\/wp-content\/uploads\/2019\/02\/Cerna.jpg\"><img decoding=\"async\" class=\"alignright size-400 wp-image-11794\" src=\"http:\/\/icdp.ro\/wp-content\/uploads\/2019\/02\/Cerna-400x378.jpg\" alt=\"\" width=\"400\" height=\"378\" srcset=\"https:\/\/icdp.ro\/wp-content\/uploads\/2019\/02\/Cerna-200x189.jpg 200w, https:\/\/icdp.ro\/wp-content\/uploads\/2019\/02\/Cerna-300x283.jpg 300w, https:\/\/icdp.ro\/wp-content\/uploads\/2019\/02\/Cerna-400x378.jpg 400w, https:\/\/icdp.ro\/wp-content\/uploads\/2019\/02\/Cerna-600x566.jpg 600w, https:\/\/icdp.ro\/wp-content\/uploads\/2019\/02\/Cerna.jpg 626w\" sizes=\"(max-width: 400px) 100vw, 400px\" \/><\/a>Year of registration: 1984.<br \/>\nAuthor: T. Gozob.<br \/>\nParents: Thurn und Taxis open pollination.<br \/>\n\u25cf Tree: low vigor, drooping canopy with large branches ramification angles, mid season blooming, intermediate yield efficiency, susceptible to fruit cracking.<br \/>\n\u25cf Fruit: large size (7,5 g), kidney shape, red skin, intermediate flash firmness, red fruit flesh and juice, intermediate stone size, sweet taste, excellent for fresh fruit market.<br \/>\n\u25cf Ripening time: in the first decade of June.<\/p>","protected":false},"excerpt":{"rendered":"<p>Anul omolog\u0103rii: 1984. Autori: T. Gozob. Genitori: Thurn und Taxis p.n. \u25cf Pom de vigoare mic\u0103, coroan\u0103 larg piramidal\u0103 \u015fi unghiuri mari de ramificare, rodire pe buchete de mai \u015fi ramuri mijlocii, productivitate medie, sensibil la cr\u0103parea fructelor. \u25cf Fructul de m\u0103rime mare (7,5g), tronconic\u0103, epiderma ro\u015fu aprins, pulpa semipietroas\u0103,\u00a0 s\u00e2mbure mijlociu, gust dulce, destina\u0163ia  [&#8230;]<\/p>\n","protected":false},"author":1,"featured_media":11794,"parent":11780,"menu_order":48,"comment_status":"closed","ping_status":"closed","template":"","meta":{"ngg_post_thumbnail":0,"footnotes":""},"categories":[36],"tags":[],"class_list":["post-11995","page","type-page","status-publish","has-post-thumbnail","hentry","category-cirese"],"_links":{"self":[{"href":"https:\/\/icdp.ro\/en\/wp-json\/wp\/v2\/pages\/11995","targetHints":{"allow":["GET"]}}],"collection":[{"href":"https:\/\/icdp.ro\/en\/wp-json\/wp\/v2\/pages"}],"about":[{"href":"https:\/\/icdp.ro\/en\/wp-json\/wp\/v2\/types\/page"}],"author":[{"embeddable":true,"href":"https:\/\/icdp.ro\/en\/wp-json\/wp\/v2\/users\/1"}],"replies":[{"embeddable":true,"href":"https:\/\/icdp.ro\/en\/wp-json\/wp\/v2\/comments?post=11995"}],"version-history":[{"count":1,"href":"https:\/\/icdp.ro\/en\/wp-json\/wp\/v2\/pages\/11995\/revisions"}],"predecessor-version":[{"id":11996,"href":"https:\/\/icdp.ro\/en\/wp-json\/wp\/v2\/pages\/11995\/revisions\/11996"}],"up":[{"embeddable":true,"href":"https:\/\/icdp.ro\/en\/wp-json\/wp\/v2\/pages\/11780"}],"wp:featuredmedia":[{"embeddable":true,"href":"https:\/\/icdp.ro\/en\/wp-json\/wp\/v2\/media\/11794"}],"wp:attachment":[{"href":"https:\/\/icdp.ro\/en\/wp-json\/wp\/v2\/media?parent=11995"}],"wp:term":[{"taxonomy":"category","embeddable":true,"href":"https:\/\/icdp.ro\/en\/wp-json\/wp\/v2\/categories?post=11995"},{"taxonomy":"post_tag","embeddable":true,"href":"https:\/\/icdp.ro\/en\/wp-json\/wp\/v2\/tags?post=11995"}],"curies":[{"name":"wp","href":"https:\/\/api.w.org\/{rel}","templated":true}]}}