{"id":11993,"date":"2019-02-26T16:50:08","date_gmt":"2019-02-26T14:50:08","guid":{"rendered":"http:\/\/icdp.ro\/?page_id=11993"},"modified":"2019-02-26T16:50:08","modified_gmt":"2019-02-26T14:50:08","slug":"silva","status":"publish","type":"page","link":"https:\/\/icdp.ro\/en\/cercetare\/genetica-si-ameliorare\/genetica\/silva\/","title":{"rendered":"SILVA"},"content":{"rendered":"<p><a href=\"http:\/\/icdp.ro\/wp-content\/uploads\/2019\/02\/Silva.jpg\"><img decoding=\"async\" class=\"alignright size-400 wp-image-11851\" src=\"http:\/\/icdp.ro\/wp-content\/uploads\/2019\/02\/Silva-400x378.jpg\" alt=\"\" width=\"400\" height=\"378\" srcset=\"https:\/\/icdp.ro\/wp-content\/uploads\/2019\/02\/Silva-200x189.jpg 200w, https:\/\/icdp.ro\/wp-content\/uploads\/2019\/02\/Silva-300x283.jpg 300w, https:\/\/icdp.ro\/wp-content\/uploads\/2019\/02\/Silva-400x378.jpg 400w, https:\/\/icdp.ro\/wp-content\/uploads\/2019\/02\/Silva-600x566.jpg 600w, https:\/\/icdp.ro\/wp-content\/uploads\/2019\/02\/Silva.jpg 626w\" sizes=\"(max-width: 400px) 100vw, 400px\" \/><\/a>Year of registration: 1983.<br \/>\nAuthors: T. Gozob, Ch. Micu, Ev. Rudi, M. Isac.<br \/>\nParents: selection collected from a wild local population.<br \/>\n\u25cf Tree: strong vigor, upright canopy habit, intermediate yield efficiency, susceptible to Monilia sp.<br \/>\n\u25cf Fruit: small size (3 g), long stalk, black red skin color, intermediate firmness of flash, black red fruit juice, intermediate stone size, intense bitter taste, excellent for jam processing and dyestuff for alcoholic drinks.<br \/>\n\u25cf Ripening time: in the second decade of June<\/p>","protected":false},"excerpt":{"rendered":"<p>Anul omolog\u0103rii: 1983. Autori: T. Gozob, Ch. Micu, Ev. Rudi, M. Isac. Genitori: selec\u0163ie dintr-o popula\u0163ie local\u0103 \u25cf Pom de vigoare mare, coroan\u0103 invers piramidal\u0103, fructificare pe ramuri scurte \u015fi mijlocii, productivitate medie, sensibil la Monilia sp. \u25cf Fructul de m\u0103rime mic\u0103 (3g), sferic, peduncul lung, epiderma ro\u015fu \u00eenchis, pulpa de consisten\u0163\u0103 medie, sucul ro\u015fu  [&#8230;]<\/p>\n","protected":false},"author":1,"featured_media":11851,"parent":11780,"menu_order":47,"comment_status":"closed","ping_status":"closed","template":"","meta":{"ngg_post_thumbnail":0,"footnotes":""},"categories":[36],"tags":[],"class_list":["post-11993","page","type-page","status-publish","has-post-thumbnail","hentry","category-cirese"],"_links":{"self":[{"href":"https:\/\/icdp.ro\/en\/wp-json\/wp\/v2\/pages\/11993","targetHints":{"allow":["GET"]}}],"collection":[{"href":"https:\/\/icdp.ro\/en\/wp-json\/wp\/v2\/pages"}],"about":[{"href":"https:\/\/icdp.ro\/en\/wp-json\/wp\/v2\/types\/page"}],"author":[{"embeddable":true,"href":"https:\/\/icdp.ro\/en\/wp-json\/wp\/v2\/users\/1"}],"replies":[{"embeddable":true,"href":"https:\/\/icdp.ro\/en\/wp-json\/wp\/v2\/comments?post=11993"}],"version-history":[{"count":1,"href":"https:\/\/icdp.ro\/en\/wp-json\/wp\/v2\/pages\/11993\/revisions"}],"predecessor-version":[{"id":11994,"href":"https:\/\/icdp.ro\/en\/wp-json\/wp\/v2\/pages\/11993\/revisions\/11994"}],"up":[{"embeddable":true,"href":"https:\/\/icdp.ro\/en\/wp-json\/wp\/v2\/pages\/11780"}],"wp:featuredmedia":[{"embeddable":true,"href":"https:\/\/icdp.ro\/en\/wp-json\/wp\/v2\/media\/11851"}],"wp:attachment":[{"href":"https:\/\/icdp.ro\/en\/wp-json\/wp\/v2\/media?parent=11993"}],"wp:term":[{"taxonomy":"category","embeddable":true,"href":"https:\/\/icdp.ro\/en\/wp-json\/wp\/v2\/categories?post=11993"},{"taxonomy":"post_tag","embeddable":true,"href":"https:\/\/icdp.ro\/en\/wp-json\/wp\/v2\/tags?post=11993"}],"curies":[{"name":"wp","href":"https:\/\/api.w.org\/{rel}","templated":true}]}}