{"id":11991,"date":"2019-02-26T16:49:28","date_gmt":"2019-02-26T14:49:28","guid":{"rendered":"http:\/\/icdp.ro\/?page_id=11991"},"modified":"2019-02-26T16:49:28","modified_gmt":"2019-02-26T14:49:28","slug":"amara","status":"publish","type":"page","link":"https:\/\/icdp.ro\/en\/cercetare\/genetica-si-ameliorare\/genetica\/amara\/","title":{"rendered":"AMARA"},"content":{"rendered":"<p><a href=\"http:\/\/icdp.ro\/wp-content\/uploads\/2019\/02\/Amara.jpg\"><img decoding=\"async\" class=\"alignright size-400 wp-image-11786\" src=\"http:\/\/icdp.ro\/wp-content\/uploads\/2019\/02\/Amara-400x378.jpg\" alt=\"\" width=\"400\" height=\"378\" srcset=\"https:\/\/icdp.ro\/wp-content\/uploads\/2019\/02\/Amara-200x189.jpg 200w, https:\/\/icdp.ro\/wp-content\/uploads\/2019\/02\/Amara-300x283.jpg 300w, https:\/\/icdp.ro\/wp-content\/uploads\/2019\/02\/Amara-400x378.jpg 400w, https:\/\/icdp.ro\/wp-content\/uploads\/2019\/02\/Amara-600x566.jpg 600w, https:\/\/icdp.ro\/wp-content\/uploads\/2019\/02\/Amara.jpg 626w\" sizes=\"(max-width: 400px) 100vw, 400px\" \/><\/a>Year of registration: 1983.<br \/>\nAuthors: T. Gozob, Ch. Micu, V. Amzar , M. Isac, Ev. Rudi.<br \/>\nParents: selection collected from a wild local population.<br \/>\n\u25cf Tree: medium vigor, globosely spreading canopy, intermediate yield efficiency, susceptible to Monilia sp.<br \/>\n\u25cf Fruit: small size (4 g), round shape, intermediate stalk length, black red skin color, intermediate firmness of flash, black red fruit juice, intermediate stone size, intense bitter taste, excellent for jam processing and dyestuff for alcoholic drinks.<br \/>\n\u25cf Ripening time: in the second decade of June<\/p>","protected":false},"excerpt":{"rendered":"<p>Anul omolog\u0103rii: 1983. Autori: T. Gozob, Ch. Micu, V. Amz\u0103r, , M. Isac, Ev. Rudi. Genitori: selec\u0163ie dintr-o popula\u0163ie local\u0103. \u25cf Pom de vigoare medie, coroan\u0103 lobuloas\u0103, fructificare pe ramuri scurte \u015fi mijlocii, productivitate medie, sensibil la Monilia sp. \u25cf Fructul de m\u0103rime mic\u0103 (4g), sferic, peduncul de lungime medie,\u00a0 epiderma ro\u015fu \u00eenchis neagr\u0103, pulpa  [&#8230;]<\/p>\n","protected":false},"author":1,"featured_media":11786,"parent":11780,"menu_order":46,"comment_status":"closed","ping_status":"closed","template":"","meta":{"ngg_post_thumbnail":0,"footnotes":""},"categories":[36],"tags":[],"class_list":["post-11991","page","type-page","status-publish","has-post-thumbnail","hentry","category-cirese"],"_links":{"self":[{"href":"https:\/\/icdp.ro\/en\/wp-json\/wp\/v2\/pages\/11991","targetHints":{"allow":["GET"]}}],"collection":[{"href":"https:\/\/icdp.ro\/en\/wp-json\/wp\/v2\/pages"}],"about":[{"href":"https:\/\/icdp.ro\/en\/wp-json\/wp\/v2\/types\/page"}],"author":[{"embeddable":true,"href":"https:\/\/icdp.ro\/en\/wp-json\/wp\/v2\/users\/1"}],"replies":[{"embeddable":true,"href":"https:\/\/icdp.ro\/en\/wp-json\/wp\/v2\/comments?post=11991"}],"version-history":[{"count":1,"href":"https:\/\/icdp.ro\/en\/wp-json\/wp\/v2\/pages\/11991\/revisions"}],"predecessor-version":[{"id":11992,"href":"https:\/\/icdp.ro\/en\/wp-json\/wp\/v2\/pages\/11991\/revisions\/11992"}],"up":[{"embeddable":true,"href":"https:\/\/icdp.ro\/en\/wp-json\/wp\/v2\/pages\/11780"}],"wp:featuredmedia":[{"embeddable":true,"href":"https:\/\/icdp.ro\/en\/wp-json\/wp\/v2\/media\/11786"}],"wp:attachment":[{"href":"https:\/\/icdp.ro\/en\/wp-json\/wp\/v2\/media?parent=11991"}],"wp:term":[{"taxonomy":"category","embeddable":true,"href":"https:\/\/icdp.ro\/en\/wp-json\/wp\/v2\/categories?post=11991"},{"taxonomy":"post_tag","embeddable":true,"href":"https:\/\/icdp.ro\/en\/wp-json\/wp\/v2\/tags?post=11991"}],"curies":[{"name":"wp","href":"https:\/\/api.w.org\/{rel}","templated":true}]}}