{"id":11985,"date":"2019-02-26T16:45:58","date_gmt":"2019-02-26T14:45:58","guid":{"rendered":"http:\/\/icdp.ro\/?page_id=11985"},"modified":"2019-02-26T16:45:58","modified_gmt":"2019-02-26T14:45:58","slug":"agent","status":"publish","type":"page","link":"https:\/\/icdp.ro\/en\/cercetare\/genetica-si-ameliorare\/genetica\/agent\/","title":{"rendered":"AGENT"},"content":{"rendered":"<p><a href=\"http:\/\/icdp.ro\/wp-content\/uploads\/2019\/02\/Agent.jpg\"><img decoding=\"async\" class=\"alignright size-400 wp-image-11783\" src=\"http:\/\/icdp.ro\/wp-content\/uploads\/2019\/02\/Agent-400x378.jpg\" alt=\"\" width=\"400\" height=\"378\" srcset=\"https:\/\/icdp.ro\/wp-content\/uploads\/2019\/02\/Agent-200x189.jpg 200w, https:\/\/icdp.ro\/wp-content\/uploads\/2019\/02\/Agent-300x283.jpg 300w, https:\/\/icdp.ro\/wp-content\/uploads\/2019\/02\/Agent-400x378.jpg 400w, https:\/\/icdp.ro\/wp-content\/uploads\/2019\/02\/Agent-600x566.jpg 600w, https:\/\/icdp.ro\/wp-content\/uploads\/2019\/02\/Agent.jpg 626w\" sizes=\"(max-width: 400px) 100vw, 400px\" \/><\/a>Year of registration: 2004.<br \/>\nAuthors: I. Du\u0163u, Cr. Mazilu, S. Ancu.<br \/>\nParents: positive individual selection within a population of seedlings resulted from open pollination.<br \/>\n\u25cf Tree has a medium vigour, mixed fruiting; tolerant to Plum Pox Virus.<br \/>\n\u25cf Blooming season is medium, partial fertile. Pollinators: Andreea, Stanley, Anna Spath.<br \/>\n\u25cf Fruit is medium (35 g), spherical \u2013 oval shaped, reddish skin, yellowish flesh, sweet taste (with very high content in soluble dry matter \u2013 25%Brix), for processing (dried, distillates, compotes and jams), free stone.<br \/>\n\u25cf Ripening season: third decade of August.<\/p>","protected":false},"excerpt":{"rendered":"<p>Anul omolog\u0103rii: 2004. Autori: I. Du\u0163u, Cr. Mazilu, S. Ancu. Origine: selec\u0163ie individual\u0103 pozitiv\u0103 \u00een cadrul unei popula\u0163ii de puie\u0163i rezulta\u0163i din polenizare liber\u0103. \u25cf Pomul este de vigoare mijlocie, cu fructificare mixt\u0103; tolerant la PPV, rezistent la monilioz\u0103 \u015fi Polystigma rubrum. \u25cf Epoca de \u00eenflorire\u00a0 este mijlocie, par\u0163ial autofertil. Polenizatori: Andreea, Stanley, Anna Spath.  [&#8230;]<\/p>\n","protected":false},"author":1,"featured_media":11783,"parent":11780,"menu_order":43,"comment_status":"closed","ping_status":"closed","template":"","meta":{"ngg_post_thumbnail":0,"footnotes":""},"categories":[34],"tags":[],"class_list":["post-11985","page","type-page","status-publish","has-post-thumbnail","hentry","category-prune"],"_links":{"self":[{"href":"https:\/\/icdp.ro\/en\/wp-json\/wp\/v2\/pages\/11985","targetHints":{"allow":["GET"]}}],"collection":[{"href":"https:\/\/icdp.ro\/en\/wp-json\/wp\/v2\/pages"}],"about":[{"href":"https:\/\/icdp.ro\/en\/wp-json\/wp\/v2\/types\/page"}],"author":[{"embeddable":true,"href":"https:\/\/icdp.ro\/en\/wp-json\/wp\/v2\/users\/1"}],"replies":[{"embeddable":true,"href":"https:\/\/icdp.ro\/en\/wp-json\/wp\/v2\/comments?post=11985"}],"version-history":[{"count":1,"href":"https:\/\/icdp.ro\/en\/wp-json\/wp\/v2\/pages\/11985\/revisions"}],"predecessor-version":[{"id":11986,"href":"https:\/\/icdp.ro\/en\/wp-json\/wp\/v2\/pages\/11985\/revisions\/11986"}],"up":[{"embeddable":true,"href":"https:\/\/icdp.ro\/en\/wp-json\/wp\/v2\/pages\/11780"}],"wp:featuredmedia":[{"embeddable":true,"href":"https:\/\/icdp.ro\/en\/wp-json\/wp\/v2\/media\/11783"}],"wp:attachment":[{"href":"https:\/\/icdp.ro\/en\/wp-json\/wp\/v2\/media?parent=11985"}],"wp:term":[{"taxonomy":"category","embeddable":true,"href":"https:\/\/icdp.ro\/en\/wp-json\/wp\/v2\/categories?post=11985"},{"taxonomy":"post_tag","embeddable":true,"href":"https:\/\/icdp.ro\/en\/wp-json\/wp\/v2\/tags?post=11985"}],"curies":[{"name":"wp","href":"https:\/\/api.w.org\/{rel}","templated":true}]}}