{"id":11983,"date":"2019-02-26T16:45:22","date_gmt":"2019-02-26T14:45:22","guid":{"rendered":"http:\/\/icdp.ro\/?page_id=11983"},"modified":"2019-02-26T16:45:22","modified_gmt":"2019-02-26T14:45:22","slug":"alina","status":"publish","type":"page","link":"https:\/\/icdp.ro\/en\/cercetare\/genetica-si-ameliorare\/genetica\/alina\/","title":{"rendered":"ALINA"},"content":{"rendered":"<p><a href=\"http:\/\/icdp.ro\/wp-content\/uploads\/2019\/02\/Alina.jpg\"><img decoding=\"async\" class=\"alignright size-400 wp-image-11785\" src=\"http:\/\/icdp.ro\/wp-content\/uploads\/2019\/02\/Alina-400x378.jpg\" alt=\"\" width=\"400\" height=\"378\" srcset=\"https:\/\/icdp.ro\/wp-content\/uploads\/2019\/02\/Alina-200x189.jpg 200w, https:\/\/icdp.ro\/wp-content\/uploads\/2019\/02\/Alina-300x283.jpg 300w, https:\/\/icdp.ro\/wp-content\/uploads\/2019\/02\/Alina-400x378.jpg 400w, https:\/\/icdp.ro\/wp-content\/uploads\/2019\/02\/Alina-600x566.jpg 600w, https:\/\/icdp.ro\/wp-content\/uploads\/2019\/02\/Alina.jpg 626w\" sizes=\"(max-width: 400px) 100vw, 400px\" \/><\/a>Year of registration: 1991.<br \/>\nAuthors: V. Cociu, E. Bumbac, M. Nicolescu, R. Roman.<br \/>\nParents: Tuleu gras stones X 2014 R rayed.<br \/>\n\u25cf Tree has a medium vigour, fructification on short and medium branches; tolerant to Plum Pox Virus.<br \/>\n\u25cf Blooming season is medium, male sterile (without pollen, with light yellow anthers). Pollinators: Stanley, Peche, d\u2019Agen and Anna Spath.<br \/>\n\u25cf Fruit is large (50 g), ovoid shaped, light blue skin, yellow - green flesh, very good taste, for fresh consumption, free stone.<br \/>\n\u25cf Ripening season: first decade of August.<\/p>","protected":false},"excerpt":{"rendered":"<p>Anul omolog\u0103rii: 1991. Autori: V. Cociu, E. Bumbac, M. Nicolescu, R. Roman. Origine: mutagenez\u0103, respectiv iradierea s\u00e2mburilor de Tuleu gras (proveni\u0163i din polenizare liber\u0103) cu raze X \u2013 2014 R. \u25cf Pomul este de vigoare mic\u0103 spre mijlocie, cu ramuri de schelet groase, garnisite cu buchete de mai; tolerant la PPV, sensibil la monilioz\u0103. \u25cf  [&#8230;]<\/p>\n","protected":false},"author":1,"featured_media":11785,"parent":11780,"menu_order":42,"comment_status":"closed","ping_status":"closed","template":"","meta":{"ngg_post_thumbnail":0,"footnotes":""},"categories":[34],"tags":[],"class_list":["post-11983","page","type-page","status-publish","has-post-thumbnail","hentry","category-prune"],"_links":{"self":[{"href":"https:\/\/icdp.ro\/en\/wp-json\/wp\/v2\/pages\/11983","targetHints":{"allow":["GET"]}}],"collection":[{"href":"https:\/\/icdp.ro\/en\/wp-json\/wp\/v2\/pages"}],"about":[{"href":"https:\/\/icdp.ro\/en\/wp-json\/wp\/v2\/types\/page"}],"author":[{"embeddable":true,"href":"https:\/\/icdp.ro\/en\/wp-json\/wp\/v2\/users\/1"}],"replies":[{"embeddable":true,"href":"https:\/\/icdp.ro\/en\/wp-json\/wp\/v2\/comments?post=11983"}],"version-history":[{"count":1,"href":"https:\/\/icdp.ro\/en\/wp-json\/wp\/v2\/pages\/11983\/revisions"}],"predecessor-version":[{"id":11984,"href":"https:\/\/icdp.ro\/en\/wp-json\/wp\/v2\/pages\/11983\/revisions\/11984"}],"up":[{"embeddable":true,"href":"https:\/\/icdp.ro\/en\/wp-json\/wp\/v2\/pages\/11780"}],"wp:featuredmedia":[{"embeddable":true,"href":"https:\/\/icdp.ro\/en\/wp-json\/wp\/v2\/media\/11785"}],"wp:attachment":[{"href":"https:\/\/icdp.ro\/en\/wp-json\/wp\/v2\/media?parent=11983"}],"wp:term":[{"taxonomy":"category","embeddable":true,"href":"https:\/\/icdp.ro\/en\/wp-json\/wp\/v2\/categories?post=11983"},{"taxonomy":"post_tag","embeddable":true,"href":"https:\/\/icdp.ro\/en\/wp-json\/wp\/v2\/tags?post=11983"}],"curies":[{"name":"wp","href":"https:\/\/api.w.org\/{rel}","templated":true}]}}