{"id":11979,"date":"2019-02-26T16:42:47","date_gmt":"2019-02-26T14:42:47","guid":{"rendered":"http:\/\/icdp.ro\/?page_id=11979"},"modified":"2019-02-26T16:42:47","modified_gmt":"2019-02-26T14:42:47","slug":"renclod-de-caransebes","status":"publish","type":"page","link":"https:\/\/icdp.ro\/en\/cercetare\/genetica-si-ameliorare\/genetica\/renclod-de-caransebes\/","title":{"rendered":"RENCLOD DE CARANSEBES"},"content":{"rendered":"<p><a href=\"http:\/\/icdp.ro\/wp-content\/uploads\/2019\/02\/Renclod-de-Caransebes.jpg\"><img decoding=\"async\" class=\"alignright size-400 wp-image-11834\" src=\"http:\/\/icdp.ro\/wp-content\/uploads\/2019\/02\/Renclod-de-Caransebes-400x378.jpg\" alt=\"\" width=\"400\" height=\"378\" srcset=\"https:\/\/icdp.ro\/wp-content\/uploads\/2019\/02\/Renclod-de-Caransebes-200x189.jpg 200w, https:\/\/icdp.ro\/wp-content\/uploads\/2019\/02\/Renclod-de-Caransebes-300x283.jpg 300w, https:\/\/icdp.ro\/wp-content\/uploads\/2019\/02\/Renclod-de-Caransebes-400x378.jpg 400w, https:\/\/icdp.ro\/wp-content\/uploads\/2019\/02\/Renclod-de-Caransebes-600x566.jpg 600w, https:\/\/icdp.ro\/wp-content\/uploads\/2019\/02\/Renclod-de-Caransebes.jpg 626w\" sizes=\"(max-width: 400px) 100vw, 400px\" \/><\/a>Year of registration: 1990.<br \/>\nAuthors: V. Cociu, E. Bumbac, M. Bancila, N. Mutascu.<br \/>\nParents: Renclod Althan x Wilhelmina Spath.<br \/>\n\u25cf Tree has a medium to large vigour, fructification on short and medium branches; slightly sensitive to Plum Pox Virus.<br \/>\n\u25cf Blooming season is late, self fertile.<br \/>\n\u25cf Fruit is medium (45 g), spherical shaped, blue skin, yellow - orange flesh, sweet taste, for fresh consumption, free stone.<br \/>\n\u25cf Ripening season: third decade of July.<\/p>","protected":false},"excerpt":{"rendered":"<p>Anul omolog\u0103rii: 1990. Autori: V. Cociu, E. Bumbac, M. B\u0103ncil\u0103, N. Muta\u015fcu. Origine: Renclod Althan x Wilhelmina Spath. \u25cf Pomul este de vigoare mijlocie spre mare, cu ramuri de schelet solide, fructific\u0103 pe ramuri scurte \u015fi mijlocii; u\u015for sensibil la Plum Pox Virus. \u25cf Epoca de \u00eenflorire: t\u00e2rzie; autofertil. Polenizatori: Anna Spath, Vinete de Italia,  [&#8230;]<\/p>\n","protected":false},"author":1,"featured_media":11834,"parent":11780,"menu_order":40,"comment_status":"closed","ping_status":"closed","template":"","meta":{"ngg_post_thumbnail":0,"footnotes":""},"categories":[34],"tags":[],"class_list":["post-11979","page","type-page","status-publish","has-post-thumbnail","hentry","category-prune"],"_links":{"self":[{"href":"https:\/\/icdp.ro\/en\/wp-json\/wp\/v2\/pages\/11979","targetHints":{"allow":["GET"]}}],"collection":[{"href":"https:\/\/icdp.ro\/en\/wp-json\/wp\/v2\/pages"}],"about":[{"href":"https:\/\/icdp.ro\/en\/wp-json\/wp\/v2\/types\/page"}],"author":[{"embeddable":true,"href":"https:\/\/icdp.ro\/en\/wp-json\/wp\/v2\/users\/1"}],"replies":[{"embeddable":true,"href":"https:\/\/icdp.ro\/en\/wp-json\/wp\/v2\/comments?post=11979"}],"version-history":[{"count":1,"href":"https:\/\/icdp.ro\/en\/wp-json\/wp\/v2\/pages\/11979\/revisions"}],"predecessor-version":[{"id":11980,"href":"https:\/\/icdp.ro\/en\/wp-json\/wp\/v2\/pages\/11979\/revisions\/11980"}],"up":[{"embeddable":true,"href":"https:\/\/icdp.ro\/en\/wp-json\/wp\/v2\/pages\/11780"}],"wp:featuredmedia":[{"embeddable":true,"href":"https:\/\/icdp.ro\/en\/wp-json\/wp\/v2\/media\/11834"}],"wp:attachment":[{"href":"https:\/\/icdp.ro\/en\/wp-json\/wp\/v2\/media?parent=11979"}],"wp:term":[{"taxonomy":"category","embeddable":true,"href":"https:\/\/icdp.ro\/en\/wp-json\/wp\/v2\/categories?post=11979"},{"taxonomy":"post_tag","embeddable":true,"href":"https:\/\/icdp.ro\/en\/wp-json\/wp\/v2\/tags?post=11979"}],"curies":[{"name":"wp","href":"https:\/\/api.w.org\/{rel}","templated":true}]}}