{"id":11977,"date":"2019-02-26T16:41:43","date_gmt":"2019-02-26T14:41:43","guid":{"rendered":"http:\/\/icdp.ro\/?page_id=11977"},"modified":"2019-02-26T16:41:43","modified_gmt":"2019-02-26T14:41:43","slug":"baragan","status":"publish","type":"page","link":"https:\/\/icdp.ro\/en\/cercetare\/genetica-si-ameliorare\/genetica\/baragan\/","title":{"rendered":"BARAGAN"},"content":{"rendered":"<p><a href=\"http:\/\/icdp.ro\/wp-content\/uploads\/2019\/02\/Baragan-17.jpg\"><img decoding=\"async\" class=\"alignright size-400 wp-image-11788\" src=\"http:\/\/icdp.ro\/wp-content\/uploads\/2019\/02\/Baragan-17-400x378.jpg\" alt=\"\" width=\"400\" height=\"378\" srcset=\"https:\/\/icdp.ro\/wp-content\/uploads\/2019\/02\/Baragan-17-200x189.jpg 200w, https:\/\/icdp.ro\/wp-content\/uploads\/2019\/02\/Baragan-17-300x283.jpg 300w, https:\/\/icdp.ro\/wp-content\/uploads\/2019\/02\/Baragan-17-400x378.jpg 400w, https:\/\/icdp.ro\/wp-content\/uploads\/2019\/02\/Baragan-17-600x566.jpg 600w, https:\/\/icdp.ro\/wp-content\/uploads\/2019\/02\/Baragan-17.jpg 626w\" sizes=\"(max-width: 400px) 100vw, 400px\" \/><\/a>Year of registration: 1990.<br \/>\nAuthors: V. Cociu, N. Mutascu, M. Bancila, T. Gozob.<br \/>\nParents: Tuleu gras x Early Rivers.<br \/>\n\u25cf Tree has a low to medium vigour, spur fructification; slightly sensitive to Plum Pox Virus.<br \/>\n\u25cf Blooming season is late, male sterile (without pollen, with light yellow anthers). Pollinators: Stanley, Anna Spath, Vinete de Italia.<br \/>\n\u25cf Fruit is medium (40 g), ovoid shaped, dark blue skin, yellow - green flesh, very good taste, for fresh consumption, free stone.<br \/>\n\u25cf Ripening season: first decade of August.<\/p>","protected":false},"excerpt":{"rendered":"<p>Anul omolog\u0103rii: 1990. Autori: V. Cociu, N. Muta\u015fcu, M. B\u0103ncil\u0103, T. Gozob. Origine: Tuleu gras x Early Rivers. \u25cf Pomul de vigoare mic\u0103 spre mijlocie, cu\u00a0 fructificare pe buchete de mai; u\u015for sensibil la Plum Pox Virus; rezistent la ger, secet\u0103 \u015fi brume t\u00e2rzii. \u25cf Epoca de \u00eenflorire este t\u00e2rzie sau semit\u00e2rzie; androsteril, cu flori  [&#8230;]<\/p>\n","protected":false},"author":1,"featured_media":11788,"parent":11780,"menu_order":39,"comment_status":"closed","ping_status":"closed","template":"","meta":{"ngg_post_thumbnail":0,"footnotes":""},"categories":[34],"tags":[],"class_list":["post-11977","page","type-page","status-publish","has-post-thumbnail","hentry","category-prune"],"_links":{"self":[{"href":"https:\/\/icdp.ro\/en\/wp-json\/wp\/v2\/pages\/11977","targetHints":{"allow":["GET"]}}],"collection":[{"href":"https:\/\/icdp.ro\/en\/wp-json\/wp\/v2\/pages"}],"about":[{"href":"https:\/\/icdp.ro\/en\/wp-json\/wp\/v2\/types\/page"}],"author":[{"embeddable":true,"href":"https:\/\/icdp.ro\/en\/wp-json\/wp\/v2\/users\/1"}],"replies":[{"embeddable":true,"href":"https:\/\/icdp.ro\/en\/wp-json\/wp\/v2\/comments?post=11977"}],"version-history":[{"count":1,"href":"https:\/\/icdp.ro\/en\/wp-json\/wp\/v2\/pages\/11977\/revisions"}],"predecessor-version":[{"id":11978,"href":"https:\/\/icdp.ro\/en\/wp-json\/wp\/v2\/pages\/11977\/revisions\/11978"}],"up":[{"embeddable":true,"href":"https:\/\/icdp.ro\/en\/wp-json\/wp\/v2\/pages\/11780"}],"wp:featuredmedia":[{"embeddable":true,"href":"https:\/\/icdp.ro\/en\/wp-json\/wp\/v2\/media\/11788"}],"wp:attachment":[{"href":"https:\/\/icdp.ro\/en\/wp-json\/wp\/v2\/media?parent=11977"}],"wp:term":[{"taxonomy":"category","embeddable":true,"href":"https:\/\/icdp.ro\/en\/wp-json\/wp\/v2\/categories?post=11977"},{"taxonomy":"post_tag","embeddable":true,"href":"https:\/\/icdp.ro\/en\/wp-json\/wp\/v2\/tags?post=11977"}],"curies":[{"name":"wp","href":"https:\/\/api.w.org\/{rel}","templated":true}]}}