{"id":11975,"date":"2019-02-26T16:40:57","date_gmt":"2019-02-26T14:40:57","guid":{"rendered":"http:\/\/icdp.ro\/?page_id=11975"},"modified":"2019-02-26T16:40:57","modified_gmt":"2019-02-26T14:40:57","slug":"sarmatic","status":"publish","type":"page","link":"https:\/\/icdp.ro\/en\/cercetare\/genetica-si-ameliorare\/genetica\/sarmatic\/","title":{"rendered":"SARMATIC"},"content":{"rendered":"<p><a href=\"http:\/\/icdp.ro\/wp-content\/uploads\/2019\/02\/Sarmatic.jpg\"><img decoding=\"async\" class=\"alignright size-400 wp-image-11847\" src=\"http:\/\/icdp.ro\/wp-content\/uploads\/2019\/02\/Sarmatic-400x378.jpg\" alt=\"\" width=\"400\" height=\"378\" srcset=\"https:\/\/icdp.ro\/wp-content\/uploads\/2019\/02\/Sarmatic-200x189.jpg 200w, https:\/\/icdp.ro\/wp-content\/uploads\/2019\/02\/Sarmatic-300x283.jpg 300w, https:\/\/icdp.ro\/wp-content\/uploads\/2019\/02\/Sarmatic-400x378.jpg 400w, https:\/\/icdp.ro\/wp-content\/uploads\/2019\/02\/Sarmatic-600x566.jpg 600w, https:\/\/icdp.ro\/wp-content\/uploads\/2019\/02\/Sarmatic.jpg 626w\" sizes=\"(max-width: 400px) 100vw, 400px\" \/><\/a>Year of registration: 1989.<br \/>\nAuthors: V. Cociu, E. Bumbac, M. Bancila, N. Mutascu.<br \/>\nParents: Tuleu timpuriu x Early Rivers.<br \/>\n\u25cf Tree has a medium to large vigour, fructification on the medium branches; slightly sensitive to Plum Pox Virus.<br \/>\n\u25cf Blooming season is early, male sterile (without pollen with light yellow anthers). Pollinators: Peche, Early Rivers, Renclod Althan.<br \/>\n\u25cf Fruit is medium (40 g), ovoid shaped, blue skin, yellow - green flesh, sweet - acid taste, for fresh consumption, free stone.<br \/>\n\u25cf Ripening season: second decade of August.<\/p>","protected":false},"excerpt":{"rendered":"<p>Anul omolog\u0103rii: 1989. Autori: V. Cociu, E. Bumbac, M. B\u0103ncil\u0103, N. Muta\u015fcu. Origine: Tuleu timpuriu x Early Rivers. \u25cf Pomul este de vigoare mijlocie spre mare, cu ramuri de schelet drepte, garnisite cu ramuri fructifere mijlocii; u\u015for sensibil\u00a0 la PPV, rezistent la ger, secet\u0103 \u015fi boli. \u25cf Epoca de \u00eenflorire relativ timpurie, androsteril, prezint\u0103 flori  [&#8230;]<\/p>\n","protected":false},"author":1,"featured_media":11847,"parent":11780,"menu_order":38,"comment_status":"closed","ping_status":"closed","template":"","meta":{"ngg_post_thumbnail":0,"footnotes":""},"categories":[34],"tags":[],"class_list":["post-11975","page","type-page","status-publish","has-post-thumbnail","hentry","category-prune"],"_links":{"self":[{"href":"https:\/\/icdp.ro\/en\/wp-json\/wp\/v2\/pages\/11975","targetHints":{"allow":["GET"]}}],"collection":[{"href":"https:\/\/icdp.ro\/en\/wp-json\/wp\/v2\/pages"}],"about":[{"href":"https:\/\/icdp.ro\/en\/wp-json\/wp\/v2\/types\/page"}],"author":[{"embeddable":true,"href":"https:\/\/icdp.ro\/en\/wp-json\/wp\/v2\/users\/1"}],"replies":[{"embeddable":true,"href":"https:\/\/icdp.ro\/en\/wp-json\/wp\/v2\/comments?post=11975"}],"version-history":[{"count":1,"href":"https:\/\/icdp.ro\/en\/wp-json\/wp\/v2\/pages\/11975\/revisions"}],"predecessor-version":[{"id":11976,"href":"https:\/\/icdp.ro\/en\/wp-json\/wp\/v2\/pages\/11975\/revisions\/11976"}],"up":[{"embeddable":true,"href":"https:\/\/icdp.ro\/en\/wp-json\/wp\/v2\/pages\/11780"}],"wp:featuredmedia":[{"embeddable":true,"href":"https:\/\/icdp.ro\/en\/wp-json\/wp\/v2\/media\/11847"}],"wp:attachment":[{"href":"https:\/\/icdp.ro\/en\/wp-json\/wp\/v2\/media?parent=11975"}],"wp:term":[{"taxonomy":"category","embeddable":true,"href":"https:\/\/icdp.ro\/en\/wp-json\/wp\/v2\/categories?post=11975"},{"taxonomy":"post_tag","embeddable":true,"href":"https:\/\/icdp.ro\/en\/wp-json\/wp\/v2\/tags?post=11975"}],"curies":[{"name":"wp","href":"https:\/\/api.w.org\/{rel}","templated":true}]}}