{"id":11973,"date":"2019-02-26T16:40:20","date_gmt":"2019-02-26T14:40:20","guid":{"rendered":"http:\/\/icdp.ro\/?page_id=11973"},"modified":"2019-02-26T16:40:20","modified_gmt":"2019-02-26T14:40:20","slug":"flora","status":"publish","type":"page","link":"https:\/\/icdp.ro\/en\/cercetare\/genetica-si-ameliorare\/genetica\/flora\/","title":{"rendered":"FLORA"},"content":{"rendered":"<p><a href=\"http:\/\/icdp.ro\/wp-content\/uploads\/2019\/02\/Flora.jpg\"><img decoding=\"async\" class=\"alignright size-400 wp-image-11812\" src=\"http:\/\/icdp.ro\/wp-content\/uploads\/2019\/02\/Flora-400x378.jpg\" alt=\"\" width=\"400\" height=\"378\" srcset=\"https:\/\/icdp.ro\/wp-content\/uploads\/2019\/02\/Flora-200x189.jpg 200w, https:\/\/icdp.ro\/wp-content\/uploads\/2019\/02\/Flora-300x283.jpg 300w, https:\/\/icdp.ro\/wp-content\/uploads\/2019\/02\/Flora-400x378.jpg 400w, https:\/\/icdp.ro\/wp-content\/uploads\/2019\/02\/Flora-600x566.jpg 600w, https:\/\/icdp.ro\/wp-content\/uploads\/2019\/02\/Flora.jpg 626w\" sizes=\"(max-width: 400px) 100vw, 400px\" \/><\/a>Year of registration: 1989.<br \/>\nAuthor: V. Cociu.<br \/>\nParents: Tuleu gras x Renclod Violet.<br \/>\n\u25cf Tree has a medium to large vigour, spur fructification; tolerant to Plum Pox Virus and resistant to Monilia sp.<br \/>\n\u25cf Blooming season is late, male sterile (without pollen, with light yellow anthers). Pollinators: d\u2019Agen, Stanley and Vinete de Italia.<br \/>\n\u25cf Fruit is large (55 g), ovoid shaped, blue skin, green flesh, good taste, for fresh consumption, free stone.<br \/>\n\u25cf Ripening season: first decade of August.<\/p>","protected":false},"excerpt":{"rendered":"<p>Anul omolog\u0103rii: 1989. Autori: V. Cociu. Origine: Tuleu gras x Renclod Violet. \u25cf Pomul este de vigoare mijlocie spre mare, cu ramuri de schelet solide, garnisite cu ramuri fructifere scurte (buchete), mijlocii \u015fi lungi; tolerant la PPV; rezistent la Polystigma rubrum \u015fi Monilia sp.; rezistent la ger, \u00eenghe\u0163uri t\u00e2rzii de prim\u0103var\u0103 \u015fi secet\u0103. \u25cf epoca  [&#8230;]<\/p>\n","protected":false},"author":1,"featured_media":11812,"parent":11780,"menu_order":37,"comment_status":"closed","ping_status":"closed","template":"","meta":{"ngg_post_thumbnail":0,"footnotes":""},"categories":[34],"tags":[],"class_list":["post-11973","page","type-page","status-publish","has-post-thumbnail","hentry","category-prune"],"_links":{"self":[{"href":"https:\/\/icdp.ro\/en\/wp-json\/wp\/v2\/pages\/11973","targetHints":{"allow":["GET"]}}],"collection":[{"href":"https:\/\/icdp.ro\/en\/wp-json\/wp\/v2\/pages"}],"about":[{"href":"https:\/\/icdp.ro\/en\/wp-json\/wp\/v2\/types\/page"}],"author":[{"embeddable":true,"href":"https:\/\/icdp.ro\/en\/wp-json\/wp\/v2\/users\/1"}],"replies":[{"embeddable":true,"href":"https:\/\/icdp.ro\/en\/wp-json\/wp\/v2\/comments?post=11973"}],"version-history":[{"count":1,"href":"https:\/\/icdp.ro\/en\/wp-json\/wp\/v2\/pages\/11973\/revisions"}],"predecessor-version":[{"id":11974,"href":"https:\/\/icdp.ro\/en\/wp-json\/wp\/v2\/pages\/11973\/revisions\/11974"}],"up":[{"embeddable":true,"href":"https:\/\/icdp.ro\/en\/wp-json\/wp\/v2\/pages\/11780"}],"wp:featuredmedia":[{"embeddable":true,"href":"https:\/\/icdp.ro\/en\/wp-json\/wp\/v2\/media\/11812"}],"wp:attachment":[{"href":"https:\/\/icdp.ro\/en\/wp-json\/wp\/v2\/media?parent=11973"}],"wp:term":[{"taxonomy":"category","embeddable":true,"href":"https:\/\/icdp.ro\/en\/wp-json\/wp\/v2\/categories?post=11973"},{"taxonomy":"post_tag","embeddable":true,"href":"https:\/\/icdp.ro\/en\/wp-json\/wp\/v2\/tags?post=11973"}],"curies":[{"name":"wp","href":"https:\/\/api.w.org\/{rel}","templated":true}]}}