{"id":11971,"date":"2019-02-26T16:39:28","date_gmt":"2019-02-26T14:39:28","guid":{"rendered":"http:\/\/icdp.ro\/?page_id=11971"},"modified":"2019-02-26T16:39:28","modified_gmt":"2019-02-26T14:39:28","slug":"minerva","status":"publish","type":"page","link":"https:\/\/icdp.ro\/en\/cercetare\/genetica-si-ameliorare\/genetica\/minerva\/","title":{"rendered":"MINERVA"},"content":{"rendered":"<p><a href=\"http:\/\/icdp.ro\/wp-content\/uploads\/2019\/02\/Minerva.jpg\"><img decoding=\"async\" class=\"alignright size-400 wp-image-11820\" src=\"http:\/\/icdp.ro\/wp-content\/uploads\/2019\/02\/Minerva-400x378.jpg\" alt=\"\" width=\"400\" height=\"378\" srcset=\"https:\/\/icdp.ro\/wp-content\/uploads\/2019\/02\/Minerva-200x189.jpg 200w, https:\/\/icdp.ro\/wp-content\/uploads\/2019\/02\/Minerva-300x283.jpg 300w, https:\/\/icdp.ro\/wp-content\/uploads\/2019\/02\/Minerva-400x378.jpg 400w, https:\/\/icdp.ro\/wp-content\/uploads\/2019\/02\/Minerva-600x566.jpg 600w, https:\/\/icdp.ro\/wp-content\/uploads\/2019\/02\/Minerva.jpg 626w\" sizes=\"(max-width: 400px) 100vw, 400px\" \/><\/a>Year of registration: 1984.<br \/>\nAuthors: V. Cociu, E. Bumbac, R. Roman, N. Minoiu.<br \/>\nParents: Tuleu timpuriu x Early Rivers.<br \/>\n\u25cf Tree has a low to medium vigour, fructification on the short and medium branches; slightly sensitive to Plum Pox Virus and Monilia sp.<br \/>\n\u25cf Blooming season is medium, male sterile (without pollen, with light yellow anthers). Pollinators: d\u2019Agen, Stanley, Early Rivers, Renclod Althan, Silvia, Gras ameliorat, Anna Spath.<br \/>\n\u25cf Fruit is medium (40 g), ovoid shaped, blue skin, yellow flesh, very good taste, for fresh consumption, free stone.<br \/>\n\u25cf Ripening season: second decade of August.<\/p>","protected":false},"excerpt":{"rendered":"<p>Anul omolog\u0103rii: 1984. Autori: V. Cociu, E. Bumbac, R. Roman, N. Minoiu. Origine: Tuleu timpuriu x Early Rivers. \u25cf Pomul este de vigoare mic\u0103 spre mijlocie, cu ramuri de schelet relativ groase, bine garnisite cu buchete de mai \u015fi ramuri mixte; rezistent la Polystigma rubrum, u\u015for sensibil la Monilinia laxa \u015fi Plum Pox Virus; rezist\u0103  [&#8230;]<\/p>\n","protected":false},"author":1,"featured_media":11820,"parent":11780,"menu_order":36,"comment_status":"closed","ping_status":"closed","template":"","meta":{"ngg_post_thumbnail":0,"footnotes":""},"categories":[34],"tags":[],"class_list":["post-11971","page","type-page","status-publish","has-post-thumbnail","hentry","category-prune"],"_links":{"self":[{"href":"https:\/\/icdp.ro\/en\/wp-json\/wp\/v2\/pages\/11971","targetHints":{"allow":["GET"]}}],"collection":[{"href":"https:\/\/icdp.ro\/en\/wp-json\/wp\/v2\/pages"}],"about":[{"href":"https:\/\/icdp.ro\/en\/wp-json\/wp\/v2\/types\/page"}],"author":[{"embeddable":true,"href":"https:\/\/icdp.ro\/en\/wp-json\/wp\/v2\/users\/1"}],"replies":[{"embeddable":true,"href":"https:\/\/icdp.ro\/en\/wp-json\/wp\/v2\/comments?post=11971"}],"version-history":[{"count":1,"href":"https:\/\/icdp.ro\/en\/wp-json\/wp\/v2\/pages\/11971\/revisions"}],"predecessor-version":[{"id":11972,"href":"https:\/\/icdp.ro\/en\/wp-json\/wp\/v2\/pages\/11971\/revisions\/11972"}],"up":[{"embeddable":true,"href":"https:\/\/icdp.ro\/en\/wp-json\/wp\/v2\/pages\/11780"}],"wp:featuredmedia":[{"embeddable":true,"href":"https:\/\/icdp.ro\/en\/wp-json\/wp\/v2\/media\/11820"}],"wp:attachment":[{"href":"https:\/\/icdp.ro\/en\/wp-json\/wp\/v2\/media?parent=11971"}],"wp:term":[{"taxonomy":"category","embeddable":true,"href":"https:\/\/icdp.ro\/en\/wp-json\/wp\/v2\/categories?post=11971"},{"taxonomy":"post_tag","embeddable":true,"href":"https:\/\/icdp.ro\/en\/wp-json\/wp\/v2\/tags?post=11971"}],"curies":[{"name":"wp","href":"https:\/\/api.w.org\/{rel}","templated":true}]}}