{"id":11969,"date":"2019-02-26T16:38:26","date_gmt":"2019-02-26T14:38:26","guid":{"rendered":"http:\/\/icdp.ro\/?page_id=11969"},"modified":"2019-02-26T16:38:26","modified_gmt":"2019-02-26T14:38:26","slug":"diana","status":"publish","type":"page","link":"https:\/\/icdp.ro\/en\/cercetare\/genetica-si-ameliorare\/genetica\/diana\/","title":{"rendered":"DIANA"},"content":{"rendered":"<p><a href=\"http:\/\/icdp.ro\/wp-content\/uploads\/2019\/02\/Diana.jpg\"><img decoding=\"async\" class=\"alignright size-400 wp-image-11807\" src=\"http:\/\/icdp.ro\/wp-content\/uploads\/2019\/02\/Diana-400x378.jpg\" alt=\"\" width=\"400\" height=\"378\" srcset=\"https:\/\/icdp.ro\/wp-content\/uploads\/2019\/02\/Diana-200x189.jpg 200w, https:\/\/icdp.ro\/wp-content\/uploads\/2019\/02\/Diana-300x283.jpg 300w, https:\/\/icdp.ro\/wp-content\/uploads\/2019\/02\/Diana-400x378.jpg 400w, https:\/\/icdp.ro\/wp-content\/uploads\/2019\/02\/Diana-600x566.jpg 600w, https:\/\/icdp.ro\/wp-content\/uploads\/2019\/02\/Diana.jpg 626w\" sizes=\"(max-width: 400px) 100vw, 400px\" \/><\/a>Year of registration: 1981.<br \/>\nAuthor: V. Cociu.<br \/>\nParents: Renclod Althan x Early Rivers.<br \/>\n\u25cf Tree has a medium vigour, fructification on medium and long branches; sensitive to Plum Pox Virus.<br \/>\n\u25cf Blooming season is medium, self fertile.<br \/>\n\u25cf Fruit is large (60 g), spherical shaped, light blue skin, yellow flesh, good taste, for fresh consumption, free stone.<br \/>\n\u25cf Ripening season: second decade of July.<\/p>","protected":false},"excerpt":{"rendered":"<p>Anul omolog\u0103rii: 1981. Autori: V. Cociu. Origine: Renclod Althan x Early Rivers. \u25cf Pomul este de vigoare mijlocie, cu cre\u015ftere globuloas\u0103, ramuri de schelet relativ sub\u0163iri, bine garnisite cu forma\u0163iuni fructifere mijlocii \u015fi lungi; sensibil la Plum Pox Virus, rezistent la Monilia; rezistent la ger \u015fi \u00eenghe\u0163uri t\u00e2rzii de prim\u0103var\u0103. \u25cf Epoca de \u00eenflorire\u00a0 mijlocie,  [&#8230;]<\/p>\n","protected":false},"author":1,"featured_media":11807,"parent":11780,"menu_order":35,"comment_status":"closed","ping_status":"closed","template":"","meta":{"ngg_post_thumbnail":0,"footnotes":""},"categories":[34],"tags":[],"class_list":["post-11969","page","type-page","status-publish","has-post-thumbnail","hentry","category-prune"],"_links":{"self":[{"href":"https:\/\/icdp.ro\/en\/wp-json\/wp\/v2\/pages\/11969","targetHints":{"allow":["GET"]}}],"collection":[{"href":"https:\/\/icdp.ro\/en\/wp-json\/wp\/v2\/pages"}],"about":[{"href":"https:\/\/icdp.ro\/en\/wp-json\/wp\/v2\/types\/page"}],"author":[{"embeddable":true,"href":"https:\/\/icdp.ro\/en\/wp-json\/wp\/v2\/users\/1"}],"replies":[{"embeddable":true,"href":"https:\/\/icdp.ro\/en\/wp-json\/wp\/v2\/comments?post=11969"}],"version-history":[{"count":1,"href":"https:\/\/icdp.ro\/en\/wp-json\/wp\/v2\/pages\/11969\/revisions"}],"predecessor-version":[{"id":11970,"href":"https:\/\/icdp.ro\/en\/wp-json\/wp\/v2\/pages\/11969\/revisions\/11970"}],"up":[{"embeddable":true,"href":"https:\/\/icdp.ro\/en\/wp-json\/wp\/v2\/pages\/11780"}],"wp:featuredmedia":[{"embeddable":true,"href":"https:\/\/icdp.ro\/en\/wp-json\/wp\/v2\/media\/11807"}],"wp:attachment":[{"href":"https:\/\/icdp.ro\/en\/wp-json\/wp\/v2\/media?parent=11969"}],"wp:term":[{"taxonomy":"category","embeddable":true,"href":"https:\/\/icdp.ro\/en\/wp-json\/wp\/v2\/categories?post=11969"},{"taxonomy":"post_tag","embeddable":true,"href":"https:\/\/icdp.ro\/en\/wp-json\/wp\/v2\/tags?post=11969"}],"curies":[{"name":"wp","href":"https:\/\/api.w.org\/{rel}","templated":true}]}}