{"id":11967,"date":"2019-02-26T16:37:41","date_gmt":"2019-02-26T14:37:41","guid":{"rendered":"http:\/\/icdp.ro\/?page_id=11967"},"modified":"2019-02-26T16:37:41","modified_gmt":"2019-02-26T14:37:41","slug":"dambovita","status":"publish","type":"page","link":"https:\/\/icdp.ro\/en\/cercetare\/genetica-si-ameliorare\/genetica\/dambovita\/","title":{"rendered":"DAMBOVITA"},"content":{"rendered":"<p><a href=\"http:\/\/icdp.ro\/wp-content\/uploads\/2019\/02\/Dambovita.jpg\"><img decoding=\"async\" class=\"alignright size-400 wp-image-11804\" src=\"http:\/\/icdp.ro\/wp-content\/uploads\/2019\/02\/Dambovita-400x378.jpg\" alt=\"\" width=\"400\" height=\"378\" srcset=\"https:\/\/icdp.ro\/wp-content\/uploads\/2019\/02\/Dambovita-200x189.jpg 200w, https:\/\/icdp.ro\/wp-content\/uploads\/2019\/02\/Dambovita-300x283.jpg 300w, https:\/\/icdp.ro\/wp-content\/uploads\/2019\/02\/Dambovita-400x378.jpg 400w, https:\/\/icdp.ro\/wp-content\/uploads\/2019\/02\/Dambovita-600x566.jpg 600w, https:\/\/icdp.ro\/wp-content\/uploads\/2019\/02\/Dambovita.jpg 626w\" sizes=\"(max-width: 400px) 100vw, 400px\" \/><\/a>Year of registration: 1981.<br \/>\nAuthors: V. Cociu and R. Roman.<br \/>\nParents: Tuleu gras x Anna Spath.<br \/>\n\u25cf Tree has a medium to large vigour, fructification on the short and medium branches; slightly sensitive to Plum Pox Virus and resistant to Monilia sp.<br \/>\n\u25cf Blooming season is early, male sterile (without pollen, with light yellow anthers). Pollinators: Early Rivers, Silvia, Stanley, Gras ameliorat.<br \/>\n\u25cf Fruit is large (50 g), ovoid shaped, blue skin, yellow flesh, good taste, for fresh consumption and also for processing, free stone.<br \/>\n\u25cf Ripening season: second decade of August.<\/p>","protected":false},"excerpt":{"rendered":"<p>Anul omolog\u0103rii: 1981. Autori: V. Cociu, R. Roman. Origine: Tuleu gras x Anna Spath. \u25cf Pomul este de vigoare supramijlocie spre mare, cu ramuri de schelet solide, garnisite cu forma\u0163iuni fructifere scurte \u015fi mijlocii; u\u015for sensibil\u00a0 la PPV, rezistent la Monilia sp. \u25cf Epoca de \u00eenflorire relativ timpurie, androsteril, prezint\u0103 flori de tip Tuleu, cu  [&#8230;]<\/p>\n","protected":false},"author":1,"featured_media":11804,"parent":11780,"menu_order":34,"comment_status":"closed","ping_status":"closed","template":"","meta":{"ngg_post_thumbnail":0,"footnotes":""},"categories":[34],"tags":[],"class_list":["post-11967","page","type-page","status-publish","has-post-thumbnail","hentry","category-prune"],"_links":{"self":[{"href":"https:\/\/icdp.ro\/en\/wp-json\/wp\/v2\/pages\/11967","targetHints":{"allow":["GET"]}}],"collection":[{"href":"https:\/\/icdp.ro\/en\/wp-json\/wp\/v2\/pages"}],"about":[{"href":"https:\/\/icdp.ro\/en\/wp-json\/wp\/v2\/types\/page"}],"author":[{"embeddable":true,"href":"https:\/\/icdp.ro\/en\/wp-json\/wp\/v2\/users\/1"}],"replies":[{"embeddable":true,"href":"https:\/\/icdp.ro\/en\/wp-json\/wp\/v2\/comments?post=11967"}],"version-history":[{"count":1,"href":"https:\/\/icdp.ro\/en\/wp-json\/wp\/v2\/pages\/11967\/revisions"}],"predecessor-version":[{"id":11968,"href":"https:\/\/icdp.ro\/en\/wp-json\/wp\/v2\/pages\/11967\/revisions\/11968"}],"up":[{"embeddable":true,"href":"https:\/\/icdp.ro\/en\/wp-json\/wp\/v2\/pages\/11780"}],"wp:featuredmedia":[{"embeddable":true,"href":"https:\/\/icdp.ro\/en\/wp-json\/wp\/v2\/media\/11804"}],"wp:attachment":[{"href":"https:\/\/icdp.ro\/en\/wp-json\/wp\/v2\/media?parent=11967"}],"wp:term":[{"taxonomy":"category","embeddable":true,"href":"https:\/\/icdp.ro\/en\/wp-json\/wp\/v2\/categories?post=11967"},{"taxonomy":"post_tag","embeddable":true,"href":"https:\/\/icdp.ro\/en\/wp-json\/wp\/v2\/tags?post=11967"}],"curies":[{"name":"wp","href":"https:\/\/api.w.org\/{rel}","templated":true}]}}