{"id":11965,"date":"2019-02-26T16:37:03","date_gmt":"2019-02-26T14:37:03","guid":{"rendered":"http:\/\/icdp.ro\/?page_id=11965"},"modified":"2019-02-26T16:37:03","modified_gmt":"2019-02-26T14:37:03","slug":"carpatin","status":"publish","type":"page","link":"https:\/\/icdp.ro\/en\/cercetare\/genetica-si-ameliorare\/genetica\/carpatin\/","title":{"rendered":"CARPATIN"},"content":{"rendered":"<p><a href=\"http:\/\/icdp.ro\/wp-content\/uploads\/2019\/02\/Carpatin.jpg\"><img decoding=\"async\" class=\"alignright size-400 wp-image-11790\" src=\"http:\/\/icdp.ro\/wp-content\/uploads\/2019\/02\/Carpatin-400x378.jpg\" alt=\"\" width=\"400\" height=\"378\" srcset=\"https:\/\/icdp.ro\/wp-content\/uploads\/2019\/02\/Carpatin-200x189.jpg 200w, https:\/\/icdp.ro\/wp-content\/uploads\/2019\/02\/Carpatin-300x283.jpg 300w, https:\/\/icdp.ro\/wp-content\/uploads\/2019\/02\/Carpatin-400x378.jpg 400w, https:\/\/icdp.ro\/wp-content\/uploads\/2019\/02\/Carpatin-600x566.jpg 600w, https:\/\/icdp.ro\/wp-content\/uploads\/2019\/02\/Carpatin.jpg 626w\" sizes=\"(max-width: 400px) 100vw, 400px\" \/><\/a>Year of registration: 1981.<br \/>\nAuthors: V. Cociu and R. Roman.<br \/>\nParents: Tuleu gras x Early Rivers.<br \/>\n\u25cf Tree has a medium to low vigour, fructification on the short, medium and long branches; tolerant to Plum Pox Virus and slightly sensitive to Monilia sp.<br \/>\n\u25cf Blooming season is medium, male sterile (without pollen, with light yellow anthers). Pollinators: d\u2019Agen, Stanley, Early Rivers, Renclod Althan, Silvia, Gras ameliorat, Anna Spath.<br \/>\n\u25cf Fruit is large (50 g), ovoid shaped, blue skin, yellow flesh, very good taste, for fresh consumption, free stone.<br \/>\n\u25cf Ripening season: first decade of August.<\/p>","protected":false},"excerpt":{"rendered":"<p>Anul omolog\u0103rii: 1981. Autori: V. Cociu, R. Roman. Origine: Tuleu gras x Early Rivers. \u25cf Pomul este de vigoare mijlocie\u00a0 &#8211; mic\u0103 (se preteaz\u0103 la densitate mare), ramurile de schelet sunt garnisite cu forma\u0163iuni fructifere scurte, mijlocii \u015fi lungi, \u00een propor\u0163ie egal\u0103;\u00a0 tolerant la PPV, u\u015for sensibil la Monilia sp. \u25cf Epoca de \u00eenflorire\u00a0 mijlocie,  [&#8230;]<\/p>\n","protected":false},"author":1,"featured_media":11790,"parent":11780,"menu_order":33,"comment_status":"closed","ping_status":"closed","template":"","meta":{"ngg_post_thumbnail":0,"footnotes":""},"categories":[34],"tags":[],"class_list":["post-11965","page","type-page","status-publish","has-post-thumbnail","hentry","category-prune"],"_links":{"self":[{"href":"https:\/\/icdp.ro\/en\/wp-json\/wp\/v2\/pages\/11965","targetHints":{"allow":["GET"]}}],"collection":[{"href":"https:\/\/icdp.ro\/en\/wp-json\/wp\/v2\/pages"}],"about":[{"href":"https:\/\/icdp.ro\/en\/wp-json\/wp\/v2\/types\/page"}],"author":[{"embeddable":true,"href":"https:\/\/icdp.ro\/en\/wp-json\/wp\/v2\/users\/1"}],"replies":[{"embeddable":true,"href":"https:\/\/icdp.ro\/en\/wp-json\/wp\/v2\/comments?post=11965"}],"version-history":[{"count":1,"href":"https:\/\/icdp.ro\/en\/wp-json\/wp\/v2\/pages\/11965\/revisions"}],"predecessor-version":[{"id":11966,"href":"https:\/\/icdp.ro\/en\/wp-json\/wp\/v2\/pages\/11965\/revisions\/11966"}],"up":[{"embeddable":true,"href":"https:\/\/icdp.ro\/en\/wp-json\/wp\/v2\/pages\/11780"}],"wp:featuredmedia":[{"embeddable":true,"href":"https:\/\/icdp.ro\/en\/wp-json\/wp\/v2\/media\/11790"}],"wp:attachment":[{"href":"https:\/\/icdp.ro\/en\/wp-json\/wp\/v2\/media?parent=11965"}],"wp:term":[{"taxonomy":"category","embeddable":true,"href":"https:\/\/icdp.ro\/en\/wp-json\/wp\/v2\/categories?post=11965"},{"taxonomy":"post_tag","embeddable":true,"href":"https:\/\/icdp.ro\/en\/wp-json\/wp\/v2\/tags?post=11965"}],"curies":[{"name":"wp","href":"https:\/\/api.w.org\/{rel}","templated":true}]}}