{"id":11963,"date":"2019-02-26T16:36:28","date_gmt":"2019-02-26T14:36:28","guid":{"rendered":"http:\/\/icdp.ro\/?page_id=11963"},"modified":"2019-02-26T16:36:28","modified_gmt":"2019-02-26T14:36:28","slug":"pitestean","status":"publish","type":"page","link":"https:\/\/icdp.ro\/en\/cercetare\/genetica-si-ameliorare\/genetica\/pitestean\/","title":{"rendered":"PITESTEAN"},"content":{"rendered":"<p><a href=\"http:\/\/icdp.ro\/wp-content\/uploads\/2019\/02\/Pitestean.jpg\"><img decoding=\"async\" class=\"alignright size-400 wp-image-11829\" src=\"http:\/\/icdp.ro\/wp-content\/uploads\/2019\/02\/Pitestean-400x378.jpg\" alt=\"\" width=\"400\" height=\"378\" srcset=\"https:\/\/icdp.ro\/wp-content\/uploads\/2019\/02\/Pitestean-200x189.jpg 200w, https:\/\/icdp.ro\/wp-content\/uploads\/2019\/02\/Pitestean-300x283.jpg 300w, https:\/\/icdp.ro\/wp-content\/uploads\/2019\/02\/Pitestean-400x378.jpg 400w, https:\/\/icdp.ro\/wp-content\/uploads\/2019\/02\/Pitestean-600x566.jpg 600w, https:\/\/icdp.ro\/wp-content\/uploads\/2019\/02\/Pitestean.jpg 626w\" sizes=\"(max-width: 400px) 100vw, 400px\" \/><\/a>Year of registration: 1981.<br \/>\nAuthors: V. Cociu and R. Roman.<br \/>\nParents: Tuleu timpuriu x Early Rivers.<br \/>\n\u25cf Tree has a medium vigour, fructification on the short and medium branches; slightly sensitive to Plum Pox Virus and Monilia sp.<br \/>\n\u25cf Blooming season is medium, male sterile (without pollen, with light yellow anthers). Pollinators: Early Rivers, Peche, Renclod Althan, Silvia and Stanley.<br \/>\n\u25cf Fruit is medium (45 g), ovoid shaped, blue skin, yellow flesh, good taste, for fresh consumption, free stone.<br \/>\n\u25cf Ripening season: second decade of August.<\/p>","protected":false},"excerpt":{"rendered":"<p>Anul omolog\u0103rii: 1981. Autori: V. Cociu, R. Roman. Origine: Tuleu timpuriu x Early Rivers. \u25cf Pomul este de vigoare mijlocie, cu coroana conic\u0103, ramuri de schelet potrivit de groase, bine garnisite cu buchete de mai \u015fi ramuri mijlocii; rezistent la Polystigma rubrum, u\u015for sensibil la Monilinia laxa \u015fi Plum Pox Virus. \u25cf Epoca de \u00eenflorire\u00a0  [&#8230;]<\/p>\n","protected":false},"author":1,"featured_media":11829,"parent":11780,"menu_order":32,"comment_status":"closed","ping_status":"closed","template":"","meta":{"ngg_post_thumbnail":0,"footnotes":""},"categories":[34],"tags":[],"class_list":["post-11963","page","type-page","status-publish","has-post-thumbnail","hentry","category-prune"],"_links":{"self":[{"href":"https:\/\/icdp.ro\/en\/wp-json\/wp\/v2\/pages\/11963","targetHints":{"allow":["GET"]}}],"collection":[{"href":"https:\/\/icdp.ro\/en\/wp-json\/wp\/v2\/pages"}],"about":[{"href":"https:\/\/icdp.ro\/en\/wp-json\/wp\/v2\/types\/page"}],"author":[{"embeddable":true,"href":"https:\/\/icdp.ro\/en\/wp-json\/wp\/v2\/users\/1"}],"replies":[{"embeddable":true,"href":"https:\/\/icdp.ro\/en\/wp-json\/wp\/v2\/comments?post=11963"}],"version-history":[{"count":1,"href":"https:\/\/icdp.ro\/en\/wp-json\/wp\/v2\/pages\/11963\/revisions"}],"predecessor-version":[{"id":11964,"href":"https:\/\/icdp.ro\/en\/wp-json\/wp\/v2\/pages\/11963\/revisions\/11964"}],"up":[{"embeddable":true,"href":"https:\/\/icdp.ro\/en\/wp-json\/wp\/v2\/pages\/11780"}],"wp:featuredmedia":[{"embeddable":true,"href":"https:\/\/icdp.ro\/en\/wp-json\/wp\/v2\/media\/11829"}],"wp:attachment":[{"href":"https:\/\/icdp.ro\/en\/wp-json\/wp\/v2\/media?parent=11963"}],"wp:term":[{"taxonomy":"category","embeddable":true,"href":"https:\/\/icdp.ro\/en\/wp-json\/wp\/v2\/categories?post=11963"},{"taxonomy":"post_tag","embeddable":true,"href":"https:\/\/icdp.ro\/en\/wp-json\/wp\/v2\/tags?post=11963"}],"curies":[{"name":"wp","href":"https:\/\/api.w.org\/{rel}","templated":true}]}}