{"id":11959,"date":"2019-02-26T16:35:14","date_gmt":"2019-02-26T14:35:14","guid":{"rendered":"http:\/\/icdp.ro\/?page_id=11959"},"modified":"2019-02-26T16:35:14","modified_gmt":"2019-02-26T14:35:14","slug":"pescarus","status":"publish","type":"page","link":"https:\/\/icdp.ro\/en\/cercetare\/genetica-si-ameliorare\/genetica\/pescarus\/","title":{"rendered":"PESCARUS"},"content":{"rendered":"<p><a href=\"http:\/\/icdp.ro\/wp-content\/uploads\/2019\/02\/Pescarus.jpg\"><img decoding=\"async\" class=\"alignright size-400 wp-image-11828\" src=\"http:\/\/icdp.ro\/wp-content\/uploads\/2019\/02\/Pescarus-400x378.jpg\" alt=\"\" width=\"400\" height=\"378\" srcset=\"https:\/\/icdp.ro\/wp-content\/uploads\/2019\/02\/Pescarus-200x189.jpg 200w, https:\/\/icdp.ro\/wp-content\/uploads\/2019\/02\/Pescarus-300x283.jpg 300w, https:\/\/icdp.ro\/wp-content\/uploads\/2019\/02\/Pescarus-400x378.jpg 400w, https:\/\/icdp.ro\/wp-content\/uploads\/2019\/02\/Pescarus-600x566.jpg 600w, https:\/\/icdp.ro\/wp-content\/uploads\/2019\/02\/Pescarus.jpg 626w\" sizes=\"(max-width: 400px) 100vw, 400px\" \/><\/a>Year of registration: 1979.<br \/>\nAuthors: V. Cociu and R. Roman.<br \/>\nParents: Renclod Althan x Wilhelmina Spath.<br \/>\n\u25cf Tree has a medium vigour, spur fructification; sensitive to Plum Pox Virus.<br \/>\n\u25cf Blooming season is medium, sterile. Pollinators: Renclod Althan, Silvia, Stanley.<br \/>\n\u25cf Fruit is medium (45 g), ovoid shaped, blue skin, yellow - green flesh, good taste, for fresh consumption, free stone.<br \/>\n\u25cf Ripening season: first decade of August.<\/p>","protected":false},"excerpt":{"rendered":"<p>Anul omolog\u0103rii: 1979. Autori: V. Cociu, R. Roman. Origine: Renclod Althan x Wilhelmina Spath. \u25cf Pomul este semiviguros, cu ramuri de schelet solide, garnisite cu forma\u0163iuni fructifere scurte; sensibil\u00a0 la PPV; rezistent la ger \u015fi la \u00eenghe\u0163uri t\u00e2rzii de prim\u0103var\u0103. \u25cf Epoca de \u00eenflorire\u00a0 mijlocie, autosteril, prezint\u0103 flori de tip Althan, mijlocii ca m\u0103rime, cu  [&#8230;]<\/p>\n","protected":false},"author":1,"featured_media":11828,"parent":11780,"menu_order":30,"comment_status":"closed","ping_status":"closed","template":"","meta":{"ngg_post_thumbnail":0,"footnotes":""},"categories":[34],"tags":[],"class_list":["post-11959","page","type-page","status-publish","has-post-thumbnail","hentry","category-prune"],"_links":{"self":[{"href":"https:\/\/icdp.ro\/en\/wp-json\/wp\/v2\/pages\/11959","targetHints":{"allow":["GET"]}}],"collection":[{"href":"https:\/\/icdp.ro\/en\/wp-json\/wp\/v2\/pages"}],"about":[{"href":"https:\/\/icdp.ro\/en\/wp-json\/wp\/v2\/types\/page"}],"author":[{"embeddable":true,"href":"https:\/\/icdp.ro\/en\/wp-json\/wp\/v2\/users\/1"}],"replies":[{"embeddable":true,"href":"https:\/\/icdp.ro\/en\/wp-json\/wp\/v2\/comments?post=11959"}],"version-history":[{"count":1,"href":"https:\/\/icdp.ro\/en\/wp-json\/wp\/v2\/pages\/11959\/revisions"}],"predecessor-version":[{"id":11960,"href":"https:\/\/icdp.ro\/en\/wp-json\/wp\/v2\/pages\/11959\/revisions\/11960"}],"up":[{"embeddable":true,"href":"https:\/\/icdp.ro\/en\/wp-json\/wp\/v2\/pages\/11780"}],"wp:featuredmedia":[{"embeddable":true,"href":"https:\/\/icdp.ro\/en\/wp-json\/wp\/v2\/media\/11828"}],"wp:attachment":[{"href":"https:\/\/icdp.ro\/en\/wp-json\/wp\/v2\/media?parent=11959"}],"wp:term":[{"taxonomy":"category","embeddable":true,"href":"https:\/\/icdp.ro\/en\/wp-json\/wp\/v2\/categories?post=11959"},{"taxonomy":"post_tag","embeddable":true,"href":"https:\/\/icdp.ro\/en\/wp-json\/wp\/v2\/tags?post=11959"}],"curies":[{"name":"wp","href":"https:\/\/api.w.org\/{rel}","templated":true}]}}