{"id":11957,"date":"2019-02-26T16:34:39","date_gmt":"2019-02-26T14:34:39","guid":{"rendered":"http:\/\/icdp.ro\/?page_id=11957"},"modified":"2019-02-26T16:34:39","modified_gmt":"2019-02-26T14:34:39","slug":"albatros","status":"publish","type":"page","link":"https:\/\/icdp.ro\/en\/cercetare\/genetica-si-ameliorare\/genetica\/albatros\/","title":{"rendered":"ALBATROS"},"content":{"rendered":"<p><a href=\"http:\/\/icdp.ro\/wp-content\/uploads\/2019\/02\/Albatros.jpg\"><img decoding=\"async\" class=\"alignright size-400 wp-image-11784\" src=\"http:\/\/icdp.ro\/wp-content\/uploads\/2019\/02\/Albatros-400x378.jpg\" alt=\"\" width=\"400\" height=\"378\" srcset=\"https:\/\/icdp.ro\/wp-content\/uploads\/2019\/02\/Albatros-200x189.jpg 200w, https:\/\/icdp.ro\/wp-content\/uploads\/2019\/02\/Albatros-300x283.jpg 300w, https:\/\/icdp.ro\/wp-content\/uploads\/2019\/02\/Albatros-400x378.jpg 400w, https:\/\/icdp.ro\/wp-content\/uploads\/2019\/02\/Albatros-600x566.jpg 600w, https:\/\/icdp.ro\/wp-content\/uploads\/2019\/02\/Albatros.jpg 626w\" sizes=\"(max-width: 400px) 100vw, 400px\" \/><\/a>Year of registration: 1979.<br \/>\nAuthors: V. Cociu and T. Gozob.<br \/>\nParents: Tuleu gras open pollination.<br \/>\n\u25cf Tree has a large vigour, fructification on the medium and long branches; sensitive to Plum Pox Virus and Monilia sp.<br \/>\n\u25cf Blooming season is medium, male sterile (without pollen, with light yellow anthers). Pollinators: d\u2019Agen, Renclod Althan, Stanley, Gras ameliorat, Anna Spath.<br \/>\n\u25cf Fruit is medium (45 g), ovoid shaped, blue skin, green - yellow flesh, good taste, for fresh consumption, free stone.<br \/>\n\u25cf Ripening season: third decade of August.<\/p>","protected":false},"excerpt":{"rendered":"<p>Anul omolog\u0103rii: 1979. Autori: V. Cociu, T. Gozob. Origine: selec\u0163ionat din puie\u0163i proveni\u0163i din polenizarea liber\u0103 a soiului Tuleu gras. \u25cf Pomul este viguros, cu coroana conic\u0103 r\u0103sturnat\u0103, cu ramuri de schelet solide, garnisite cu forma\u0163iuni fructifere lungi \u015fi mijlocii; u\u015for sensibil\u00a0 la PPV \u015fi Monilia sp. \u25cf Epoca de \u00eenflorire mijlocie, androsteril, prezint\u0103 flori  [&#8230;]<\/p>\n","protected":false},"author":1,"featured_media":11784,"parent":11780,"menu_order":29,"comment_status":"closed","ping_status":"closed","template":"","meta":{"ngg_post_thumbnail":0,"footnotes":""},"categories":[34],"tags":[],"class_list":["post-11957","page","type-page","status-publish","has-post-thumbnail","hentry","category-prune"],"_links":{"self":[{"href":"https:\/\/icdp.ro\/en\/wp-json\/wp\/v2\/pages\/11957","targetHints":{"allow":["GET"]}}],"collection":[{"href":"https:\/\/icdp.ro\/en\/wp-json\/wp\/v2\/pages"}],"about":[{"href":"https:\/\/icdp.ro\/en\/wp-json\/wp\/v2\/types\/page"}],"author":[{"embeddable":true,"href":"https:\/\/icdp.ro\/en\/wp-json\/wp\/v2\/users\/1"}],"replies":[{"embeddable":true,"href":"https:\/\/icdp.ro\/en\/wp-json\/wp\/v2\/comments?post=11957"}],"version-history":[{"count":1,"href":"https:\/\/icdp.ro\/en\/wp-json\/wp\/v2\/pages\/11957\/revisions"}],"predecessor-version":[{"id":11958,"href":"https:\/\/icdp.ro\/en\/wp-json\/wp\/v2\/pages\/11957\/revisions\/11958"}],"up":[{"embeddable":true,"href":"https:\/\/icdp.ro\/en\/wp-json\/wp\/v2\/pages\/11780"}],"wp:featuredmedia":[{"embeddable":true,"href":"https:\/\/icdp.ro\/en\/wp-json\/wp\/v2\/media\/11784"}],"wp:attachment":[{"href":"https:\/\/icdp.ro\/en\/wp-json\/wp\/v2\/media?parent=11957"}],"wp:term":[{"taxonomy":"category","embeddable":true,"href":"https:\/\/icdp.ro\/en\/wp-json\/wp\/v2\/categories?post=11957"},{"taxonomy":"post_tag","embeddable":true,"href":"https:\/\/icdp.ro\/en\/wp-json\/wp\/v2\/tags?post=11957"}],"curies":[{"name":"wp","href":"https:\/\/api.w.org\/{rel}","templated":true}]}}