{"id":11953,"date":"2019-02-26T16:33:29","date_gmt":"2019-02-26T14:33:29","guid":{"rendered":"http:\/\/icdp.ro\/?page_id=11953"},"modified":"2019-02-26T16:33:29","modified_gmt":"2019-02-26T14:33:29","slug":"centenar","status":"publish","type":"page","link":"https:\/\/icdp.ro\/en\/cercetare\/genetica-si-ameliorare\/genetica\/centenar\/","title":{"rendered":"CENTENAR"},"content":{"rendered":"<p><a href=\"http:\/\/icdp.ro\/wp-content\/uploads\/2019\/02\/Centenar.jpg\"><img decoding=\"async\" class=\"alignright size-400 wp-image-11793\" src=\"http:\/\/icdp.ro\/wp-content\/uploads\/2019\/02\/Centenar-400x378.jpg\" alt=\"\" width=\"400\" height=\"378\" srcset=\"https:\/\/icdp.ro\/wp-content\/uploads\/2019\/02\/Centenar-200x189.jpg 200w, https:\/\/icdp.ro\/wp-content\/uploads\/2019\/02\/Centenar-300x283.jpg 300w, https:\/\/icdp.ro\/wp-content\/uploads\/2019\/02\/Centenar-400x378.jpg 400w, https:\/\/icdp.ro\/wp-content\/uploads\/2019\/02\/Centenar-600x566.jpg 600w, https:\/\/icdp.ro\/wp-content\/uploads\/2019\/02\/Centenar.jpg 626w\" sizes=\"(max-width: 400px) 100vw, 400px\" \/><\/a>Year of registration: 1978.<br \/>\nAuthors: V. Cociu and E. Bumbac.<br \/>\nParents: Tuleu gras x Early Rivers.<br \/>\n\u25cf Tree has a medium vigour, spur fructification; sensitive to Plum Pox Virus.<br \/>\n\u25cf Blooming season is early, male sterile (without pollen, with light yellow anthers). Pollinators: d\u2019Agen, Stanley, Early Rivers, Renclod Althan, Silvia, Gras ameliorat, Anna Spath.<br \/>\n\u25cf Fruit is medium (45 g), ovoid shaped, blue skin, yellow flesh, very good taste, for fresh consumption, free stone.<br \/>\n\u25cf Ripening season: first decade of August.<\/p>","protected":false},"excerpt":{"rendered":"<p>Anul omolog\u0103rii: 1978. Autori: V. Cociu, E. Bumbac. Origine: Tuleu gras x Early Rivers. \u25cf Pomul este de vigoare mijlocie sau submijlocie, cu ramuri fructifere predominante de tip spur (buchete); u\u015for sensibil la PPV, rezistent la ger \u015fi secet\u0103. \u25cf Epoca de \u00eenflorire\u00a0 relativ timpurie, androsteril, prezint\u0103 flori de tip Tuleu, cu petale mici \u015fi  [&#8230;]<\/p>\n","protected":false},"author":1,"featured_media":11793,"parent":11780,"menu_order":27,"comment_status":"closed","ping_status":"closed","template":"","meta":{"ngg_post_thumbnail":0,"footnotes":""},"categories":[34],"tags":[],"class_list":["post-11953","page","type-page","status-publish","has-post-thumbnail","hentry","category-prune"],"_links":{"self":[{"href":"https:\/\/icdp.ro\/en\/wp-json\/wp\/v2\/pages\/11953","targetHints":{"allow":["GET"]}}],"collection":[{"href":"https:\/\/icdp.ro\/en\/wp-json\/wp\/v2\/pages"}],"about":[{"href":"https:\/\/icdp.ro\/en\/wp-json\/wp\/v2\/types\/page"}],"author":[{"embeddable":true,"href":"https:\/\/icdp.ro\/en\/wp-json\/wp\/v2\/users\/1"}],"replies":[{"embeddable":true,"href":"https:\/\/icdp.ro\/en\/wp-json\/wp\/v2\/comments?post=11953"}],"version-history":[{"count":1,"href":"https:\/\/icdp.ro\/en\/wp-json\/wp\/v2\/pages\/11953\/revisions"}],"predecessor-version":[{"id":11954,"href":"https:\/\/icdp.ro\/en\/wp-json\/wp\/v2\/pages\/11953\/revisions\/11954"}],"up":[{"embeddable":true,"href":"https:\/\/icdp.ro\/en\/wp-json\/wp\/v2\/pages\/11780"}],"wp:featuredmedia":[{"embeddable":true,"href":"https:\/\/icdp.ro\/en\/wp-json\/wp\/v2\/media\/11793"}],"wp:attachment":[{"href":"https:\/\/icdp.ro\/en\/wp-json\/wp\/v2\/media?parent=11953"}],"wp:term":[{"taxonomy":"category","embeddable":true,"href":"https:\/\/icdp.ro\/en\/wp-json\/wp\/v2\/categories?post=11953"},{"taxonomy":"post_tag","embeddable":true,"href":"https:\/\/icdp.ro\/en\/wp-json\/wp\/v2\/tags?post=11953"}],"curies":[{"name":"wp","href":"https:\/\/api.w.org\/{rel}","templated":true}]}}