{"id":11951,"date":"2019-02-26T16:32:49","date_gmt":"2019-02-26T14:32:49","guid":{"rendered":"http:\/\/icdp.ro\/?page_id=11951"},"modified":"2019-02-26T16:32:49","modified_gmt":"2019-02-26T14:32:49","slug":"vinete-romanesti-300","status":"publish","type":"page","link":"https:\/\/icdp.ro\/en\/cercetare\/genetica-si-ameliorare\/genetica\/vinete-romanesti-300\/","title":{"rendered":"VINETE ROMANESTI 300"},"content":{"rendered":"<p><a href=\"http:\/\/icdp.ro\/wp-content\/uploads\/2019\/02\/Vinete-romanesti-300.jpg\"><img decoding=\"async\" class=\"alignright size-400 wp-image-11866\" src=\"http:\/\/icdp.ro\/wp-content\/uploads\/2019\/02\/Vinete-romanesti-300-400x378.jpg\" alt=\"\" width=\"400\" height=\"378\" srcset=\"https:\/\/icdp.ro\/wp-content\/uploads\/2019\/02\/Vinete-romanesti-300-200x189.jpg 200w, https:\/\/icdp.ro\/wp-content\/uploads\/2019\/02\/Vinete-romanesti-300-300x283.jpg 300w, https:\/\/icdp.ro\/wp-content\/uploads\/2019\/02\/Vinete-romanesti-300-400x378.jpg 400w, https:\/\/icdp.ro\/wp-content\/uploads\/2019\/02\/Vinete-romanesti-300-600x566.jpg 600w, https:\/\/icdp.ro\/wp-content\/uploads\/2019\/02\/Vinete-romanesti-300.jpg 626w\" sizes=\"(max-width: 400px) 100vw, 400px\" \/><\/a>Year of registration: 1970.<br \/>\nAuthors: D. Blaja, E. Vladu.<br \/>\nParents: Vinete romanesti selection.<br \/>\n\u25cf Tree has a large vigour, fructification on the medium branches; very sensitive to Plum Pox Viru.;<br \/>\n\u25cf Blooming season is late, partial fertile. Pollinators: Renclod Althan, Anna Spath, d\u2019Agen 707, Stanley, V\u00e2n\u0103t de Italia, Peche.<br \/>\n\u25cf Fruit is small (25 g), ellipsoidal shaped, dark blue skin, yellow - green flesh, sweet taste, for processing, free stone.<br \/>\n\u25cf Ripening season: mid of September.<\/p>","protected":false},"excerpt":{"rendered":"<p>Anul omolog\u0103rii: 1970. Autori: D. Blaja, E. Vladu. Origine: selec\u0163ia clonal\u0103 a\u00a0 soiului Vinete rom\u00e2ne\u015fti \u25cf Pomul este de vigoare mare, cu ramuri de schelet lungi, elastice, garnisite cu\u00a0 ramuri fructifere mijlocii; foarte sensibil la viroze. \u25cf Epoca de \u00eenflorire este t\u00e2rzie, autofertil, bun polenizator. Polenizatori: Renclod Althan, Anna Spath, Agen 707, Stanley, V\u00e2n\u0103t de  [&#8230;]<\/p>\n","protected":false},"author":1,"featured_media":11866,"parent":11780,"menu_order":26,"comment_status":"closed","ping_status":"closed","template":"","meta":{"ngg_post_thumbnail":0,"footnotes":""},"categories":[34],"tags":[],"class_list":["post-11951","page","type-page","status-publish","has-post-thumbnail","hentry","category-prune"],"_links":{"self":[{"href":"https:\/\/icdp.ro\/en\/wp-json\/wp\/v2\/pages\/11951","targetHints":{"allow":["GET"]}}],"collection":[{"href":"https:\/\/icdp.ro\/en\/wp-json\/wp\/v2\/pages"}],"about":[{"href":"https:\/\/icdp.ro\/en\/wp-json\/wp\/v2\/types\/page"}],"author":[{"embeddable":true,"href":"https:\/\/icdp.ro\/en\/wp-json\/wp\/v2\/users\/1"}],"replies":[{"embeddable":true,"href":"https:\/\/icdp.ro\/en\/wp-json\/wp\/v2\/comments?post=11951"}],"version-history":[{"count":1,"href":"https:\/\/icdp.ro\/en\/wp-json\/wp\/v2\/pages\/11951\/revisions"}],"predecessor-version":[{"id":11952,"href":"https:\/\/icdp.ro\/en\/wp-json\/wp\/v2\/pages\/11951\/revisions\/11952"}],"up":[{"embeddable":true,"href":"https:\/\/icdp.ro\/en\/wp-json\/wp\/v2\/pages\/11780"}],"wp:featuredmedia":[{"embeddable":true,"href":"https:\/\/icdp.ro\/en\/wp-json\/wp\/v2\/media\/11866"}],"wp:attachment":[{"href":"https:\/\/icdp.ro\/en\/wp-json\/wp\/v2\/media?parent=11951"}],"wp:term":[{"taxonomy":"category","embeddable":true,"href":"https:\/\/icdp.ro\/en\/wp-json\/wp\/v2\/categories?post=11951"},{"taxonomy":"post_tag","embeddable":true,"href":"https:\/\/icdp.ro\/en\/wp-json\/wp\/v2\/tags?post=11951"}],"curies":[{"name":"wp","href":"https:\/\/api.w.org\/{rel}","templated":true}]}}