{"id":11947,"date":"2019-02-26T16:30:09","date_gmt":"2019-02-26T14:30:09","guid":{"rendered":"http:\/\/icdp.ro\/?page_id=11947"},"modified":"2019-02-26T16:30:09","modified_gmt":"2019-02-26T14:30:09","slug":"superb","status":"publish","type":"page","link":"https:\/\/icdp.ro\/en\/cercetare\/genetica-si-ameliorare\/genetica\/superb\/","title":{"rendered":"SUPERB"},"content":{"rendered":"<p><a href=\"http:\/\/icdp.ro\/wp-content\/uploads\/2019\/02\/Superb.jpg\"><img decoding=\"async\" class=\"alignright size-400 wp-image-11858\" src=\"http:\/\/icdp.ro\/wp-content\/uploads\/2019\/02\/Superb-400x378.jpg\" alt=\"\" width=\"400\" height=\"378\" srcset=\"https:\/\/icdp.ro\/wp-content\/uploads\/2019\/02\/Superb-200x189.jpg 200w, https:\/\/icdp.ro\/wp-content\/uploads\/2019\/02\/Superb-300x283.jpg 300w, https:\/\/icdp.ro\/wp-content\/uploads\/2019\/02\/Superb-400x378.jpg 400w, https:\/\/icdp.ro\/wp-content\/uploads\/2019\/02\/Superb-600x566.jpg 600w, https:\/\/icdp.ro\/wp-content\/uploads\/2019\/02\/Superb.jpg 626w\" sizes=\"(max-width: 400px) 100vw, 400px\" \/><\/a>Year of registration: 1968.<br \/>\nAuthor: V. Cociu.<br \/>\nParents: Tuleu gras x Abbaye d\u2019Arton.<br \/>\n\u25cf Tree has a medium to large vigour, fructification on the medium and long branches; slightly sensitive to Plum Pox Virus.<br \/>\n\u25cf Blooming season is medium, male sterile (without pollen, with light yellow anthers). Pollinators: Anna Spath, d\u2019Agen and Grase romanesti.<br \/>\n\u25cf Fruit is medium (35 g), ovoid shaped, blue skin, yellow flesh, sweet - acid taste, for fresh consumption, free stone.<br \/>\n\u25cf Ripening season: third decade of August.<\/p>","protected":false},"excerpt":{"rendered":"<p>Anul omolog\u0103rii: 1968. Autori: V. Cociu. Origine: Tuleu gras x Abbaye d\u2019Arton. \u25cf Pomul este de vigoare mijlocie spre mare, cu ramuri de schelet viguroase, garnisite cu\u00a0 ramuri fructifere lungi, mijlocii \u015fi scurte; sensibil la viroze. \u25cf Epoca de \u00eenflorire\u00a0 mijlocie, androsteril, prezint\u0103 flori de tip Tuleu, grupate c\u00e2te dou\u0103, cu petale mici \u015fi antere  [&#8230;]<\/p>\n","protected":false},"author":1,"featured_media":11858,"parent":11780,"menu_order":24,"comment_status":"closed","ping_status":"closed","template":"","meta":{"ngg_post_thumbnail":0,"footnotes":""},"categories":[34],"tags":[],"class_list":["post-11947","page","type-page","status-publish","has-post-thumbnail","hentry","category-prune"],"_links":{"self":[{"href":"https:\/\/icdp.ro\/en\/wp-json\/wp\/v2\/pages\/11947","targetHints":{"allow":["GET"]}}],"collection":[{"href":"https:\/\/icdp.ro\/en\/wp-json\/wp\/v2\/pages"}],"about":[{"href":"https:\/\/icdp.ro\/en\/wp-json\/wp\/v2\/types\/page"}],"author":[{"embeddable":true,"href":"https:\/\/icdp.ro\/en\/wp-json\/wp\/v2\/users\/1"}],"replies":[{"embeddable":true,"href":"https:\/\/icdp.ro\/en\/wp-json\/wp\/v2\/comments?post=11947"}],"version-history":[{"count":1,"href":"https:\/\/icdp.ro\/en\/wp-json\/wp\/v2\/pages\/11947\/revisions"}],"predecessor-version":[{"id":11948,"href":"https:\/\/icdp.ro\/en\/wp-json\/wp\/v2\/pages\/11947\/revisions\/11948"}],"up":[{"embeddable":true,"href":"https:\/\/icdp.ro\/en\/wp-json\/wp\/v2\/pages\/11780"}],"wp:featuredmedia":[{"embeddable":true,"href":"https:\/\/icdp.ro\/en\/wp-json\/wp\/v2\/media\/11858"}],"wp:attachment":[{"href":"https:\/\/icdp.ro\/en\/wp-json\/wp\/v2\/media?parent=11947"}],"wp:term":[{"taxonomy":"category","embeddable":true,"href":"https:\/\/icdp.ro\/en\/wp-json\/wp\/v2\/categories?post=11947"},{"taxonomy":"post_tag","embeddable":true,"href":"https:\/\/icdp.ro\/en\/wp-json\/wp\/v2\/tags?post=11947"}],"curies":[{"name":"wp","href":"https:\/\/api.w.org\/{rel}","templated":true}]}}